{"id":24435,"date":"2020-10-15T19:49:03","date_gmt":"2020-10-15T19:49:03","guid":{"rendered":"https:\/\/missesjewellery.com\/?post_type=product&#038;p=24435"},"modified":"2022-11-29T07:28:47","modified_gmt":"2022-11-29T07:28:47","slug":"bratara-pentru-femei-cu-perle-albe-naturale-aaa-10mm","status":"publish","type":"product","link":"https:\/\/missesjewellery.com\/ro\/product\/bratara-pentru-femei-cu-perle-albe-naturale-aaa-10mm\/","title":{"rendered":"Br\u0103\u021bar\u0103 pentru femei cu perle albe naturale South Sea Shell AAA 10mm"},"content":{"rendered":"<p>Br\u0103\u021bar\u0103 pentru femei cu perle albe naturale South Sea Shell , AAA 10mm, filetate \u00een fir de m\u0103tase dublu, legate una c\u00e2te una. \u00cenchiz\u0103toare magnetic\u0103 minunat\u0103 decorat\u0103 cu safiri albi (Lab creation). \u00een t\u0103iere rotund\u0103!<\/p>\n<p>PRET OFERTA 95ron , cod WF37<\/p>\n","protected":false},"excerpt":{"rendered":"<p>Br\u0103\u021bar\u0103 pentru femei cu perle albe naturale South Sea Shell , AAA 10mm, filetate \u00een fir de m\u0103tase dublu, legate una c\u00e2te una. \u00cenchiz\u0103toare magnetic\u0103 minunat\u0103 decorat\u0103 cu safiri albi (Lab creation). \u00een t\u0103iere rotund\u0103!<\/p>\n<p>PRET OFERTA 95ron , cod WF37<\/p>\n","protected":false},"featured_media":43512,"comment_status":"closed","ping_status":"closed","template":"","meta":[],"product_cat":[277,272],"product_tag":[],"etheme_brands":{"errors":{"invalid_taxonomy":["Taxonomia nu este valid\u0103."]},"error_data":[]},"yoast_head":"<!-- This site is optimized with the Yoast SEO plugin v21.7 - https:\/\/yoast.com\/wordpress\/plugins\/seo\/ -->\n<title>Br\u0103\u021bar\u0103 pentru femei cu perle albe naturale South Sea Shell AAA 10mm - Misses Jewellery<\/title>\n<meta name=\"robots\" content=\"index, follow, max-snippet:-1, max-image-preview:large, max-video-preview:-1\" \/>\n<link rel=\"canonical\" href=\"https:\/\/missesjewellery.com\/ro\/produs\/bratara-pentru-femei-cu-perle-albe-naturale-aaa-10mm\/\" \/>\n<meta property=\"og:locale\" content=\"ro_RO\" \/>\n<meta property=\"og:type\" content=\"article\" \/>\n<meta property=\"og:title\" content=\"Br\u0103\u021bar\u0103 pentru femei cu perle albe naturale South Sea Shell AAA 10mm - Misses Jewellery\" \/>\n<meta property=\"og:description\" content=\"Br\u0103\u021bar\u0103 pentru femei cu perle albe naturale South Sea Shell , AAA 10mm, filetate \u00een fir de m\u0103tase dublu, legate una c\u00e2te una. \u00cenchiz\u0103toare magnetic\u0103 minunat\u0103 decorat\u0103 cu safiri albi (Lab creation). \u00een t\u0103iere rotund\u0103!  PRET OFERTA 95ron , cod WF37\" \/>\n<meta property=\"og:url\" content=\"https:\/\/missesjewellery.com\/ro\/produs\/bratara-pentru-femei-cu-perle-albe-naturale-aaa-10mm\/\" \/>\n<meta property=\"og:site_name\" content=\"Misses Jewellery\" \/>\n<meta property=\"article:modified_time\" content=\"2022-11-29T07:28:47+00:00\" \/>\n<meta property=\"og:image\" content=\"https:\/\/missesjewellery.com\/wp-content\/uploads\/2022\/11\/IMG_20201013_214354-scaled-1.jpg\" \/>\n\t<meta property=\"og:image:width\" content=\"2560\" \/>\n\t<meta property=\"og:image:height\" content=\"2320\" \/>\n\t<meta property=\"og:image:type\" content=\"image\/jpeg\" \/>\n<meta name=\"twitter:card\" content=\"summary_large_image\" \/>\n<script type=\"application\/ld+json\" class=\"yoast-schema-graph\">{\"@context\":\"https:\/\/schema.org\",\"@graph\":[{\"@type\":\"WebPage\",\"@id\":\"https:\/\/missesjewellery.com\/ro\/produs\/bratara-pentru-femei-cu-perle-albe-naturale-aaa-10mm\/\",\"url\":\"https:\/\/missesjewellery.com\/ro\/produs\/bratara-pentru-femei-cu-perle-albe-naturale-aaa-10mm\/\",\"name\":\"Br\u0103\u021bar\u0103 pentru femei cu perle albe naturale South Sea Shell AAA 10mm - Misses Jewellery\",\"isPartOf\":{\"@id\":\"https:\/\/missesjewellery.com\/#website\"},\"datePublished\":\"2020-10-15T19:49:03+00:00\",\"dateModified\":\"2022-11-29T07:28:47+00:00\",\"breadcrumb\":{\"@id\":\"https:\/\/missesjewellery.com\/ro\/produs\/bratara-pentru-femei-cu-perle-albe-naturale-aaa-10mm\/#breadcrumb\"},\"inLanguage\":\"ro-RO\",\"potentialAction\":[{\"@type\":\"ReadAction\",\"target\":[\"https:\/\/missesjewellery.com\/ro\/produs\/bratara-pentru-femei-cu-perle-albe-naturale-aaa-10mm\/\"]}]},{\"@type\":\"BreadcrumbList\",\"@id\":\"https:\/\/missesjewellery.com\/ro\/produs\/bratara-pentru-femei-cu-perle-albe-naturale-aaa-10mm\/#breadcrumb\",\"itemListElement\":[{\"@type\":\"ListItem\",\"position\":1,\"name\":\"\u0391\u03c1\u03c7\u03b9\u03ba\u03ae\",\"item\":\"https:\/\/missesjewellery.com\/\"},{\"@type\":\"ListItem\",\"position\":2,\"name\":\"Shop\",\"item\":\"https:\/\/missesjewellery.com\/shop\/\"},{\"@type\":\"ListItem\",\"position\":3,\"name\":\"Br\u0103\u021bar\u0103 pentru femei cu perle albe naturale South Sea Shell AAA 10mm\"}]},{\"@type\":\"WebSite\",\"@id\":\"https:\/\/missesjewellery.com\/#website\",\"url\":\"https:\/\/missesjewellery.com\/\",\"name\":\"Misses Jewellery\",\"description\":\"Luxury at a price you&#039;ll love\",\"publisher\":{\"@id\":\"https:\/\/missesjewellery.com\/#organization\"},\"potentialAction\":[{\"@type\":\"SearchAction\",\"target\":{\"@type\":\"EntryPoint\",\"urlTemplate\":\"https:\/\/missesjewellery.com\/?s={search_term_string}\"},\"query-input\":\"required name=search_term_string\"}],\"inLanguage\":\"ro-RO\"},{\"@type\":\"Organization\",\"@id\":\"https:\/\/missesjewellery.com\/#organization\",\"name\":\"Misses Jewellery\",\"url\":\"https:\/\/missesjewellery.com\/\",\"logo\":{\"@type\":\"ImageObject\",\"inLanguage\":\"ro-RO\",\"@id\":\"https:\/\/missesjewellery.com\/#\/schema\/logo\/image\/\",\"url\":\"https:\/\/missesjewellery.com\/wp-content\/uploads\/2022\/11\/missesjewellery-logo.png\",\"contentUrl\":\"https:\/\/missesjewellery.com\/wp-content\/uploads\/2022\/11\/missesjewellery-logo.png\",\"width\":865,\"height\":584,\"caption\":\"Misses Jewellery\"},\"image\":{\"@id\":\"https:\/\/missesjewellery.com\/#\/schema\/logo\/image\/\"}}]}<\/script>\n<!-- \/ Yoast SEO plugin. -->","yoast_head_json":{"title":"Br\u0103\u021bar\u0103 pentru femei cu perle albe naturale South Sea Shell AAA 10mm - Misses Jewellery","robots":{"index":"index","follow":"follow","max-snippet":"max-snippet:-1","max-image-preview":"max-image-preview:large","max-video-preview":"max-video-preview:-1"},"canonical":"https:\/\/missesjewellery.com\/ro\/produs\/bratara-pentru-femei-cu-perle-albe-naturale-aaa-10mm\/","og_locale":"ro_RO","og_type":"article","og_title":"Br\u0103\u021bar\u0103 pentru femei cu perle albe naturale South Sea Shell AAA 10mm - Misses Jewellery","og_description":"Br\u0103\u021bar\u0103 pentru femei cu perle albe naturale South Sea Shell , AAA 10mm, filetate \u00een fir de m\u0103tase dublu, legate una c\u00e2te una. \u00cenchiz\u0103toare magnetic\u0103 minunat\u0103 decorat\u0103 cu safiri albi (Lab creation). \u00een t\u0103iere rotund\u0103!  PRET OFERTA 95ron , cod WF37","og_url":"https:\/\/missesjewellery.com\/ro\/produs\/bratara-pentru-femei-cu-perle-albe-naturale-aaa-10mm\/","og_site_name":"Misses Jewellery","article_modified_time":"2022-11-29T07:28:47+00:00","og_image":[{"width":2560,"height":2320,"url":"https:\/\/missesjewellery.com\/wp-content\/uploads\/2022\/11\/IMG_20201013_214354-scaled-1.jpg","type":"image\/jpeg"}],"twitter_card":"summary_large_image","schema":{"@context":"https:\/\/schema.org","@graph":[{"@type":"WebPage","@id":"https:\/\/missesjewellery.com\/ro\/produs\/bratara-pentru-femei-cu-perle-albe-naturale-aaa-10mm\/","url":"https:\/\/missesjewellery.com\/ro\/produs\/bratara-pentru-femei-cu-perle-albe-naturale-aaa-10mm\/","name":"Br\u0103\u021bar\u0103 pentru femei cu perle albe naturale South Sea Shell AAA 10mm - Misses Jewellery","isPartOf":{"@id":"https:\/\/missesjewellery.com\/#website"},"datePublished":"2020-10-15T19:49:03+00:00","dateModified":"2022-11-29T07:28:47+00:00","breadcrumb":{"@id":"https:\/\/missesjewellery.com\/ro\/produs\/bratara-pentru-femei-cu-perle-albe-naturale-aaa-10mm\/#breadcrumb"},"inLanguage":"ro-RO","potentialAction":[{"@type":"ReadAction","target":["https:\/\/missesjewellery.com\/ro\/produs\/bratara-pentru-femei-cu-perle-albe-naturale-aaa-10mm\/"]}]},{"@type":"BreadcrumbList","@id":"https:\/\/missesjewellery.com\/ro\/produs\/bratara-pentru-femei-cu-perle-albe-naturale-aaa-10mm\/#breadcrumb","itemListElement":[{"@type":"ListItem","position":1,"name":"\u0391\u03c1\u03c7\u03b9\u03ba\u03ae","item":"https:\/\/missesjewellery.com\/"},{"@type":"ListItem","position":2,"name":"Shop","item":"https:\/\/missesjewellery.com\/shop\/"},{"@type":"ListItem","position":3,"name":"Br\u0103\u021bar\u0103 pentru femei cu perle albe naturale South Sea Shell AAA 10mm"}]},{"@type":"WebSite","@id":"https:\/\/missesjewellery.com\/#website","url":"https:\/\/missesjewellery.com\/","name":"Misses Jewellery","description":"Luxury at a price you&#039;ll love","publisher":{"@id":"https:\/\/missesjewellery.com\/#organization"},"potentialAction":[{"@type":"SearchAction","target":{"@type":"EntryPoint","urlTemplate":"https:\/\/missesjewellery.com\/?s={search_term_string}"},"query-input":"required name=search_term_string"}],"inLanguage":"ro-RO"},{"@type":"Organization","@id":"https:\/\/missesjewellery.com\/#organization","name":"Misses Jewellery","url":"https:\/\/missesjewellery.com\/","logo":{"@type":"ImageObject","inLanguage":"ro-RO","@id":"https:\/\/missesjewellery.com\/#\/schema\/logo\/image\/","url":"https:\/\/missesjewellery.com\/wp-content\/uploads\/2022\/11\/missesjewellery-logo.png","contentUrl":"https:\/\/missesjewellery.com\/wp-content\/uploads\/2022\/11\/missesjewellery-logo.png","width":865,"height":584,"caption":"Misses Jewellery"},"image":{"@id":"https:\/\/missesjewellery.com\/#\/schema\/logo\/image\/"}}]}},"_links":{"self":[{"href":"https:\/\/missesjewellery.com\/ro\/wp-json\/wp\/v2\/product\/24435"}],"collection":[{"href":"https:\/\/missesjewellery.com\/ro\/wp-json\/wp\/v2\/product"}],"about":[{"href":"https:\/\/missesjewellery.com\/ro\/wp-json\/wp\/v2\/types\/product"}],"replies":[{"embeddable":true,"href":"https:\/\/missesjewellery.com\/ro\/wp-json\/wp\/v2\/comments?post=24435"}],"wp:featuredmedia":[{"embeddable":true,"href":"https:\/\/missesjewellery.com\/ro\/wp-json\/wp\/v2\/media\/43512"}],"wp:attachment":[{"href":"https:\/\/missesjewellery.com\/ro\/wp-json\/wp\/v2\/media?parent=24435"}],"wp:term":[{"taxonomy":"product_cat","embeddable":true,"href":"https:\/\/missesjewellery.com\/ro\/wp-json\/wp\/v2\/product_cat?post=24435"},{"taxonomy":"product_tag","embeddable":true,"href":"https:\/\/missesjewellery.com\/ro\/wp-json\/wp\/v2\/product_tag?post=24435"}],"curies":[{"name":"wp","href":"https:\/\/api.w.org\/{rel}","templated":true}]}}