{"id":24440,"date":"2020-09-09T17:48:37","date_gmt":"2020-09-09T17:48:37","guid":{"rendered":"https:\/\/missesjewellery.com\/?post_type=product&#038;p=24440"},"modified":"2022-11-29T07:28:51","modified_gmt":"2022-11-29T07:28:51","slug":"set-minunat-pentru-aparitii-complete","status":"publish","type":"product","link":"https:\/\/missesjewellery.com\/ro\/product\/set-minunat-pentru-aparitii-complete\/","title":{"rendered":"Set minunat pentru apari\u021bii complete!"},"content":{"rendered":"<p>Set minunat pentru a completa o tinuta! Este compus dintr-un inel, colier \u0219i cercei. Decorate cu perle albe South Sea Shell 10 mm, calitate AAA. \u00cennodate \u00een nod dublu de m\u0103tase. Cerceii sunt din argint 925.<br \/>PRE\u021a SET 190ron de la 270ron Cod PER1<\/p>\n","protected":false},"excerpt":{"rendered":"<p>Set minunat pentru a completa o tinuta! Este compus dintr-un inel, colier \u0219i cercei. Decorate cu perle albe South Sea Shell 10 mm, calitate AAA. \u00cennodate \u00een nod dublu de m\u0103tase. Cerceii sunt din argint 925.<br \/>PRE\u021a SET 190ron de la 270ron Cod PER1<\/p>\n","protected":false},"featured_media":43337,"comment_status":"closed","ping_status":"closed","template":"","meta":[],"product_cat":[273,278,276,272,274],"product_tag":[],"etheme_brands":{"errors":{"invalid_taxonomy":["Taxonomia nu este valid\u0103."]},"error_data":[]},"yoast_head":"<!-- This site is optimized with the Yoast SEO plugin v21.7 - https:\/\/yoast.com\/wordpress\/plugins\/seo\/ -->\n<title>Set minunat pentru apari\u021bii complete! - Misses Jewellery<\/title>\n<meta name=\"robots\" content=\"index, follow, max-snippet:-1, max-image-preview:large, max-video-preview:-1\" \/>\n<link rel=\"canonical\" href=\"https:\/\/missesjewellery.com\/ro\/produs\/set-minunat-pentru-aparitii-complete\/\" \/>\n<meta property=\"og:locale\" content=\"ro_RO\" \/>\n<meta property=\"og:type\" content=\"article\" \/>\n<meta property=\"og:title\" content=\"Set minunat pentru apari\u021bii complete! - Misses Jewellery\" \/>\n<meta property=\"og:description\" content=\"Set minunat pentru a completa o tinuta! Este compus dintr-un inel, colier \u0219i cercei. Decorate cu perle albe South Sea Shell 10 mm, calitate AAA. \u00cennodate \u00een nod dublu de m\u0103tase. Cerceii sunt din argint 925.PRE\u021a SET 190ron de la 270ron Cod PER1\" \/>\n<meta property=\"og:url\" content=\"https:\/\/missesjewellery.com\/ro\/produs\/set-minunat-pentru-aparitii-complete\/\" \/>\n<meta property=\"og:site_name\" content=\"Misses Jewellery\" \/>\n<meta property=\"article:modified_time\" content=\"2022-11-29T07:28:51+00:00\" \/>\n<meta property=\"og:image\" content=\"https:\/\/missesjewellery.com\/wp-content\/uploads\/2022\/11\/\u03bb\u03ae\u03c8\u03b7\u03c2-9.png\" \/>\n\t<meta property=\"og:image:width\" content=\"1200\" \/>\n\t<meta property=\"og:image:height\" content=\"900\" \/>\n\t<meta property=\"og:image:type\" content=\"image\/png\" \/>\n<meta name=\"twitter:card\" content=\"summary_large_image\" \/>\n<script type=\"application\/ld+json\" class=\"yoast-schema-graph\">{\"@context\":\"https:\/\/schema.org\",\"@graph\":[{\"@type\":\"WebPage\",\"@id\":\"https:\/\/missesjewellery.com\/ro\/produs\/set-minunat-pentru-aparitii-complete\/\",\"url\":\"https:\/\/missesjewellery.com\/ro\/produs\/set-minunat-pentru-aparitii-complete\/\",\"name\":\"Set minunat pentru apari\u021bii complete! - Misses Jewellery\",\"isPartOf\":{\"@id\":\"https:\/\/missesjewellery.com\/#website\"},\"datePublished\":\"2020-09-09T17:48:37+00:00\",\"dateModified\":\"2022-11-29T07:28:51+00:00\",\"breadcrumb\":{\"@id\":\"https:\/\/missesjewellery.com\/ro\/produs\/set-minunat-pentru-aparitii-complete\/#breadcrumb\"},\"inLanguage\":\"ro-RO\",\"potentialAction\":[{\"@type\":\"ReadAction\",\"target\":[\"https:\/\/missesjewellery.com\/ro\/produs\/set-minunat-pentru-aparitii-complete\/\"]}]},{\"@type\":\"BreadcrumbList\",\"@id\":\"https:\/\/missesjewellery.com\/ro\/produs\/set-minunat-pentru-aparitii-complete\/#breadcrumb\",\"itemListElement\":[{\"@type\":\"ListItem\",\"position\":1,\"name\":\"\u0391\u03c1\u03c7\u03b9\u03ba\u03ae\",\"item\":\"https:\/\/missesjewellery.com\/\"},{\"@type\":\"ListItem\",\"position\":2,\"name\":\"Shop\",\"item\":\"https:\/\/missesjewellery.com\/shop\/\"},{\"@type\":\"ListItem\",\"position\":3,\"name\":\"Set minunat pentru apari\u021bii complete!\"}]},{\"@type\":\"WebSite\",\"@id\":\"https:\/\/missesjewellery.com\/#website\",\"url\":\"https:\/\/missesjewellery.com\/\",\"name\":\"Misses Jewellery\",\"description\":\"Luxury at a price you&#039;ll love\",\"publisher\":{\"@id\":\"https:\/\/missesjewellery.com\/#organization\"},\"potentialAction\":[{\"@type\":\"SearchAction\",\"target\":{\"@type\":\"EntryPoint\",\"urlTemplate\":\"https:\/\/missesjewellery.com\/?s={search_term_string}\"},\"query-input\":\"required name=search_term_string\"}],\"inLanguage\":\"ro-RO\"},{\"@type\":\"Organization\",\"@id\":\"https:\/\/missesjewellery.com\/#organization\",\"name\":\"Misses Jewellery\",\"url\":\"https:\/\/missesjewellery.com\/\",\"logo\":{\"@type\":\"ImageObject\",\"inLanguage\":\"ro-RO\",\"@id\":\"https:\/\/missesjewellery.com\/#\/schema\/logo\/image\/\",\"url\":\"https:\/\/missesjewellery.com\/wp-content\/uploads\/2022\/11\/missesjewellery-logo.png\",\"contentUrl\":\"https:\/\/missesjewellery.com\/wp-content\/uploads\/2022\/11\/missesjewellery-logo.png\",\"width\":865,\"height\":584,\"caption\":\"Misses Jewellery\"},\"image\":{\"@id\":\"https:\/\/missesjewellery.com\/#\/schema\/logo\/image\/\"}}]}<\/script>\n<!-- \/ Yoast SEO plugin. -->","yoast_head_json":{"title":"Set minunat pentru apari\u021bii complete! - Misses Jewellery","robots":{"index":"index","follow":"follow","max-snippet":"max-snippet:-1","max-image-preview":"max-image-preview:large","max-video-preview":"max-video-preview:-1"},"canonical":"https:\/\/missesjewellery.com\/ro\/produs\/set-minunat-pentru-aparitii-complete\/","og_locale":"ro_RO","og_type":"article","og_title":"Set minunat pentru apari\u021bii complete! - Misses Jewellery","og_description":"Set minunat pentru a completa o tinuta! Este compus dintr-un inel, colier \u0219i cercei. Decorate cu perle albe South Sea Shell 10 mm, calitate AAA. \u00cennodate \u00een nod dublu de m\u0103tase. Cerceii sunt din argint 925.PRE\u021a SET 190ron de la 270ron Cod PER1","og_url":"https:\/\/missesjewellery.com\/ro\/produs\/set-minunat-pentru-aparitii-complete\/","og_site_name":"Misses Jewellery","article_modified_time":"2022-11-29T07:28:51+00:00","og_image":[{"width":1200,"height":900,"url":"https:\/\/missesjewellery.com\/wp-content\/uploads\/2022\/11\/\u03bb\u03ae\u03c8\u03b7\u03c2-9.png","type":"image\/png"}],"twitter_card":"summary_large_image","schema":{"@context":"https:\/\/schema.org","@graph":[{"@type":"WebPage","@id":"https:\/\/missesjewellery.com\/ro\/produs\/set-minunat-pentru-aparitii-complete\/","url":"https:\/\/missesjewellery.com\/ro\/produs\/set-minunat-pentru-aparitii-complete\/","name":"Set minunat pentru apari\u021bii complete! - Misses Jewellery","isPartOf":{"@id":"https:\/\/missesjewellery.com\/#website"},"datePublished":"2020-09-09T17:48:37+00:00","dateModified":"2022-11-29T07:28:51+00:00","breadcrumb":{"@id":"https:\/\/missesjewellery.com\/ro\/produs\/set-minunat-pentru-aparitii-complete\/#breadcrumb"},"inLanguage":"ro-RO","potentialAction":[{"@type":"ReadAction","target":["https:\/\/missesjewellery.com\/ro\/produs\/set-minunat-pentru-aparitii-complete\/"]}]},{"@type":"BreadcrumbList","@id":"https:\/\/missesjewellery.com\/ro\/produs\/set-minunat-pentru-aparitii-complete\/#breadcrumb","itemListElement":[{"@type":"ListItem","position":1,"name":"\u0391\u03c1\u03c7\u03b9\u03ba\u03ae","item":"https:\/\/missesjewellery.com\/"},{"@type":"ListItem","position":2,"name":"Shop","item":"https:\/\/missesjewellery.com\/shop\/"},{"@type":"ListItem","position":3,"name":"Set minunat pentru apari\u021bii complete!"}]},{"@type":"WebSite","@id":"https:\/\/missesjewellery.com\/#website","url":"https:\/\/missesjewellery.com\/","name":"Misses Jewellery","description":"Luxury at a price you&#039;ll love","publisher":{"@id":"https:\/\/missesjewellery.com\/#organization"},"potentialAction":[{"@type":"SearchAction","target":{"@type":"EntryPoint","urlTemplate":"https:\/\/missesjewellery.com\/?s={search_term_string}"},"query-input":"required name=search_term_string"}],"inLanguage":"ro-RO"},{"@type":"Organization","@id":"https:\/\/missesjewellery.com\/#organization","name":"Misses Jewellery","url":"https:\/\/missesjewellery.com\/","logo":{"@type":"ImageObject","inLanguage":"ro-RO","@id":"https:\/\/missesjewellery.com\/#\/schema\/logo\/image\/","url":"https:\/\/missesjewellery.com\/wp-content\/uploads\/2022\/11\/missesjewellery-logo.png","contentUrl":"https:\/\/missesjewellery.com\/wp-content\/uploads\/2022\/11\/missesjewellery-logo.png","width":865,"height":584,"caption":"Misses Jewellery"},"image":{"@id":"https:\/\/missesjewellery.com\/#\/schema\/logo\/image\/"}}]}},"_links":{"self":[{"href":"https:\/\/missesjewellery.com\/ro\/wp-json\/wp\/v2\/product\/24440"}],"collection":[{"href":"https:\/\/missesjewellery.com\/ro\/wp-json\/wp\/v2\/product"}],"about":[{"href":"https:\/\/missesjewellery.com\/ro\/wp-json\/wp\/v2\/types\/product"}],"replies":[{"embeddable":true,"href":"https:\/\/missesjewellery.com\/ro\/wp-json\/wp\/v2\/comments?post=24440"}],"wp:featuredmedia":[{"embeddable":true,"href":"https:\/\/missesjewellery.com\/ro\/wp-json\/wp\/v2\/media\/43337"}],"wp:attachment":[{"href":"https:\/\/missesjewellery.com\/ro\/wp-json\/wp\/v2\/media?parent=24440"}],"wp:term":[{"taxonomy":"product_cat","embeddable":true,"href":"https:\/\/missesjewellery.com\/ro\/wp-json\/wp\/v2\/product_cat?post=24440"},{"taxonomy":"product_tag","embeddable":true,"href":"https:\/\/missesjewellery.com\/ro\/wp-json\/wp\/v2\/product_tag?post=24440"}],"curies":[{"name":"wp","href":"https:\/\/api.w.org\/{rel}","templated":true}]}}