{"id":24952,"date":"2020-09-06T16:18:44","date_gmt":"2020-09-06T16:18:44","guid":{"rendered":"https:\/\/missesjewellery.com\/?post_type=product&#038;p=24952"},"modified":"2022-11-29T07:31:36","modified_gmt":"2022-11-29T07:31:36","slug":"ceas-de-dama-fossil-de-lux","status":"publish","type":"product","link":"https:\/\/missesjewellery.com\/ro\/product\/ceas-de-dama-fossil-de-lux\/","title":{"rendered":"Ceas de dam\u0103 FOSSIL de lux"},"content":{"rendered":"<p>Ceas de lux FOSSIL cu diametru cadran de 4cm. Cu br\u0103\u021bar\u0103 \u00een dou\u0103 tonuri \u0219i cadran din o\u021bel inoxidabil, astfel \u00eenc\u00e2t s\u0103 r\u0103m\u00e2n\u0103 neschimbat \u00een timp. Cu detalii aurii, (placare cu 14k), astfel \u00eenc\u00e2t s\u0103 fie elegant\u0103 \u0219i luxoas\u0103! Impermeabil p\u00e2n\u0103 la 3 Atm (sp\u0103lare manual\u0103).<\/p>\n<p>Cod NR118 Pretul promotiei 290ron Piesa expozi\u021bional\u0103 a vitrinei, sezonul trecut, f\u0103r\u0103 ambalajul original.<\/p>\n","protected":false},"excerpt":{"rendered":"<p>Ceas de lux FOSSIL cu diametru cadran de 4cm. Cu br\u0103\u021bar\u0103 \u00een dou\u0103 tonuri \u0219i cadran din o\u021bel inoxidabil, astfel \u00eenc\u00e2t s\u0103 r\u0103m\u00e2n\u0103 neschimbat \u00een timp. Cu detalii aurii, (placare cu 14k), astfel \u00eenc\u00e2t s\u0103 fie elegant\u0103 \u0219i luxoas\u0103! Impermeabil p\u00e2n\u0103 la 3 Atm (sp\u0103lare manual\u0103).<\/p>\n<p>Cod NR118 Pretul promotiei 290ron Piesa expozi\u021bional\u0103 a vitrinei, sezonul trecut, f\u0103r\u0103 ambalajul original.<\/p>\n","protected":false},"featured_media":43316,"comment_status":"closed","ping_status":"closed","template":"","meta":[],"product_cat":[280],"product_tag":[],"etheme_brands":{"errors":{"invalid_taxonomy":["Taxonomia nu este valid\u0103."]},"error_data":[]},"yoast_head":"<!-- This site is optimized with the Yoast SEO plugin v21.7 - https:\/\/yoast.com\/wordpress\/plugins\/seo\/ -->\n<title>Ceas de dam\u0103 FOSSIL de lux - Misses Jewellery<\/title>\n<meta name=\"robots\" content=\"index, follow, max-snippet:-1, max-image-preview:large, max-video-preview:-1\" \/>\n<link rel=\"canonical\" href=\"https:\/\/missesjewellery.com\/ro\/produs\/ceas-de-dama-fossil-de-lux\/\" \/>\n<meta property=\"og:locale\" content=\"ro_RO\" \/>\n<meta property=\"og:type\" content=\"article\" \/>\n<meta property=\"og:title\" content=\"Ceas de dam\u0103 FOSSIL de lux - Misses Jewellery\" \/>\n<meta property=\"og:description\" content=\"Ceas de lux FOSSIL cu diametru cadran de 4cm. Cu br\u0103\u021bar\u0103 \u00een dou\u0103 tonuri \u0219i cadran din o\u021bel inoxidabil, astfel \u00eenc\u00e2t s\u0103 r\u0103m\u00e2n\u0103 neschimbat \u00een timp. Cu detalii aurii, (placare cu 14k), astfel \u00eenc\u00e2t s\u0103 fie elegant\u0103 \u0219i luxoas\u0103! Impermeabil p\u00e2n\u0103 la 3 Atm (sp\u0103lare manual\u0103).  Cod NR118 Pretul promotiei 290ron Piesa expozi\u021bional\u0103 a vitrinei, sezonul trecut, f\u0103r\u0103 ambalajul original.\" \/>\n<meta property=\"og:url\" content=\"https:\/\/missesjewellery.com\/ro\/produs\/ceas-de-dama-fossil-de-lux\/\" \/>\n<meta property=\"og:site_name\" content=\"Misses Jewellery\" \/>\n<meta property=\"article:modified_time\" content=\"2022-11-29T07:31:36+00:00\" \/>\n<meta property=\"og:image\" content=\"https:\/\/missesjewellery.com\/wp-content\/uploads\/2022\/11\/NR118-2.jpg\" \/>\n\t<meta property=\"og:image:width\" content=\"1200\" \/>\n\t<meta property=\"og:image:height\" content=\"1200\" \/>\n\t<meta property=\"og:image:type\" content=\"image\/jpeg\" \/>\n<meta name=\"twitter:card\" content=\"summary_large_image\" \/>\n<script type=\"application\/ld+json\" class=\"yoast-schema-graph\">{\"@context\":\"https:\/\/schema.org\",\"@graph\":[{\"@type\":\"WebPage\",\"@id\":\"https:\/\/missesjewellery.com\/ro\/produs\/ceas-de-dama-fossil-de-lux\/\",\"url\":\"https:\/\/missesjewellery.com\/ro\/produs\/ceas-de-dama-fossil-de-lux\/\",\"name\":\"Ceas de dam\u0103 FOSSIL de lux - Misses Jewellery\",\"isPartOf\":{\"@id\":\"https:\/\/missesjewellery.com\/#website\"},\"datePublished\":\"2020-09-06T16:18:44+00:00\",\"dateModified\":\"2022-11-29T07:31:36+00:00\",\"breadcrumb\":{\"@id\":\"https:\/\/missesjewellery.com\/ro\/produs\/ceas-de-dama-fossil-de-lux\/#breadcrumb\"},\"inLanguage\":\"ro-RO\",\"potentialAction\":[{\"@type\":\"ReadAction\",\"target\":[\"https:\/\/missesjewellery.com\/ro\/produs\/ceas-de-dama-fossil-de-lux\/\"]}]},{\"@type\":\"BreadcrumbList\",\"@id\":\"https:\/\/missesjewellery.com\/ro\/produs\/ceas-de-dama-fossil-de-lux\/#breadcrumb\",\"itemListElement\":[{\"@type\":\"ListItem\",\"position\":1,\"name\":\"\u0391\u03c1\u03c7\u03b9\u03ba\u03ae\",\"item\":\"https:\/\/missesjewellery.com\/\"},{\"@type\":\"ListItem\",\"position\":2,\"name\":\"Shop\",\"item\":\"https:\/\/missesjewellery.com\/shop\/\"},{\"@type\":\"ListItem\",\"position\":3,\"name\":\"Ceas de dam\u0103 FOSSIL de lux\"}]},{\"@type\":\"WebSite\",\"@id\":\"https:\/\/missesjewellery.com\/#website\",\"url\":\"https:\/\/missesjewellery.com\/\",\"name\":\"Misses Jewellery\",\"description\":\"Luxury at a price you&#039;ll love\",\"publisher\":{\"@id\":\"https:\/\/missesjewellery.com\/#organization\"},\"potentialAction\":[{\"@type\":\"SearchAction\",\"target\":{\"@type\":\"EntryPoint\",\"urlTemplate\":\"https:\/\/missesjewellery.com\/?s={search_term_string}\"},\"query-input\":\"required name=search_term_string\"}],\"inLanguage\":\"ro-RO\"},{\"@type\":\"Organization\",\"@id\":\"https:\/\/missesjewellery.com\/#organization\",\"name\":\"Misses Jewellery\",\"url\":\"https:\/\/missesjewellery.com\/\",\"logo\":{\"@type\":\"ImageObject\",\"inLanguage\":\"ro-RO\",\"@id\":\"https:\/\/missesjewellery.com\/#\/schema\/logo\/image\/\",\"url\":\"https:\/\/missesjewellery.com\/wp-content\/uploads\/2022\/11\/missesjewellery-logo.png\",\"contentUrl\":\"https:\/\/missesjewellery.com\/wp-content\/uploads\/2022\/11\/missesjewellery-logo.png\",\"width\":865,\"height\":584,\"caption\":\"Misses Jewellery\"},\"image\":{\"@id\":\"https:\/\/missesjewellery.com\/#\/schema\/logo\/image\/\"}}]}<\/script>\n<!-- \/ Yoast SEO plugin. -->","yoast_head_json":{"title":"Ceas de dam\u0103 FOSSIL de lux - Misses Jewellery","robots":{"index":"index","follow":"follow","max-snippet":"max-snippet:-1","max-image-preview":"max-image-preview:large","max-video-preview":"max-video-preview:-1"},"canonical":"https:\/\/missesjewellery.com\/ro\/produs\/ceas-de-dama-fossil-de-lux\/","og_locale":"ro_RO","og_type":"article","og_title":"Ceas de dam\u0103 FOSSIL de lux - Misses Jewellery","og_description":"Ceas de lux FOSSIL cu diametru cadran de 4cm. Cu br\u0103\u021bar\u0103 \u00een dou\u0103 tonuri \u0219i cadran din o\u021bel inoxidabil, astfel \u00eenc\u00e2t s\u0103 r\u0103m\u00e2n\u0103 neschimbat \u00een timp. Cu detalii aurii, (placare cu 14k), astfel \u00eenc\u00e2t s\u0103 fie elegant\u0103 \u0219i luxoas\u0103! Impermeabil p\u00e2n\u0103 la 3 Atm (sp\u0103lare manual\u0103).  Cod NR118 Pretul promotiei 290ron Piesa expozi\u021bional\u0103 a vitrinei, sezonul trecut, f\u0103r\u0103 ambalajul original.","og_url":"https:\/\/missesjewellery.com\/ro\/produs\/ceas-de-dama-fossil-de-lux\/","og_site_name":"Misses Jewellery","article_modified_time":"2022-11-29T07:31:36+00:00","og_image":[{"width":1200,"height":1200,"url":"https:\/\/missesjewellery.com\/wp-content\/uploads\/2022\/11\/NR118-2.jpg","type":"image\/jpeg"}],"twitter_card":"summary_large_image","schema":{"@context":"https:\/\/schema.org","@graph":[{"@type":"WebPage","@id":"https:\/\/missesjewellery.com\/ro\/produs\/ceas-de-dama-fossil-de-lux\/","url":"https:\/\/missesjewellery.com\/ro\/produs\/ceas-de-dama-fossil-de-lux\/","name":"Ceas de dam\u0103 FOSSIL de lux - Misses Jewellery","isPartOf":{"@id":"https:\/\/missesjewellery.com\/#website"},"datePublished":"2020-09-06T16:18:44+00:00","dateModified":"2022-11-29T07:31:36+00:00","breadcrumb":{"@id":"https:\/\/missesjewellery.com\/ro\/produs\/ceas-de-dama-fossil-de-lux\/#breadcrumb"},"inLanguage":"ro-RO","potentialAction":[{"@type":"ReadAction","target":["https:\/\/missesjewellery.com\/ro\/produs\/ceas-de-dama-fossil-de-lux\/"]}]},{"@type":"BreadcrumbList","@id":"https:\/\/missesjewellery.com\/ro\/produs\/ceas-de-dama-fossil-de-lux\/#breadcrumb","itemListElement":[{"@type":"ListItem","position":1,"name":"\u0391\u03c1\u03c7\u03b9\u03ba\u03ae","item":"https:\/\/missesjewellery.com\/"},{"@type":"ListItem","position":2,"name":"Shop","item":"https:\/\/missesjewellery.com\/shop\/"},{"@type":"ListItem","position":3,"name":"Ceas de dam\u0103 FOSSIL de lux"}]},{"@type":"WebSite","@id":"https:\/\/missesjewellery.com\/#website","url":"https:\/\/missesjewellery.com\/","name":"Misses Jewellery","description":"Luxury at a price you&#039;ll love","publisher":{"@id":"https:\/\/missesjewellery.com\/#organization"},"potentialAction":[{"@type":"SearchAction","target":{"@type":"EntryPoint","urlTemplate":"https:\/\/missesjewellery.com\/?s={search_term_string}"},"query-input":"required name=search_term_string"}],"inLanguage":"ro-RO"},{"@type":"Organization","@id":"https:\/\/missesjewellery.com\/#organization","name":"Misses Jewellery","url":"https:\/\/missesjewellery.com\/","logo":{"@type":"ImageObject","inLanguage":"ro-RO","@id":"https:\/\/missesjewellery.com\/#\/schema\/logo\/image\/","url":"https:\/\/missesjewellery.com\/wp-content\/uploads\/2022\/11\/missesjewellery-logo.png","contentUrl":"https:\/\/missesjewellery.com\/wp-content\/uploads\/2022\/11\/missesjewellery-logo.png","width":865,"height":584,"caption":"Misses Jewellery"},"image":{"@id":"https:\/\/missesjewellery.com\/#\/schema\/logo\/image\/"}}]}},"_links":{"self":[{"href":"https:\/\/missesjewellery.com\/ro\/wp-json\/wp\/v2\/product\/24952"}],"collection":[{"href":"https:\/\/missesjewellery.com\/ro\/wp-json\/wp\/v2\/product"}],"about":[{"href":"https:\/\/missesjewellery.com\/ro\/wp-json\/wp\/v2\/types\/product"}],"replies":[{"embeddable":true,"href":"https:\/\/missesjewellery.com\/ro\/wp-json\/wp\/v2\/comments?post=24952"}],"wp:featuredmedia":[{"embeddable":true,"href":"https:\/\/missesjewellery.com\/ro\/wp-json\/wp\/v2\/media\/43316"}],"wp:attachment":[{"href":"https:\/\/missesjewellery.com\/ro\/wp-json\/wp\/v2\/media?parent=24952"}],"wp:term":[{"taxonomy":"product_cat","embeddable":true,"href":"https:\/\/missesjewellery.com\/ro\/wp-json\/wp\/v2\/product_cat?post=24952"},{"taxonomy":"product_tag","embeddable":true,"href":"https:\/\/missesjewellery.com\/ro\/wp-json\/wp\/v2\/product_tag?post=24952"}],"curies":[{"name":"wp","href":"https:\/\/api.w.org\/{rel}","templated":true}]}}