{"id":24974,"date":"2020-07-12T13:54:11","date_gmt":"2020-07-12T13:54:11","guid":{"rendered":"https:\/\/missesjewellery.com\/?post_type=product&#038;p=24974"},"modified":"2022-11-29T07:31:49","modified_gmt":"2022-11-29T07:31:49","slug":"ceas-pentru-femei-pandora-cu-bratara-silver-auriu","status":"publish","type":"product","link":"https:\/\/missesjewellery.com\/ro\/product\/ceas-pentru-femei-pandora-cu-bratara-silver-auriu\/","title":{"rendered":"Ceas pentru femei Pandora cu br\u0103\u021bar\u0103 silver-auriu"},"content":{"rendered":"<p>Ceas de lux PANDORA pentru femei, cu br\u0103\u021bar\u0103 argintie-aurie \u00een dou\u0103 tonuri! Carcasa sa este fabricat\u0103 din o\u021bel inoxidabil \u0219i este rezistent\u0103 la ap\u0103 p\u00e2n\u0103 la 3 Atm (sp\u0103lat maini). Decorat in interior cu zirconi albi \u00eentr-o t\u0103ietur\u0103 rotund\u0103. Diametru cadran 4,2 cm !!<br \/>\nPiesa expozi\u021bional\u0103 a vitrinei,din sezonul trecut, f\u0103r\u0103 ambalajul original.<br \/>\nPre\u021b 270ron Cod NR129<\/p>\n","protected":false},"excerpt":{"rendered":"<p>Ceas de lux PANDORA pentru femei, cu br\u0103\u021bar\u0103 argintie-aurie \u00een dou\u0103 tonuri! Carcasa sa este fabricat\u0103 din o\u021bel inoxidabil \u0219i este rezistent\u0103 la ap\u0103 p\u00e2n\u0103 la 3 Atm (sp\u0103lat maini). Decorat in interior cu zirconi albi \u00eentr-o t\u0103ietur\u0103 rotund\u0103. Diametru cadran 4,2 cm !!<br \/>\nPiesa expozi\u021bional\u0103 a vitrinei,din sezonul trecut, f\u0103r\u0103 ambalajul original.<br \/>\nPre\u021b 270ron Cod NR129<\/p>\n","protected":false},"featured_media":43070,"comment_status":"closed","ping_status":"closed","template":"","meta":[],"product_cat":[280],"product_tag":[],"etheme_brands":{"errors":{"invalid_taxonomy":["Taxonomia nu este valid\u0103."]},"error_data":[]},"yoast_head":"<!-- This site is optimized with the Yoast SEO plugin v21.7 - https:\/\/yoast.com\/wordpress\/plugins\/seo\/ -->\n<title>Ceas pentru femei Pandora cu br\u0103\u021bar\u0103 silver-auriu - Misses Jewellery<\/title>\n<meta name=\"robots\" content=\"index, follow, max-snippet:-1, max-image-preview:large, max-video-preview:-1\" \/>\n<link rel=\"canonical\" href=\"https:\/\/missesjewellery.com\/ro\/produs\/ceas-pentru-femei-pandora-cu-bratara-silver-auriu\/\" \/>\n<meta property=\"og:locale\" content=\"ro_RO\" \/>\n<meta property=\"og:type\" content=\"article\" \/>\n<meta property=\"og:title\" content=\"Ceas pentru femei Pandora cu br\u0103\u021bar\u0103 silver-auriu - Misses Jewellery\" \/>\n<meta property=\"og:description\" content=\"Ceas de lux PANDORA pentru femei, cu br\u0103\u021bar\u0103 argintie-aurie \u00een dou\u0103 tonuri! Carcasa sa este fabricat\u0103 din o\u021bel inoxidabil \u0219i este rezistent\u0103 la ap\u0103 p\u00e2n\u0103 la 3 Atm (sp\u0103lat maini). Decorat in interior cu zirconi albi \u00eentr-o t\u0103ietur\u0103 rotund\u0103. Diametru cadran 4,2 cm !! Piesa expozi\u021bional\u0103 a vitrinei,din sezonul trecut, f\u0103r\u0103 ambalajul original. Pre\u021b 270ron Cod NR129\" \/>\n<meta property=\"og:url\" content=\"https:\/\/missesjewellery.com\/ro\/produs\/ceas-pentru-femei-pandora-cu-bratara-silver-auriu\/\" \/>\n<meta property=\"og:site_name\" content=\"Misses Jewellery\" \/>\n<meta property=\"article:modified_time\" content=\"2022-11-29T07:31:49+00:00\" \/>\n<meta property=\"og:image\" content=\"https:\/\/missesjewellery.com\/wp-content\/uploads\/2022\/11\/NR129-3.jpg\" \/>\n\t<meta property=\"og:image:width\" content=\"960\" \/>\n\t<meta property=\"og:image:height\" content=\"960\" \/>\n\t<meta property=\"og:image:type\" content=\"image\/jpeg\" \/>\n<meta name=\"twitter:card\" content=\"summary_large_image\" \/>\n<script type=\"application\/ld+json\" class=\"yoast-schema-graph\">{\"@context\":\"https:\/\/schema.org\",\"@graph\":[{\"@type\":\"WebPage\",\"@id\":\"https:\/\/missesjewellery.com\/ro\/produs\/ceas-pentru-femei-pandora-cu-bratara-silver-auriu\/\",\"url\":\"https:\/\/missesjewellery.com\/ro\/produs\/ceas-pentru-femei-pandora-cu-bratara-silver-auriu\/\",\"name\":\"Ceas pentru femei Pandora cu br\u0103\u021bar\u0103 silver-auriu - Misses Jewellery\",\"isPartOf\":{\"@id\":\"https:\/\/missesjewellery.com\/#website\"},\"datePublished\":\"2020-07-12T13:54:11+00:00\",\"dateModified\":\"2022-11-29T07:31:49+00:00\",\"breadcrumb\":{\"@id\":\"https:\/\/missesjewellery.com\/ro\/produs\/ceas-pentru-femei-pandora-cu-bratara-silver-auriu\/#breadcrumb\"},\"inLanguage\":\"ro-RO\",\"potentialAction\":[{\"@type\":\"ReadAction\",\"target\":[\"https:\/\/missesjewellery.com\/ro\/produs\/ceas-pentru-femei-pandora-cu-bratara-silver-auriu\/\"]}]},{\"@type\":\"BreadcrumbList\",\"@id\":\"https:\/\/missesjewellery.com\/ro\/produs\/ceas-pentru-femei-pandora-cu-bratara-silver-auriu\/#breadcrumb\",\"itemListElement\":[{\"@type\":\"ListItem\",\"position\":1,\"name\":\"\u0391\u03c1\u03c7\u03b9\u03ba\u03ae\",\"item\":\"https:\/\/missesjewellery.com\/\"},{\"@type\":\"ListItem\",\"position\":2,\"name\":\"Shop\",\"item\":\"https:\/\/missesjewellery.com\/shop\/\"},{\"@type\":\"ListItem\",\"position\":3,\"name\":\"Ceas pentru femei Pandora cu br\u0103\u021bar\u0103 silver-auriu\"}]},{\"@type\":\"WebSite\",\"@id\":\"https:\/\/missesjewellery.com\/#website\",\"url\":\"https:\/\/missesjewellery.com\/\",\"name\":\"Misses Jewellery\",\"description\":\"Luxury at a price you&#039;ll love\",\"publisher\":{\"@id\":\"https:\/\/missesjewellery.com\/#organization\"},\"potentialAction\":[{\"@type\":\"SearchAction\",\"target\":{\"@type\":\"EntryPoint\",\"urlTemplate\":\"https:\/\/missesjewellery.com\/?s={search_term_string}\"},\"query-input\":\"required name=search_term_string\"}],\"inLanguage\":\"ro-RO\"},{\"@type\":\"Organization\",\"@id\":\"https:\/\/missesjewellery.com\/#organization\",\"name\":\"Misses Jewellery\",\"url\":\"https:\/\/missesjewellery.com\/\",\"logo\":{\"@type\":\"ImageObject\",\"inLanguage\":\"ro-RO\",\"@id\":\"https:\/\/missesjewellery.com\/#\/schema\/logo\/image\/\",\"url\":\"https:\/\/missesjewellery.com\/wp-content\/uploads\/2022\/11\/missesjewellery-logo.png\",\"contentUrl\":\"https:\/\/missesjewellery.com\/wp-content\/uploads\/2022\/11\/missesjewellery-logo.png\",\"width\":865,\"height\":584,\"caption\":\"Misses Jewellery\"},\"image\":{\"@id\":\"https:\/\/missesjewellery.com\/#\/schema\/logo\/image\/\"}}]}<\/script>\n<!-- \/ Yoast SEO plugin. -->","yoast_head_json":{"title":"Ceas pentru femei Pandora cu br\u0103\u021bar\u0103 silver-auriu - Misses Jewellery","robots":{"index":"index","follow":"follow","max-snippet":"max-snippet:-1","max-image-preview":"max-image-preview:large","max-video-preview":"max-video-preview:-1"},"canonical":"https:\/\/missesjewellery.com\/ro\/produs\/ceas-pentru-femei-pandora-cu-bratara-silver-auriu\/","og_locale":"ro_RO","og_type":"article","og_title":"Ceas pentru femei Pandora cu br\u0103\u021bar\u0103 silver-auriu - Misses Jewellery","og_description":"Ceas de lux PANDORA pentru femei, cu br\u0103\u021bar\u0103 argintie-aurie \u00een dou\u0103 tonuri! Carcasa sa este fabricat\u0103 din o\u021bel inoxidabil \u0219i este rezistent\u0103 la ap\u0103 p\u00e2n\u0103 la 3 Atm (sp\u0103lat maini). Decorat in interior cu zirconi albi \u00eentr-o t\u0103ietur\u0103 rotund\u0103. Diametru cadran 4,2 cm !! Piesa expozi\u021bional\u0103 a vitrinei,din sezonul trecut, f\u0103r\u0103 ambalajul original. Pre\u021b 270ron Cod NR129","og_url":"https:\/\/missesjewellery.com\/ro\/produs\/ceas-pentru-femei-pandora-cu-bratara-silver-auriu\/","og_site_name":"Misses Jewellery","article_modified_time":"2022-11-29T07:31:49+00:00","og_image":[{"width":960,"height":960,"url":"https:\/\/missesjewellery.com\/wp-content\/uploads\/2022\/11\/NR129-3.jpg","type":"image\/jpeg"}],"twitter_card":"summary_large_image","schema":{"@context":"https:\/\/schema.org","@graph":[{"@type":"WebPage","@id":"https:\/\/missesjewellery.com\/ro\/produs\/ceas-pentru-femei-pandora-cu-bratara-silver-auriu\/","url":"https:\/\/missesjewellery.com\/ro\/produs\/ceas-pentru-femei-pandora-cu-bratara-silver-auriu\/","name":"Ceas pentru femei Pandora cu br\u0103\u021bar\u0103 silver-auriu - Misses Jewellery","isPartOf":{"@id":"https:\/\/missesjewellery.com\/#website"},"datePublished":"2020-07-12T13:54:11+00:00","dateModified":"2022-11-29T07:31:49+00:00","breadcrumb":{"@id":"https:\/\/missesjewellery.com\/ro\/produs\/ceas-pentru-femei-pandora-cu-bratara-silver-auriu\/#breadcrumb"},"inLanguage":"ro-RO","potentialAction":[{"@type":"ReadAction","target":["https:\/\/missesjewellery.com\/ro\/produs\/ceas-pentru-femei-pandora-cu-bratara-silver-auriu\/"]}]},{"@type":"BreadcrumbList","@id":"https:\/\/missesjewellery.com\/ro\/produs\/ceas-pentru-femei-pandora-cu-bratara-silver-auriu\/#breadcrumb","itemListElement":[{"@type":"ListItem","position":1,"name":"\u0391\u03c1\u03c7\u03b9\u03ba\u03ae","item":"https:\/\/missesjewellery.com\/"},{"@type":"ListItem","position":2,"name":"Shop","item":"https:\/\/missesjewellery.com\/shop\/"},{"@type":"ListItem","position":3,"name":"Ceas pentru femei Pandora cu br\u0103\u021bar\u0103 silver-auriu"}]},{"@type":"WebSite","@id":"https:\/\/missesjewellery.com\/#website","url":"https:\/\/missesjewellery.com\/","name":"Misses Jewellery","description":"Luxury at a price you&#039;ll love","publisher":{"@id":"https:\/\/missesjewellery.com\/#organization"},"potentialAction":[{"@type":"SearchAction","target":{"@type":"EntryPoint","urlTemplate":"https:\/\/missesjewellery.com\/?s={search_term_string}"},"query-input":"required name=search_term_string"}],"inLanguage":"ro-RO"},{"@type":"Organization","@id":"https:\/\/missesjewellery.com\/#organization","name":"Misses Jewellery","url":"https:\/\/missesjewellery.com\/","logo":{"@type":"ImageObject","inLanguage":"ro-RO","@id":"https:\/\/missesjewellery.com\/#\/schema\/logo\/image\/","url":"https:\/\/missesjewellery.com\/wp-content\/uploads\/2022\/11\/missesjewellery-logo.png","contentUrl":"https:\/\/missesjewellery.com\/wp-content\/uploads\/2022\/11\/missesjewellery-logo.png","width":865,"height":584,"caption":"Misses Jewellery"},"image":{"@id":"https:\/\/missesjewellery.com\/#\/schema\/logo\/image\/"}}]}},"_links":{"self":[{"href":"https:\/\/missesjewellery.com\/ro\/wp-json\/wp\/v2\/product\/24974"}],"collection":[{"href":"https:\/\/missesjewellery.com\/ro\/wp-json\/wp\/v2\/product"}],"about":[{"href":"https:\/\/missesjewellery.com\/ro\/wp-json\/wp\/v2\/types\/product"}],"replies":[{"embeddable":true,"href":"https:\/\/missesjewellery.com\/ro\/wp-json\/wp\/v2\/comments?post=24974"}],"wp:featuredmedia":[{"embeddable":true,"href":"https:\/\/missesjewellery.com\/ro\/wp-json\/wp\/v2\/media\/43070"}],"wp:attachment":[{"href":"https:\/\/missesjewellery.com\/ro\/wp-json\/wp\/v2\/media?parent=24974"}],"wp:term":[{"taxonomy":"product_cat","embeddable":true,"href":"https:\/\/missesjewellery.com\/ro\/wp-json\/wp\/v2\/product_cat?post=24974"},{"taxonomy":"product_tag","embeddable":true,"href":"https:\/\/missesjewellery.com\/ro\/wp-json\/wp\/v2\/product_tag?post=24974"}],"curies":[{"name":"wp","href":"https:\/\/api.w.org\/{rel}","templated":true}]}}