{"id":24978,"date":"2020-06-17T17:59:36","date_gmt":"2020-06-17T17:59:36","guid":{"rendered":"https:\/\/missesjewellery.com\/?post_type=product&#038;p=24978"},"modified":"2022-11-29T07:31:51","modified_gmt":"2022-11-29T07:31:51","slug":"womens-watch-analog-very-modern-2","status":"publish","type":"product","link":"https:\/\/missesjewellery.com\/ro\/product\/womens-watch-analog-very-modern-2\/","title":{"rendered":"Ceas de dam\u0103,analog,foarte modern"},"content":{"rendered":"<p>Ceas pentru femei <strong>TOUS<\/strong>, analogic, foarte modern,cu br\u0103\u021bara si cadranul de culoarea <strong>argintiu-auriu<\/strong> !!<br \/>\nPiesa de expozi\u021bie a vitrinei, din sezonul anterior, f\u0103r\u0103 ambalajul original.<br \/>\nImpermeabil p\u00e2n\u0103 la <strong>3 Atm<\/strong> (sp\u0103lat maini).<br \/>\nDiametru cadran<strong> 4 cm<\/strong>.<\/p>\n<p><strong>Pre\u021b<\/strong> 220ron<\/p>\n<p><strong>Cod<\/strong> NR124<\/p>\n","protected":false},"excerpt":{"rendered":"<p>Ceas pentru femei <strong>TOUS<\/strong>, analogic, foarte modern,cu br\u0103\u021bara si cadranul de culoarea <strong>argintiu-auriu<\/strong> !!<br \/>\nPiesa de expozi\u021bie a vitrinei, din sezonul anterior, f\u0103r\u0103 ambalajul original.<br \/>\nImpermeabil p\u00e2n\u0103 la <strong>3 Atm<\/strong> (sp\u0103lat maini).<br \/>\nDiametru cadran <strong>4 cm<\/strong>.<\/p>\n<p><strong>Pre\u021b<\/strong> 220ron<\/p>\n<p><strong>Cod<\/strong> NR124<\/p>\n","protected":false},"featured_media":42903,"comment_status":"closed","ping_status":"closed","template":"","meta":[],"product_cat":[280],"product_tag":[],"etheme_brands":{"errors":{"invalid_taxonomy":["Taxonomia nu este valid\u0103."]},"error_data":[]},"yoast_head":"<!-- This site is optimized with the Yoast SEO plugin v21.7 - https:\/\/yoast.com\/wordpress\/plugins\/seo\/ -->\n<title>Ceas de dam\u0103,analog,foarte modern - Misses Jewellery<\/title>\n<meta name=\"description\" content=\"Ceas pentru femei TOUS, analogic, foarte modern,cu br\u0103\u021bara si cadranul de culoarea argintiu-auriu !!Piesa de expozi\u021bie a vitrinei, din sezonul anterior, f\u0103r\u0103 ambalajul original.Impermeabil p\u00e2n\u0103 la 3 Atm (sp\u0103lat maini).Diametru cadran 4 cm\" \/>\n<meta name=\"robots\" content=\"index, follow, max-snippet:-1, max-image-preview:large, max-video-preview:-1\" \/>\n<link rel=\"canonical\" href=\"https:\/\/missesjewellery.com\/ro\/produs\/womens-watch-analog-very-modern-2\/\" \/>\n<meta property=\"og:locale\" content=\"ro_RO\" \/>\n<meta property=\"og:type\" content=\"article\" \/>\n<meta property=\"og:title\" content=\"Ceas de dam\u0103,analog,foarte modern - Misses Jewellery\" \/>\n<meta property=\"og:description\" content=\"Ceas pentru femei TOUS, analogic, foarte modern,cu br\u0103\u021bara si cadranul de culoarea argintiu-auriu !!Piesa de expozi\u021bie a vitrinei, din sezonul anterior, f\u0103r\u0103 ambalajul original.Impermeabil p\u00e2n\u0103 la 3 Atm (sp\u0103lat maini).Diametru cadran 4 cm\" \/>\n<meta property=\"og:url\" content=\"https:\/\/missesjewellery.com\/ro\/produs\/womens-watch-analog-very-modern-2\/\" \/>\n<meta property=\"og:site_name\" content=\"Misses Jewellery\" \/>\n<meta property=\"article:modified_time\" content=\"2022-11-29T07:31:51+00:00\" \/>\n<meta property=\"og:image\" content=\"https:\/\/missesjewellery.com\/wp-content\/uploads\/2022\/11\/NR124.jpg\" \/>\n\t<meta property=\"og:image:width\" content=\"800\" \/>\n\t<meta property=\"og:image:height\" content=\"800\" \/>\n\t<meta property=\"og:image:type\" content=\"image\/jpeg\" \/>\n<meta name=\"twitter:card\" content=\"summary_large_image\" \/>\n<meta name=\"twitter:label1\" content=\"Timp estimat pentru citire\" \/>\n\t<meta name=\"twitter:data1\" content=\"1 minut\" \/>\n<script type=\"application\/ld+json\" class=\"yoast-schema-graph\">{\"@context\":\"https:\/\/schema.org\",\"@graph\":[{\"@type\":\"WebPage\",\"@id\":\"https:\/\/missesjewellery.com\/ro\/produs\/womens-watch-analog-very-modern-2\/\",\"url\":\"https:\/\/missesjewellery.com\/ro\/produs\/womens-watch-analog-very-modern-2\/\",\"name\":\"Ceas de dam\u0103,analog,foarte modern - Misses Jewellery\",\"isPartOf\":{\"@id\":\"https:\/\/missesjewellery.com\/#website\"},\"datePublished\":\"2020-06-17T17:59:36+00:00\",\"dateModified\":\"2022-11-29T07:31:51+00:00\",\"description\":\"Ceas pentru femei TOUS, analogic, foarte modern,cu br\u0103\u021bara si cadranul de culoarea argintiu-auriu !!Piesa de expozi\u021bie a vitrinei, din sezonul anterior, f\u0103r\u0103 ambalajul original.Impermeabil p\u00e2n\u0103 la 3 Atm (sp\u0103lat maini).Diametru cadran 4 cm\",\"breadcrumb\":{\"@id\":\"https:\/\/missesjewellery.com\/ro\/produs\/womens-watch-analog-very-modern-2\/#breadcrumb\"},\"inLanguage\":\"ro-RO\",\"potentialAction\":[{\"@type\":\"ReadAction\",\"target\":[\"https:\/\/missesjewellery.com\/ro\/produs\/womens-watch-analog-very-modern-2\/\"]}]},{\"@type\":\"BreadcrumbList\",\"@id\":\"https:\/\/missesjewellery.com\/ro\/produs\/womens-watch-analog-very-modern-2\/#breadcrumb\",\"itemListElement\":[{\"@type\":\"ListItem\",\"position\":1,\"name\":\"\u0391\u03c1\u03c7\u03b9\u03ba\u03ae\",\"item\":\"https:\/\/missesjewellery.com\/\"},{\"@type\":\"ListItem\",\"position\":2,\"name\":\"Shop\",\"item\":\"https:\/\/missesjewellery.com\/shop\/\"},{\"@type\":\"ListItem\",\"position\":3,\"name\":\"Ceas de dam\u0103,analog,foarte modern\"}]},{\"@type\":\"WebSite\",\"@id\":\"https:\/\/missesjewellery.com\/#website\",\"url\":\"https:\/\/missesjewellery.com\/\",\"name\":\"Misses Jewellery\",\"description\":\"Luxury at a price you&#039;ll love\",\"publisher\":{\"@id\":\"https:\/\/missesjewellery.com\/#organization\"},\"potentialAction\":[{\"@type\":\"SearchAction\",\"target\":{\"@type\":\"EntryPoint\",\"urlTemplate\":\"https:\/\/missesjewellery.com\/?s={search_term_string}\"},\"query-input\":\"required name=search_term_string\"}],\"inLanguage\":\"ro-RO\"},{\"@type\":\"Organization\",\"@id\":\"https:\/\/missesjewellery.com\/#organization\",\"name\":\"Misses Jewellery\",\"url\":\"https:\/\/missesjewellery.com\/\",\"logo\":{\"@type\":\"ImageObject\",\"inLanguage\":\"ro-RO\",\"@id\":\"https:\/\/missesjewellery.com\/#\/schema\/logo\/image\/\",\"url\":\"https:\/\/missesjewellery.com\/wp-content\/uploads\/2022\/11\/missesjewellery-logo.png\",\"contentUrl\":\"https:\/\/missesjewellery.com\/wp-content\/uploads\/2022\/11\/missesjewellery-logo.png\",\"width\":865,\"height\":584,\"caption\":\"Misses Jewellery\"},\"image\":{\"@id\":\"https:\/\/missesjewellery.com\/#\/schema\/logo\/image\/\"}}]}<\/script>\n<!-- \/ Yoast SEO plugin. -->","yoast_head_json":{"title":"Ceas de dam\u0103,analog,foarte modern - Misses Jewellery","description":"Ceas pentru femei TOUS, analogic, foarte modern,cu br\u0103\u021bara si cadranul de culoarea argintiu-auriu !!Piesa de expozi\u021bie a vitrinei, din sezonul anterior, f\u0103r\u0103 ambalajul original.Impermeabil p\u00e2n\u0103 la 3 Atm (sp\u0103lat maini).Diametru cadran 4 cm","robots":{"index":"index","follow":"follow","max-snippet":"max-snippet:-1","max-image-preview":"max-image-preview:large","max-video-preview":"max-video-preview:-1"},"canonical":"https:\/\/missesjewellery.com\/ro\/produs\/womens-watch-analog-very-modern-2\/","og_locale":"ro_RO","og_type":"article","og_title":"Ceas de dam\u0103,analog,foarte modern - Misses Jewellery","og_description":"Ceas pentru femei TOUS, analogic, foarte modern,cu br\u0103\u021bara si cadranul de culoarea argintiu-auriu !!Piesa de expozi\u021bie a vitrinei, din sezonul anterior, f\u0103r\u0103 ambalajul original.Impermeabil p\u00e2n\u0103 la 3 Atm (sp\u0103lat maini).Diametru cadran 4 cm","og_url":"https:\/\/missesjewellery.com\/ro\/produs\/womens-watch-analog-very-modern-2\/","og_site_name":"Misses Jewellery","article_modified_time":"2022-11-29T07:31:51+00:00","og_image":[{"width":800,"height":800,"url":"https:\/\/missesjewellery.com\/wp-content\/uploads\/2022\/11\/NR124.jpg","type":"image\/jpeg"}],"twitter_card":"summary_large_image","twitter_misc":{"Timp estimat pentru citire":"1 minut"},"schema":{"@context":"https:\/\/schema.org","@graph":[{"@type":"WebPage","@id":"https:\/\/missesjewellery.com\/ro\/produs\/womens-watch-analog-very-modern-2\/","url":"https:\/\/missesjewellery.com\/ro\/produs\/womens-watch-analog-very-modern-2\/","name":"Ceas de dam\u0103,analog,foarte modern - Misses Jewellery","isPartOf":{"@id":"https:\/\/missesjewellery.com\/#website"},"datePublished":"2020-06-17T17:59:36+00:00","dateModified":"2022-11-29T07:31:51+00:00","description":"Ceas pentru femei TOUS, analogic, foarte modern,cu br\u0103\u021bara si cadranul de culoarea argintiu-auriu !!Piesa de expozi\u021bie a vitrinei, din sezonul anterior, f\u0103r\u0103 ambalajul original.Impermeabil p\u00e2n\u0103 la 3 Atm (sp\u0103lat maini).Diametru cadran 4 cm","breadcrumb":{"@id":"https:\/\/missesjewellery.com\/ro\/produs\/womens-watch-analog-very-modern-2\/#breadcrumb"},"inLanguage":"ro-RO","potentialAction":[{"@type":"ReadAction","target":["https:\/\/missesjewellery.com\/ro\/produs\/womens-watch-analog-very-modern-2\/"]}]},{"@type":"BreadcrumbList","@id":"https:\/\/missesjewellery.com\/ro\/produs\/womens-watch-analog-very-modern-2\/#breadcrumb","itemListElement":[{"@type":"ListItem","position":1,"name":"\u0391\u03c1\u03c7\u03b9\u03ba\u03ae","item":"https:\/\/missesjewellery.com\/"},{"@type":"ListItem","position":2,"name":"Shop","item":"https:\/\/missesjewellery.com\/shop\/"},{"@type":"ListItem","position":3,"name":"Ceas de dam\u0103,analog,foarte modern"}]},{"@type":"WebSite","@id":"https:\/\/missesjewellery.com\/#website","url":"https:\/\/missesjewellery.com\/","name":"Misses Jewellery","description":"Luxury at a price you&#039;ll love","publisher":{"@id":"https:\/\/missesjewellery.com\/#organization"},"potentialAction":[{"@type":"SearchAction","target":{"@type":"EntryPoint","urlTemplate":"https:\/\/missesjewellery.com\/?s={search_term_string}"},"query-input":"required name=search_term_string"}],"inLanguage":"ro-RO"},{"@type":"Organization","@id":"https:\/\/missesjewellery.com\/#organization","name":"Misses Jewellery","url":"https:\/\/missesjewellery.com\/","logo":{"@type":"ImageObject","inLanguage":"ro-RO","@id":"https:\/\/missesjewellery.com\/#\/schema\/logo\/image\/","url":"https:\/\/missesjewellery.com\/wp-content\/uploads\/2022\/11\/missesjewellery-logo.png","contentUrl":"https:\/\/missesjewellery.com\/wp-content\/uploads\/2022\/11\/missesjewellery-logo.png","width":865,"height":584,"caption":"Misses Jewellery"},"image":{"@id":"https:\/\/missesjewellery.com\/#\/schema\/logo\/image\/"}}]}},"_links":{"self":[{"href":"https:\/\/missesjewellery.com\/ro\/wp-json\/wp\/v2\/product\/24978"}],"collection":[{"href":"https:\/\/missesjewellery.com\/ro\/wp-json\/wp\/v2\/product"}],"about":[{"href":"https:\/\/missesjewellery.com\/ro\/wp-json\/wp\/v2\/types\/product"}],"replies":[{"embeddable":true,"href":"https:\/\/missesjewellery.com\/ro\/wp-json\/wp\/v2\/comments?post=24978"}],"wp:featuredmedia":[{"embeddable":true,"href":"https:\/\/missesjewellery.com\/ro\/wp-json\/wp\/v2\/media\/42903"}],"wp:attachment":[{"href":"https:\/\/missesjewellery.com\/ro\/wp-json\/wp\/v2\/media?parent=24978"}],"wp:term":[{"taxonomy":"product_cat","embeddable":true,"href":"https:\/\/missesjewellery.com\/ro\/wp-json\/wp\/v2\/product_cat?post=24978"},{"taxonomy":"product_tag","embeddable":true,"href":"https:\/\/missesjewellery.com\/ro\/wp-json\/wp\/v2\/product_tag?post=24978"}],"curies":[{"name":"wp","href":"https:\/\/api.w.org\/{rel}","templated":true}]}}