{"id":24981,"date":"2020-06-10T13:52:55","date_gmt":"2020-06-10T13:52:55","guid":{"rendered":"https:\/\/missesjewellery.com\/?post_type=product&#038;p=24981"},"modified":"2023-04-24T16:19:49","modified_gmt":"2023-04-24T16:19:49","slug":"24981","status":"publish","type":"product","link":"https:\/\/missesjewellery.com\/ro\/product\/24981\/","title":{"rendered":""},"content":{"rendered":"<p>Ceas de dam\u0103 PANDORA Luxury,br\u0103\u021bar\u0103 \u0219i cadranul de culoarea aurie, cu carcasa din o\u021bel inoxidabil, impermeabil p\u00e2n\u0103 la 3 Atm (sp\u0103lat maini)!<br \/>\nDiametru cadran 4 cm !!<br \/>\nPiesa expozi\u021bional\u0103 a vitrinei,din sezonul trecut, f\u0103r\u0103 ambalajul original.<br \/>\nPret 220ron Cod NR121<\/p>\n","protected":false},"excerpt":{"rendered":"<p>Ceas de dam\u0103 PANDORA Luxury,br\u0103\u021bar\u0103 \u0219i cadranul de culoarea aurie, cu carcasa din o\u021bel inoxidabil, impermeabil p\u00e2n\u0103 la 3 Atm (sp\u0103lat maini)!<br \/>\nDiametru cadran 4 cm !!<br \/>\nPiesa expozi\u021bional\u0103 a vitrinei,din sezonul trecut, f\u0103r\u0103 ambalajul original.<br \/>\nPret 220ron Cod NR121<\/p>\n","protected":false},"featured_media":42833,"comment_status":"closed","ping_status":"closed","template":"","meta":[],"product_cat":[280],"product_tag":[],"etheme_brands":{"errors":{"invalid_taxonomy":["Taxonomia nu este valid\u0103."]},"error_data":[]},"yoast_head":"<!-- This site is optimized with the Yoast SEO plugin v21.7 - https:\/\/yoast.com\/wordpress\/plugins\/seo\/ -->\n<title>- Misses Jewellery<\/title>\n<meta name=\"robots\" content=\"index, follow, max-snippet:-1, max-image-preview:large, max-video-preview:-1\" \/>\n<link rel=\"canonical\" href=\"https:\/\/missesjewellery.com\/ro\/produs\/24981\/\" \/>\n<meta property=\"og:locale\" content=\"ro_RO\" \/>\n<meta property=\"og:type\" content=\"article\" \/>\n<meta property=\"og:title\" content=\"- Misses Jewellery\" \/>\n<meta property=\"og:description\" content=\"Ceas de dam\u0103 PANDORA Luxury,br\u0103\u021bar\u0103 \u0219i cadranul de culoarea aurie, cu carcasa din o\u021bel inoxidabil, impermeabil p\u00e2n\u0103 la 3 Atm (sp\u0103lat maini)! Diametru cadran 4 cm !! Piesa expozi\u021bional\u0103 a vitrinei,din sezonul trecut, f\u0103r\u0103 ambalajul original. Pret 220ron Cod NR121\" \/>\n<meta property=\"og:url\" content=\"https:\/\/missesjewellery.com\/ro\/produs\/24981\/\" \/>\n<meta property=\"og:site_name\" content=\"Misses Jewellery\" \/>\n<meta property=\"article:modified_time\" content=\"2023-04-24T16:19:49+00:00\" \/>\n<meta property=\"og:image\" content=\"https:\/\/missesjewellery.com\/wp-content\/uploads\/2022\/11\/NR121.jpg\" \/>\n\t<meta property=\"og:image:width\" content=\"500\" \/>\n\t<meta property=\"og:image:height\" content=\"446\" \/>\n\t<meta property=\"og:image:type\" content=\"image\/jpeg\" \/>\n<meta name=\"twitter:card\" content=\"summary_large_image\" \/>\n<meta name=\"twitter:label1\" content=\"Timp estimat pentru citire\" \/>\n\t<meta name=\"twitter:data1\" content=\"1 minut\" \/>\n<script type=\"application\/ld+json\" class=\"yoast-schema-graph\">{\"@context\":\"https:\/\/schema.org\",\"@graph\":[{\"@type\":\"WebPage\",\"@id\":\"https:\/\/missesjewellery.com\/ro\/produs\/24981\/\",\"url\":\"https:\/\/missesjewellery.com\/ro\/produs\/24981\/\",\"name\":\"- Misses Jewellery\",\"isPartOf\":{\"@id\":\"https:\/\/missesjewellery.com\/#website\"},\"datePublished\":\"2020-06-10T13:52:55+00:00\",\"dateModified\":\"2023-04-24T16:19:49+00:00\",\"breadcrumb\":{\"@id\":\"https:\/\/missesjewellery.com\/ro\/produs\/24981\/#breadcrumb\"},\"inLanguage\":\"ro-RO\",\"potentialAction\":[{\"@type\":\"ReadAction\",\"target\":[\"https:\/\/missesjewellery.com\/ro\/produs\/24981\/\"]}]},{\"@type\":\"BreadcrumbList\",\"@id\":\"https:\/\/missesjewellery.com\/ro\/produs\/24981\/#breadcrumb\",\"itemListElement\":[{\"@type\":\"ListItem\",\"position\":1,\"name\":\"\u0391\u03c1\u03c7\u03b9\u03ba\u03ae\",\"item\":\"https:\/\/missesjewellery.com\/\"},{\"@type\":\"ListItem\",\"position\":2,\"name\":\"Shop\",\"item\":\"https:\/\/missesjewellery.com\/shop\/\"}]},{\"@type\":\"WebSite\",\"@id\":\"https:\/\/missesjewellery.com\/#website\",\"url\":\"https:\/\/missesjewellery.com\/\",\"name\":\"Misses Jewellery\",\"description\":\"Luxury at a price you&#039;ll love\",\"publisher\":{\"@id\":\"https:\/\/missesjewellery.com\/#organization\"},\"potentialAction\":[{\"@type\":\"SearchAction\",\"target\":{\"@type\":\"EntryPoint\",\"urlTemplate\":\"https:\/\/missesjewellery.com\/?s={search_term_string}\"},\"query-input\":\"required name=search_term_string\"}],\"inLanguage\":\"ro-RO\"},{\"@type\":\"Organization\",\"@id\":\"https:\/\/missesjewellery.com\/#organization\",\"name\":\"Misses Jewellery\",\"url\":\"https:\/\/missesjewellery.com\/\",\"logo\":{\"@type\":\"ImageObject\",\"inLanguage\":\"ro-RO\",\"@id\":\"https:\/\/missesjewellery.com\/#\/schema\/logo\/image\/\",\"url\":\"https:\/\/missesjewellery.com\/wp-content\/uploads\/2022\/11\/missesjewellery-logo.png\",\"contentUrl\":\"https:\/\/missesjewellery.com\/wp-content\/uploads\/2022\/11\/missesjewellery-logo.png\",\"width\":865,\"height\":584,\"caption\":\"Misses Jewellery\"},\"image\":{\"@id\":\"https:\/\/missesjewellery.com\/#\/schema\/logo\/image\/\"}}]}<\/script>\n<!-- \/ Yoast SEO plugin. -->","yoast_head_json":{"title":"- Misses Jewellery","robots":{"index":"index","follow":"follow","max-snippet":"max-snippet:-1","max-image-preview":"max-image-preview:large","max-video-preview":"max-video-preview:-1"},"canonical":"https:\/\/missesjewellery.com\/ro\/produs\/24981\/","og_locale":"ro_RO","og_type":"article","og_title":"- Misses Jewellery","og_description":"Ceas de dam\u0103 PANDORA Luxury,br\u0103\u021bar\u0103 \u0219i cadranul de culoarea aurie, cu carcasa din o\u021bel inoxidabil, impermeabil p\u00e2n\u0103 la 3 Atm (sp\u0103lat maini)! Diametru cadran 4 cm !! Piesa expozi\u021bional\u0103 a vitrinei,din sezonul trecut, f\u0103r\u0103 ambalajul original. Pret 220ron Cod NR121","og_url":"https:\/\/missesjewellery.com\/ro\/produs\/24981\/","og_site_name":"Misses Jewellery","article_modified_time":"2023-04-24T16:19:49+00:00","og_image":[{"width":500,"height":446,"url":"https:\/\/missesjewellery.com\/wp-content\/uploads\/2022\/11\/NR121.jpg","type":"image\/jpeg"}],"twitter_card":"summary_large_image","twitter_misc":{"Timp estimat pentru citire":"1 minut"},"schema":{"@context":"https:\/\/schema.org","@graph":[{"@type":"WebPage","@id":"https:\/\/missesjewellery.com\/ro\/produs\/24981\/","url":"https:\/\/missesjewellery.com\/ro\/produs\/24981\/","name":"- Misses Jewellery","isPartOf":{"@id":"https:\/\/missesjewellery.com\/#website"},"datePublished":"2020-06-10T13:52:55+00:00","dateModified":"2023-04-24T16:19:49+00:00","breadcrumb":{"@id":"https:\/\/missesjewellery.com\/ro\/produs\/24981\/#breadcrumb"},"inLanguage":"ro-RO","potentialAction":[{"@type":"ReadAction","target":["https:\/\/missesjewellery.com\/ro\/produs\/24981\/"]}]},{"@type":"BreadcrumbList","@id":"https:\/\/missesjewellery.com\/ro\/produs\/24981\/#breadcrumb","itemListElement":[{"@type":"ListItem","position":1,"name":"\u0391\u03c1\u03c7\u03b9\u03ba\u03ae","item":"https:\/\/missesjewellery.com\/"},{"@type":"ListItem","position":2,"name":"Shop","item":"https:\/\/missesjewellery.com\/shop\/"}]},{"@type":"WebSite","@id":"https:\/\/missesjewellery.com\/#website","url":"https:\/\/missesjewellery.com\/","name":"Misses Jewellery","description":"Luxury at a price you&#039;ll love","publisher":{"@id":"https:\/\/missesjewellery.com\/#organization"},"potentialAction":[{"@type":"SearchAction","target":{"@type":"EntryPoint","urlTemplate":"https:\/\/missesjewellery.com\/?s={search_term_string}"},"query-input":"required name=search_term_string"}],"inLanguage":"ro-RO"},{"@type":"Organization","@id":"https:\/\/missesjewellery.com\/#organization","name":"Misses Jewellery","url":"https:\/\/missesjewellery.com\/","logo":{"@type":"ImageObject","inLanguage":"ro-RO","@id":"https:\/\/missesjewellery.com\/#\/schema\/logo\/image\/","url":"https:\/\/missesjewellery.com\/wp-content\/uploads\/2022\/11\/missesjewellery-logo.png","contentUrl":"https:\/\/missesjewellery.com\/wp-content\/uploads\/2022\/11\/missesjewellery-logo.png","width":865,"height":584,"caption":"Misses Jewellery"},"image":{"@id":"https:\/\/missesjewellery.com\/#\/schema\/logo\/image\/"}}]}},"_links":{"self":[{"href":"https:\/\/missesjewellery.com\/ro\/wp-json\/wp\/v2\/product\/24981"}],"collection":[{"href":"https:\/\/missesjewellery.com\/ro\/wp-json\/wp\/v2\/product"}],"about":[{"href":"https:\/\/missesjewellery.com\/ro\/wp-json\/wp\/v2\/types\/product"}],"replies":[{"embeddable":true,"href":"https:\/\/missesjewellery.com\/ro\/wp-json\/wp\/v2\/comments?post=24981"}],"wp:featuredmedia":[{"embeddable":true,"href":"https:\/\/missesjewellery.com\/ro\/wp-json\/wp\/v2\/media\/42833"}],"wp:attachment":[{"href":"https:\/\/missesjewellery.com\/ro\/wp-json\/wp\/v2\/media?parent=24981"}],"wp:term":[{"taxonomy":"product_cat","embeddable":true,"href":"https:\/\/missesjewellery.com\/ro\/wp-json\/wp\/v2\/product_cat?post=24981"},{"taxonomy":"product_tag","embeddable":true,"href":"https:\/\/missesjewellery.com\/ro\/wp-json\/wp\/v2\/product_tag?post=24981"}],"curies":[{"name":"wp","href":"https:\/\/api.w.org\/{rel}","templated":true}]}}