{"id":25249,"date":"2019-11-21T21:13:26","date_gmt":"2019-11-21T21:13:26","guid":{"rendered":"https:\/\/missesjewellery.com\/?post_type=product&#038;p=25249"},"modified":"2022-11-29T07:34:25","modified_gmt":"2022-11-29T07:34:25","slug":"468","status":"publish","type":"product","link":"https:\/\/missesjewellery.com\/ro\/product\/468\/","title":{"rendered":"Br\u0103\u021bar\u0103 din pietre minerale, onix negru \u0219i ochi de tigru"},"content":{"rendered":"<p>Br\u0103\u021bar\u0103 realizat\u0103 numai din materiale naturale. Pietrele minerale, onixul negru \u0219i Tiger Eye , sunt trecute pe o band\u0103 elastic\u0103, astfel \u00eenc\u00e2t s\u0103 se adapteze la toate \u00eencheieturile.<br \/>\nPRET 95ron. Cod: A49<\/p>\n<p>PUTEREA ATRACTIV\u0102: Ochiul de tigru<br \/>\n\u2022 Ofer\u0103 s\u0103n\u0103tate, curaj \u0219i for\u021b\u0103 pentru o abordare mai activ\u0103 a vie\u021bii.<br \/>\n\u2022 Ofer\u0103 percep\u021bie, g\u00e2ndire ascu\u021bit\u0103 \u0219i perspicacitate.<br \/>\n\u2022 Favorizeaz\u0103 \u00eent\u00e2lnirile \u0219i comunicarea.<br \/>\n\u2022 Este considerat de mul\u021bi a fi piatra averii. Simbolizeaz\u0103 bog\u0103\u021bia \u0219i abunden\u021ba \u00een toate formele sale.<br \/>\n\u2022 Ofer\u0103 stabilitate \u0219i ajut\u0103 la dep\u0103\u0219irea adversit\u0103\u021bii.<br \/>\n\u2022 Ofer\u0103 voin\u021b\u0103 de a lua decizii \u0219i un sentiment de siguran\u021b\u0103 \u0219i \u00eencredere.<\/p>\n","protected":false},"excerpt":{"rendered":"<p>Br\u0103\u021bar\u0103 realizat\u0103 numai din materiale naturale. Pietrele minerale, onixul negru \u0219i Tiger Eye , sunt trecute pe o band\u0103 elastic\u0103, astfel \u00eenc\u00e2t s\u0103 se adapteze la toate \u00eencheieturile.<br \/>\nPRET 95ron. Cod: A49<\/p>\n<p>PUTEREA ATRACTIV\u0102: Ochiul de tigru<br \/>\n\u2022 Ofer\u0103 s\u0103n\u0103tate, curaj \u0219i for\u021b\u0103 pentru o abordare mai activ\u0103 a vie\u021bii.<br \/>\n\u2022 Ofer\u0103 percep\u021bie, g\u00e2ndire ascu\u021bit\u0103 \u0219i perspicacitate.<br \/>\n\u2022 Favorizeaz\u0103 \u00eent\u00e2lnirile \u0219i comunicarea.<br \/>\n\u2022 Este considerat de mul\u021bi a fi piatra averii. Simbolizeaz\u0103 bog\u0103\u021bia \u0219i abunden\u021ba \u00een toate formele sale.<br \/>\n\u2022 Ofer\u0103 stabilitate \u0219i ajut\u0103 la dep\u0103\u0219irea adversit\u0103\u021bii.<br \/>\n\u2022 Ofer\u0103 voin\u021b\u0103 de a lua decizii \u0219i un sentiment de siguran\u021b\u0103 \u0219i \u00eencredere.<\/p>\n","protected":false},"featured_media":33349,"comment_status":"open","ping_status":"closed","template":"","meta":[],"product_cat":[292,277],"product_tag":[],"etheme_brands":{"errors":{"invalid_taxonomy":["Taxonomia nu este valid\u0103."]},"error_data":[]},"yoast_head":"<!-- This site is optimized with the Yoast SEO plugin v21.7 - https:\/\/yoast.com\/wordpress\/plugins\/seo\/ -->\n<title>Br\u0103\u021bar\u0103 din pietre minerale, onix negru \u0219i ochi de tigru - Misses Jewellery<\/title>\n<meta name=\"robots\" content=\"index, follow, max-snippet:-1, max-image-preview:large, max-video-preview:-1\" \/>\n<link rel=\"canonical\" href=\"https:\/\/missesjewellery.com\/ro\/produs\/468\/\" \/>\n<meta property=\"og:locale\" content=\"ro_RO\" \/>\n<meta property=\"og:type\" content=\"article\" \/>\n<meta property=\"og:title\" content=\"Br\u0103\u021bar\u0103 din pietre minerale, onix negru \u0219i ochi de tigru - Misses Jewellery\" \/>\n<meta property=\"og:description\" content=\"Br\u0103\u021bar\u0103 realizat\u0103 numai din materiale naturale. Pietrele minerale, onixul negru \u0219i Tiger Eye , sunt trecute pe o band\u0103 elastic\u0103, astfel \u00eenc\u00e2t s\u0103 se adapteze la toate \u00eencheieturile. PRET 95ron. Cod: A49  PUTEREA ATRACTIV\u0102: Ochiul de tigru \u2022 Ofer\u0103 s\u0103n\u0103tate, curaj \u0219i for\u021b\u0103 pentru o abordare mai activ\u0103 a vie\u021bii. \u2022 Ofer\u0103 percep\u021bie, g\u00e2ndire ascu\u021bit\u0103 \u0219i perspicacitate. \u2022 Favorizeaz\u0103 \u00eent\u00e2lnirile \u0219i comunicarea. \u2022 Este considerat de mul\u021bi a fi piatra averii. Simbolizeaz\u0103 bog\u0103\u021bia \u0219i abunden\u021ba \u00een toate formele sale. \u2022 Ofer\u0103 stabilitate \u0219i ajut\u0103 la dep\u0103\u0219irea adversit\u0103\u021bii. \u2022 Ofer\u0103 voin\u021b\u0103 de a lua decizii \u0219i un sentiment de siguran\u021b\u0103 \u0219i \u00eencredere.\" \/>\n<meta property=\"og:url\" content=\"https:\/\/missesjewellery.com\/ro\/produs\/468\/\" \/>\n<meta property=\"og:site_name\" content=\"Misses Jewellery\" \/>\n<meta property=\"article:modified_time\" content=\"2022-11-29T07:34:25+00:00\" \/>\n<meta property=\"og:image\" content=\"https:\/\/missesjewellery.com\/wp-content\/uploads\/2022\/11\/products-1201408230.jpg\" \/>\n\t<meta property=\"og:image:width\" content=\"800\" \/>\n\t<meta property=\"og:image:height\" content=\"800\" \/>\n\t<meta property=\"og:image:type\" content=\"image\/jpeg\" \/>\n<meta name=\"twitter:card\" content=\"summary_large_image\" \/>\n<meta name=\"twitter:label1\" content=\"Timp estimat pentru citire\" \/>\n\t<meta name=\"twitter:data1\" content=\"1 minut\" \/>\n<script type=\"application\/ld+json\" class=\"yoast-schema-graph\">{\"@context\":\"https:\/\/schema.org\",\"@graph\":[{\"@type\":\"WebPage\",\"@id\":\"https:\/\/missesjewellery.com\/ro\/produs\/468\/\",\"url\":\"https:\/\/missesjewellery.com\/ro\/produs\/468\/\",\"name\":\"Br\u0103\u021bar\u0103 din pietre minerale, onix negru \u0219i ochi de tigru - Misses Jewellery\",\"isPartOf\":{\"@id\":\"https:\/\/missesjewellery.com\/#website\"},\"datePublished\":\"2019-11-21T21:13:26+00:00\",\"dateModified\":\"2022-11-29T07:34:25+00:00\",\"breadcrumb\":{\"@id\":\"https:\/\/missesjewellery.com\/ro\/produs\/468\/#breadcrumb\"},\"inLanguage\":\"ro-RO\",\"potentialAction\":[{\"@type\":\"ReadAction\",\"target\":[\"https:\/\/missesjewellery.com\/ro\/produs\/468\/\"]}]},{\"@type\":\"BreadcrumbList\",\"@id\":\"https:\/\/missesjewellery.com\/ro\/produs\/468\/#breadcrumb\",\"itemListElement\":[{\"@type\":\"ListItem\",\"position\":1,\"name\":\"\u0391\u03c1\u03c7\u03b9\u03ba\u03ae\",\"item\":\"https:\/\/missesjewellery.com\/\"},{\"@type\":\"ListItem\",\"position\":2,\"name\":\"Shop\",\"item\":\"https:\/\/missesjewellery.com\/shop\/\"},{\"@type\":\"ListItem\",\"position\":3,\"name\":\"Br\u0103\u021bar\u0103 din pietre minerale, onix negru \u0219i ochi de tigru\"}]},{\"@type\":\"WebSite\",\"@id\":\"https:\/\/missesjewellery.com\/#website\",\"url\":\"https:\/\/missesjewellery.com\/\",\"name\":\"Misses Jewellery\",\"description\":\"Luxury at a price you&#039;ll love\",\"publisher\":{\"@id\":\"https:\/\/missesjewellery.com\/#organization\"},\"potentialAction\":[{\"@type\":\"SearchAction\",\"target\":{\"@type\":\"EntryPoint\",\"urlTemplate\":\"https:\/\/missesjewellery.com\/?s={search_term_string}\"},\"query-input\":\"required name=search_term_string\"}],\"inLanguage\":\"ro-RO\"},{\"@type\":\"Organization\",\"@id\":\"https:\/\/missesjewellery.com\/#organization\",\"name\":\"Misses Jewellery\",\"url\":\"https:\/\/missesjewellery.com\/\",\"logo\":{\"@type\":\"ImageObject\",\"inLanguage\":\"ro-RO\",\"@id\":\"https:\/\/missesjewellery.com\/#\/schema\/logo\/image\/\",\"url\":\"https:\/\/missesjewellery.com\/wp-content\/uploads\/2022\/11\/missesjewellery-logo.png\",\"contentUrl\":\"https:\/\/missesjewellery.com\/wp-content\/uploads\/2022\/11\/missesjewellery-logo.png\",\"width\":865,\"height\":584,\"caption\":\"Misses Jewellery\"},\"image\":{\"@id\":\"https:\/\/missesjewellery.com\/#\/schema\/logo\/image\/\"}}]}<\/script>\n<!-- \/ Yoast SEO plugin. -->","yoast_head_json":{"title":"Br\u0103\u021bar\u0103 din pietre minerale, onix negru \u0219i ochi de tigru - Misses Jewellery","robots":{"index":"index","follow":"follow","max-snippet":"max-snippet:-1","max-image-preview":"max-image-preview:large","max-video-preview":"max-video-preview:-1"},"canonical":"https:\/\/missesjewellery.com\/ro\/produs\/468\/","og_locale":"ro_RO","og_type":"article","og_title":"Br\u0103\u021bar\u0103 din pietre minerale, onix negru \u0219i ochi de tigru - Misses Jewellery","og_description":"Br\u0103\u021bar\u0103 realizat\u0103 numai din materiale naturale. Pietrele minerale, onixul negru \u0219i Tiger Eye , sunt trecute pe o band\u0103 elastic\u0103, astfel \u00eenc\u00e2t s\u0103 se adapteze la toate \u00eencheieturile. PRET 95ron. Cod: A49  PUTEREA ATRACTIV\u0102: Ochiul de tigru \u2022 Ofer\u0103 s\u0103n\u0103tate, curaj \u0219i for\u021b\u0103 pentru o abordare mai activ\u0103 a vie\u021bii. \u2022 Ofer\u0103 percep\u021bie, g\u00e2ndire ascu\u021bit\u0103 \u0219i perspicacitate. \u2022 Favorizeaz\u0103 \u00eent\u00e2lnirile \u0219i comunicarea. \u2022 Este considerat de mul\u021bi a fi piatra averii. Simbolizeaz\u0103 bog\u0103\u021bia \u0219i abunden\u021ba \u00een toate formele sale. \u2022 Ofer\u0103 stabilitate \u0219i ajut\u0103 la dep\u0103\u0219irea adversit\u0103\u021bii. \u2022 Ofer\u0103 voin\u021b\u0103 de a lua decizii \u0219i un sentiment de siguran\u021b\u0103 \u0219i \u00eencredere.","og_url":"https:\/\/missesjewellery.com\/ro\/produs\/468\/","og_site_name":"Misses Jewellery","article_modified_time":"2022-11-29T07:34:25+00:00","og_image":[{"width":800,"height":800,"url":"https:\/\/missesjewellery.com\/wp-content\/uploads\/2022\/11\/products-1201408230.jpg","type":"image\/jpeg"}],"twitter_card":"summary_large_image","twitter_misc":{"Timp estimat pentru citire":"1 minut"},"schema":{"@context":"https:\/\/schema.org","@graph":[{"@type":"WebPage","@id":"https:\/\/missesjewellery.com\/ro\/produs\/468\/","url":"https:\/\/missesjewellery.com\/ro\/produs\/468\/","name":"Br\u0103\u021bar\u0103 din pietre minerale, onix negru \u0219i ochi de tigru - Misses Jewellery","isPartOf":{"@id":"https:\/\/missesjewellery.com\/#website"},"datePublished":"2019-11-21T21:13:26+00:00","dateModified":"2022-11-29T07:34:25+00:00","breadcrumb":{"@id":"https:\/\/missesjewellery.com\/ro\/produs\/468\/#breadcrumb"},"inLanguage":"ro-RO","potentialAction":[{"@type":"ReadAction","target":["https:\/\/missesjewellery.com\/ro\/produs\/468\/"]}]},{"@type":"BreadcrumbList","@id":"https:\/\/missesjewellery.com\/ro\/produs\/468\/#breadcrumb","itemListElement":[{"@type":"ListItem","position":1,"name":"\u0391\u03c1\u03c7\u03b9\u03ba\u03ae","item":"https:\/\/missesjewellery.com\/"},{"@type":"ListItem","position":2,"name":"Shop","item":"https:\/\/missesjewellery.com\/shop\/"},{"@type":"ListItem","position":3,"name":"Br\u0103\u021bar\u0103 din pietre minerale, onix negru \u0219i ochi de tigru"}]},{"@type":"WebSite","@id":"https:\/\/missesjewellery.com\/#website","url":"https:\/\/missesjewellery.com\/","name":"Misses Jewellery","description":"Luxury at a price you&#039;ll love","publisher":{"@id":"https:\/\/missesjewellery.com\/#organization"},"potentialAction":[{"@type":"SearchAction","target":{"@type":"EntryPoint","urlTemplate":"https:\/\/missesjewellery.com\/?s={search_term_string}"},"query-input":"required name=search_term_string"}],"inLanguage":"ro-RO"},{"@type":"Organization","@id":"https:\/\/missesjewellery.com\/#organization","name":"Misses Jewellery","url":"https:\/\/missesjewellery.com\/","logo":{"@type":"ImageObject","inLanguage":"ro-RO","@id":"https:\/\/missesjewellery.com\/#\/schema\/logo\/image\/","url":"https:\/\/missesjewellery.com\/wp-content\/uploads\/2022\/11\/missesjewellery-logo.png","contentUrl":"https:\/\/missesjewellery.com\/wp-content\/uploads\/2022\/11\/missesjewellery-logo.png","width":865,"height":584,"caption":"Misses Jewellery"},"image":{"@id":"https:\/\/missesjewellery.com\/#\/schema\/logo\/image\/"}}]}},"_links":{"self":[{"href":"https:\/\/missesjewellery.com\/ro\/wp-json\/wp\/v2\/product\/25249"}],"collection":[{"href":"https:\/\/missesjewellery.com\/ro\/wp-json\/wp\/v2\/product"}],"about":[{"href":"https:\/\/missesjewellery.com\/ro\/wp-json\/wp\/v2\/types\/product"}],"replies":[{"embeddable":true,"href":"https:\/\/missesjewellery.com\/ro\/wp-json\/wp\/v2\/comments?post=25249"}],"wp:featuredmedia":[{"embeddable":true,"href":"https:\/\/missesjewellery.com\/ro\/wp-json\/wp\/v2\/media\/33349"}],"wp:attachment":[{"href":"https:\/\/missesjewellery.com\/ro\/wp-json\/wp\/v2\/media?parent=25249"}],"wp:term":[{"taxonomy":"product_cat","embeddable":true,"href":"https:\/\/missesjewellery.com\/ro\/wp-json\/wp\/v2\/product_cat?post=25249"},{"taxonomy":"product_tag","embeddable":true,"href":"https:\/\/missesjewellery.com\/ro\/wp-json\/wp\/v2\/product_tag?post=25249"}],"curies":[{"name":"wp","href":"https:\/\/api.w.org\/{rel}","templated":true}]}}