{"id":25317,"date":"2020-10-20T16:39:52","date_gmt":"2020-10-20T16:39:52","guid":{"rendered":"https:\/\/missesjewellery.com\/?post_type=product&#038;p=25317"},"modified":"2022-11-29T07:35:07","modified_gmt":"2022-11-29T07:35:07","slug":"set-minunat-pentru-femei-pandora-alcatuit-din-cercei","status":"publish","type":"product","link":"https:\/\/missesjewellery.com\/ro\/product\/set-minunat-pentru-femei-pandora-alcatuit-din-cercei\/","title":{"rendered":"Set minunat pentru femei Pandora, alcatuit din cercei si un pandantiv"},"content":{"rendered":"<p>Set minunat pentru femei Pandora, alcatuit din cercei si un pandantiv (\u00eenso\u021bit de un lan\u021b de 45cm). Fabricat din o\u021bel inoxidabil, astfel \u00eenc\u00e2t s\u0103 r\u0103m\u00e2n\u0103 neschimbat \u00een timp. Decorat cu cristale albe australiene \u00een t\u0103ietur\u0103 rotund\u0103. (Piesa de expozi\u021bie ale vitrinei de aceea vine f\u0103r\u0103 ambalajul lor original!)<br \/>\nPRE\u021a: 210ron COD: FR79<\/p>\n","protected":false},"excerpt":{"rendered":"<p>Set minunat pentru femei Pandora, alcatuit din cercei si un pandantiv (\u00eenso\u021bit de un lan\u021b de 45cm). Fabricat din o\u021bel inoxidabil, astfel \u00eenc\u00e2t s\u0103 r\u0103m\u00e2n\u0103 neschimbat \u00een timp. Decorat cu cristale albe australiene \u00een t\u0103ietur\u0103 rotund\u0103. (Piesa de expozi\u021bie ale vitrinei de aceea vine f\u0103r\u0103 ambalajul lor original!)<br \/>\nPRE\u021a: 210ron COD: FR79<\/p>\n","protected":false},"featured_media":43526,"comment_status":"closed","ping_status":"closed","template":"","meta":[],"product_cat":[271,273,276,274],"product_tag":[],"etheme_brands":{"errors":{"invalid_taxonomy":["Taxonomia nu este valid\u0103."]},"error_data":[]},"yoast_head":"<!-- This site is optimized with the Yoast SEO plugin v21.7 - https:\/\/yoast.com\/wordpress\/plugins\/seo\/ -->\n<title>Set minunat pentru femei Pandora, alcatuit din cercei si un pandantiv - Misses Jewellery<\/title>\n<meta name=\"robots\" content=\"index, follow, max-snippet:-1, max-image-preview:large, max-video-preview:-1\" \/>\n<link rel=\"canonical\" href=\"https:\/\/missesjewellery.com\/ro\/produs\/set-minunat-pentru-femei-pandora-alcatuit-din-cercei\/\" \/>\n<meta property=\"og:locale\" content=\"ro_RO\" \/>\n<meta property=\"og:type\" content=\"article\" \/>\n<meta property=\"og:title\" content=\"Set minunat pentru femei Pandora, alcatuit din cercei si un pandantiv - Misses Jewellery\" \/>\n<meta property=\"og:description\" content=\"Set minunat pentru femei Pandora, alcatuit din cercei si un pandantiv (\u00eenso\u021bit de un lan\u021b de 45cm). Fabricat din o\u021bel inoxidabil, astfel \u00eenc\u00e2t s\u0103 r\u0103m\u00e2n\u0103 neschimbat \u00een timp. Decorat cu cristale albe australiene \u00een t\u0103ietur\u0103 rotund\u0103. (Piesa de expozi\u021bie ale vitrinei de aceea vine f\u0103r\u0103 ambalajul lor original!) PRE\u021a: 210ron COD: FR79\" \/>\n<meta property=\"og:url\" content=\"https:\/\/missesjewellery.com\/ro\/produs\/set-minunat-pentru-femei-pandora-alcatuit-din-cercei\/\" \/>\n<meta property=\"og:site_name\" content=\"Misses Jewellery\" \/>\n<meta property=\"article:modified_time\" content=\"2022-11-29T07:35:07+00:00\" \/>\n<meta property=\"og:image\" content=\"https:\/\/missesjewellery.com\/wp-content\/uploads\/2022\/11\/FR79SE.jpg\" \/>\n\t<meta property=\"og:image:width\" content=\"1600\" \/>\n\t<meta property=\"og:image:height\" content=\"1600\" \/>\n\t<meta property=\"og:image:type\" content=\"image\/jpeg\" \/>\n<meta name=\"twitter:card\" content=\"summary_large_image\" \/>\n<script type=\"application\/ld+json\" class=\"yoast-schema-graph\">{\"@context\":\"https:\/\/schema.org\",\"@graph\":[{\"@type\":\"WebPage\",\"@id\":\"https:\/\/missesjewellery.com\/ro\/produs\/set-minunat-pentru-femei-pandora-alcatuit-din-cercei\/\",\"url\":\"https:\/\/missesjewellery.com\/ro\/produs\/set-minunat-pentru-femei-pandora-alcatuit-din-cercei\/\",\"name\":\"Set minunat pentru femei Pandora, alcatuit din cercei si un pandantiv - Misses Jewellery\",\"isPartOf\":{\"@id\":\"https:\/\/missesjewellery.com\/#website\"},\"datePublished\":\"2020-10-20T16:39:52+00:00\",\"dateModified\":\"2022-11-29T07:35:07+00:00\",\"breadcrumb\":{\"@id\":\"https:\/\/missesjewellery.com\/ro\/produs\/set-minunat-pentru-femei-pandora-alcatuit-din-cercei\/#breadcrumb\"},\"inLanguage\":\"ro-RO\",\"potentialAction\":[{\"@type\":\"ReadAction\",\"target\":[\"https:\/\/missesjewellery.com\/ro\/produs\/set-minunat-pentru-femei-pandora-alcatuit-din-cercei\/\"]}]},{\"@type\":\"BreadcrumbList\",\"@id\":\"https:\/\/missesjewellery.com\/ro\/produs\/set-minunat-pentru-femei-pandora-alcatuit-din-cercei\/#breadcrumb\",\"itemListElement\":[{\"@type\":\"ListItem\",\"position\":1,\"name\":\"\u0391\u03c1\u03c7\u03b9\u03ba\u03ae\",\"item\":\"https:\/\/missesjewellery.com\/\"},{\"@type\":\"ListItem\",\"position\":2,\"name\":\"Shop\",\"item\":\"https:\/\/missesjewellery.com\/shop\/\"},{\"@type\":\"ListItem\",\"position\":3,\"name\":\"Set minunat pentru femei Pandora, alcatuit din cercei si un pandantiv\"}]},{\"@type\":\"WebSite\",\"@id\":\"https:\/\/missesjewellery.com\/#website\",\"url\":\"https:\/\/missesjewellery.com\/\",\"name\":\"Misses Jewellery\",\"description\":\"Luxury at a price you&#039;ll love\",\"publisher\":{\"@id\":\"https:\/\/missesjewellery.com\/#organization\"},\"potentialAction\":[{\"@type\":\"SearchAction\",\"target\":{\"@type\":\"EntryPoint\",\"urlTemplate\":\"https:\/\/missesjewellery.com\/?s={search_term_string}\"},\"query-input\":\"required name=search_term_string\"}],\"inLanguage\":\"ro-RO\"},{\"@type\":\"Organization\",\"@id\":\"https:\/\/missesjewellery.com\/#organization\",\"name\":\"Misses Jewellery\",\"url\":\"https:\/\/missesjewellery.com\/\",\"logo\":{\"@type\":\"ImageObject\",\"inLanguage\":\"ro-RO\",\"@id\":\"https:\/\/missesjewellery.com\/#\/schema\/logo\/image\/\",\"url\":\"https:\/\/missesjewellery.com\/wp-content\/uploads\/2022\/11\/missesjewellery-logo.png\",\"contentUrl\":\"https:\/\/missesjewellery.com\/wp-content\/uploads\/2022\/11\/missesjewellery-logo.png\",\"width\":865,\"height\":584,\"caption\":\"Misses Jewellery\"},\"image\":{\"@id\":\"https:\/\/missesjewellery.com\/#\/schema\/logo\/image\/\"}}]}<\/script>\n<!-- \/ Yoast SEO plugin. -->","yoast_head_json":{"title":"Set minunat pentru femei Pandora, alcatuit din cercei si un pandantiv - Misses Jewellery","robots":{"index":"index","follow":"follow","max-snippet":"max-snippet:-1","max-image-preview":"max-image-preview:large","max-video-preview":"max-video-preview:-1"},"canonical":"https:\/\/missesjewellery.com\/ro\/produs\/set-minunat-pentru-femei-pandora-alcatuit-din-cercei\/","og_locale":"ro_RO","og_type":"article","og_title":"Set minunat pentru femei Pandora, alcatuit din cercei si un pandantiv - Misses Jewellery","og_description":"Set minunat pentru femei Pandora, alcatuit din cercei si un pandantiv (\u00eenso\u021bit de un lan\u021b de 45cm). Fabricat din o\u021bel inoxidabil, astfel \u00eenc\u00e2t s\u0103 r\u0103m\u00e2n\u0103 neschimbat \u00een timp. Decorat cu cristale albe australiene \u00een t\u0103ietur\u0103 rotund\u0103. (Piesa de expozi\u021bie ale vitrinei de aceea vine f\u0103r\u0103 ambalajul lor original!) PRE\u021a: 210ron COD: FR79","og_url":"https:\/\/missesjewellery.com\/ro\/produs\/set-minunat-pentru-femei-pandora-alcatuit-din-cercei\/","og_site_name":"Misses Jewellery","article_modified_time":"2022-11-29T07:35:07+00:00","og_image":[{"width":1600,"height":1600,"url":"https:\/\/missesjewellery.com\/wp-content\/uploads\/2022\/11\/FR79SE.jpg","type":"image\/jpeg"}],"twitter_card":"summary_large_image","schema":{"@context":"https:\/\/schema.org","@graph":[{"@type":"WebPage","@id":"https:\/\/missesjewellery.com\/ro\/produs\/set-minunat-pentru-femei-pandora-alcatuit-din-cercei\/","url":"https:\/\/missesjewellery.com\/ro\/produs\/set-minunat-pentru-femei-pandora-alcatuit-din-cercei\/","name":"Set minunat pentru femei Pandora, alcatuit din cercei si un pandantiv - Misses Jewellery","isPartOf":{"@id":"https:\/\/missesjewellery.com\/#website"},"datePublished":"2020-10-20T16:39:52+00:00","dateModified":"2022-11-29T07:35:07+00:00","breadcrumb":{"@id":"https:\/\/missesjewellery.com\/ro\/produs\/set-minunat-pentru-femei-pandora-alcatuit-din-cercei\/#breadcrumb"},"inLanguage":"ro-RO","potentialAction":[{"@type":"ReadAction","target":["https:\/\/missesjewellery.com\/ro\/produs\/set-minunat-pentru-femei-pandora-alcatuit-din-cercei\/"]}]},{"@type":"BreadcrumbList","@id":"https:\/\/missesjewellery.com\/ro\/produs\/set-minunat-pentru-femei-pandora-alcatuit-din-cercei\/#breadcrumb","itemListElement":[{"@type":"ListItem","position":1,"name":"\u0391\u03c1\u03c7\u03b9\u03ba\u03ae","item":"https:\/\/missesjewellery.com\/"},{"@type":"ListItem","position":2,"name":"Shop","item":"https:\/\/missesjewellery.com\/shop\/"},{"@type":"ListItem","position":3,"name":"Set minunat pentru femei Pandora, alcatuit din cercei si un pandantiv"}]},{"@type":"WebSite","@id":"https:\/\/missesjewellery.com\/#website","url":"https:\/\/missesjewellery.com\/","name":"Misses Jewellery","description":"Luxury at a price you&#039;ll love","publisher":{"@id":"https:\/\/missesjewellery.com\/#organization"},"potentialAction":[{"@type":"SearchAction","target":{"@type":"EntryPoint","urlTemplate":"https:\/\/missesjewellery.com\/?s={search_term_string}"},"query-input":"required name=search_term_string"}],"inLanguage":"ro-RO"},{"@type":"Organization","@id":"https:\/\/missesjewellery.com\/#organization","name":"Misses Jewellery","url":"https:\/\/missesjewellery.com\/","logo":{"@type":"ImageObject","inLanguage":"ro-RO","@id":"https:\/\/missesjewellery.com\/#\/schema\/logo\/image\/","url":"https:\/\/missesjewellery.com\/wp-content\/uploads\/2022\/11\/missesjewellery-logo.png","contentUrl":"https:\/\/missesjewellery.com\/wp-content\/uploads\/2022\/11\/missesjewellery-logo.png","width":865,"height":584,"caption":"Misses Jewellery"},"image":{"@id":"https:\/\/missesjewellery.com\/#\/schema\/logo\/image\/"}}]}},"_links":{"self":[{"href":"https:\/\/missesjewellery.com\/ro\/wp-json\/wp\/v2\/product\/25317"}],"collection":[{"href":"https:\/\/missesjewellery.com\/ro\/wp-json\/wp\/v2\/product"}],"about":[{"href":"https:\/\/missesjewellery.com\/ro\/wp-json\/wp\/v2\/types\/product"}],"replies":[{"embeddable":true,"href":"https:\/\/missesjewellery.com\/ro\/wp-json\/wp\/v2\/comments?post=25317"}],"wp:featuredmedia":[{"embeddable":true,"href":"https:\/\/missesjewellery.com\/ro\/wp-json\/wp\/v2\/media\/43526"}],"wp:attachment":[{"href":"https:\/\/missesjewellery.com\/ro\/wp-json\/wp\/v2\/media?parent=25317"}],"wp:term":[{"taxonomy":"product_cat","embeddable":true,"href":"https:\/\/missesjewellery.com\/ro\/wp-json\/wp\/v2\/product_cat?post=25317"},{"taxonomy":"product_tag","embeddable":true,"href":"https:\/\/missesjewellery.com\/ro\/wp-json\/wp\/v2\/product_tag?post=25317"}],"curies":[{"name":"wp","href":"https:\/\/api.w.org\/{rel}","templated":true}]}}