{"id":25362,"date":"2020-06-04T18:24:42","date_gmt":"2020-06-04T18:24:42","guid":{"rendered":"https:\/\/missesjewellery.com\/?post_type=product&#038;p=25362"},"modified":"2022-11-29T07:35:39","modified_gmt":"2022-11-29T07:35:39","slug":"set-de-bijuterii-pentru-femei-format","status":"publish","type":"product","link":"https:\/\/missesjewellery.com\/ro\/product\/set-de-bijuterii-pentru-femei-format\/","title":{"rendered":"Set de bijuterii pentru femei format din cercei \u0219i pandantiv"},"content":{"rendered":"<p>Set de bijuterii pentru femei format din cercei \u0219i pandantiv \u00eenso\u021bit de lan\u021bul s\u0103u. Fabricat din o\u021bel astfel \u00eenc\u00e2t s\u0103 r\u0103m\u00e2n\u0103 neschimbat \u00een timp, decorat cu cristal \u00een culoarea ametistului.<br \/>\nPre\u021b 70ron, cod TO70<\/p>\n","protected":false},"excerpt":{"rendered":"<p>Set de bijuterii pentru femei format din cercei \u0219i pandantiv \u00eenso\u021bit de lan\u021bul s\u0103u. Fabricat din o\u021bel astfel \u00eenc\u00e2t s\u0103 r\u0103m\u00e2n\u0103 neschimbat \u00een timp, decorat cu cristal \u00een culoarea ametistului.<br \/>\nPre\u021b 70ron, cod TO70<\/p>\n","protected":false},"featured_media":42822,"comment_status":"closed","ping_status":"closed","template":"","meta":[],"product_cat":[273,276,274],"product_tag":[],"etheme_brands":{"errors":{"invalid_taxonomy":["Taxonomia nu este valid\u0103."]},"error_data":[]},"yoast_head":"<!-- This site is optimized with the Yoast SEO plugin v21.7 - https:\/\/yoast.com\/wordpress\/plugins\/seo\/ -->\n<title>Set de bijuterii pentru femei format din cercei \u0219i pandantiv - Misses Jewellery<\/title>\n<meta name=\"robots\" content=\"index, follow, max-snippet:-1, max-image-preview:large, max-video-preview:-1\" \/>\n<link rel=\"canonical\" href=\"https:\/\/missesjewellery.com\/ro\/produs\/set-de-bijuterii-pentru-femei-format\/\" \/>\n<meta property=\"og:locale\" content=\"ro_RO\" \/>\n<meta property=\"og:type\" content=\"article\" \/>\n<meta property=\"og:title\" content=\"Set de bijuterii pentru femei format din cercei \u0219i pandantiv - Misses Jewellery\" \/>\n<meta property=\"og:description\" content=\"Set de bijuterii pentru femei format din cercei \u0219i pandantiv \u00eenso\u021bit de lan\u021bul s\u0103u. Fabricat din o\u021bel astfel \u00eenc\u00e2t s\u0103 r\u0103m\u00e2n\u0103 neschimbat \u00een timp, decorat cu cristal \u00een culoarea ametistului. Pre\u021b 70ron, cod TO70\" \/>\n<meta property=\"og:url\" content=\"https:\/\/missesjewellery.com\/ro\/produs\/set-de-bijuterii-pentru-femei-format\/\" \/>\n<meta property=\"og:site_name\" content=\"Misses Jewellery\" \/>\n<meta property=\"article:modified_time\" content=\"2022-11-29T07:35:39+00:00\" \/>\n<meta property=\"og:image\" content=\"https:\/\/missesjewellery.com\/wp-content\/uploads\/2022\/11\/TO70-2.jpg\" \/>\n\t<meta property=\"og:image:width\" content=\"800\" \/>\n\t<meta property=\"og:image:height\" content=\"800\" \/>\n\t<meta property=\"og:image:type\" content=\"image\/jpeg\" \/>\n<meta name=\"twitter:card\" content=\"summary_large_image\" \/>\n<script type=\"application\/ld+json\" class=\"yoast-schema-graph\">{\"@context\":\"https:\/\/schema.org\",\"@graph\":[{\"@type\":\"WebPage\",\"@id\":\"https:\/\/missesjewellery.com\/ro\/produs\/set-de-bijuterii-pentru-femei-format\/\",\"url\":\"https:\/\/missesjewellery.com\/ro\/produs\/set-de-bijuterii-pentru-femei-format\/\",\"name\":\"Set de bijuterii pentru femei format din cercei \u0219i pandantiv - Misses Jewellery\",\"isPartOf\":{\"@id\":\"https:\/\/missesjewellery.com\/#website\"},\"datePublished\":\"2020-06-04T18:24:42+00:00\",\"dateModified\":\"2022-11-29T07:35:39+00:00\",\"breadcrumb\":{\"@id\":\"https:\/\/missesjewellery.com\/ro\/produs\/set-de-bijuterii-pentru-femei-format\/#breadcrumb\"},\"inLanguage\":\"ro-RO\",\"potentialAction\":[{\"@type\":\"ReadAction\",\"target\":[\"https:\/\/missesjewellery.com\/ro\/produs\/set-de-bijuterii-pentru-femei-format\/\"]}]},{\"@type\":\"BreadcrumbList\",\"@id\":\"https:\/\/missesjewellery.com\/ro\/produs\/set-de-bijuterii-pentru-femei-format\/#breadcrumb\",\"itemListElement\":[{\"@type\":\"ListItem\",\"position\":1,\"name\":\"\u0391\u03c1\u03c7\u03b9\u03ba\u03ae\",\"item\":\"https:\/\/missesjewellery.com\/\"},{\"@type\":\"ListItem\",\"position\":2,\"name\":\"Shop\",\"item\":\"https:\/\/missesjewellery.com\/shop\/\"},{\"@type\":\"ListItem\",\"position\":3,\"name\":\"Set de bijuterii pentru femei format din cercei \u0219i pandantiv\"}]},{\"@type\":\"WebSite\",\"@id\":\"https:\/\/missesjewellery.com\/#website\",\"url\":\"https:\/\/missesjewellery.com\/\",\"name\":\"Misses Jewellery\",\"description\":\"Luxury at a price you&#039;ll love\",\"publisher\":{\"@id\":\"https:\/\/missesjewellery.com\/#organization\"},\"potentialAction\":[{\"@type\":\"SearchAction\",\"target\":{\"@type\":\"EntryPoint\",\"urlTemplate\":\"https:\/\/missesjewellery.com\/?s={search_term_string}\"},\"query-input\":\"required name=search_term_string\"}],\"inLanguage\":\"ro-RO\"},{\"@type\":\"Organization\",\"@id\":\"https:\/\/missesjewellery.com\/#organization\",\"name\":\"Misses Jewellery\",\"url\":\"https:\/\/missesjewellery.com\/\",\"logo\":{\"@type\":\"ImageObject\",\"inLanguage\":\"ro-RO\",\"@id\":\"https:\/\/missesjewellery.com\/#\/schema\/logo\/image\/\",\"url\":\"https:\/\/missesjewellery.com\/wp-content\/uploads\/2022\/11\/missesjewellery-logo.png\",\"contentUrl\":\"https:\/\/missesjewellery.com\/wp-content\/uploads\/2022\/11\/missesjewellery-logo.png\",\"width\":865,\"height\":584,\"caption\":\"Misses Jewellery\"},\"image\":{\"@id\":\"https:\/\/missesjewellery.com\/#\/schema\/logo\/image\/\"}}]}<\/script>\n<!-- \/ Yoast SEO plugin. -->","yoast_head_json":{"title":"Set de bijuterii pentru femei format din cercei \u0219i pandantiv - Misses Jewellery","robots":{"index":"index","follow":"follow","max-snippet":"max-snippet:-1","max-image-preview":"max-image-preview:large","max-video-preview":"max-video-preview:-1"},"canonical":"https:\/\/missesjewellery.com\/ro\/produs\/set-de-bijuterii-pentru-femei-format\/","og_locale":"ro_RO","og_type":"article","og_title":"Set de bijuterii pentru femei format din cercei \u0219i pandantiv - Misses Jewellery","og_description":"Set de bijuterii pentru femei format din cercei \u0219i pandantiv \u00eenso\u021bit de lan\u021bul s\u0103u. Fabricat din o\u021bel astfel \u00eenc\u00e2t s\u0103 r\u0103m\u00e2n\u0103 neschimbat \u00een timp, decorat cu cristal \u00een culoarea ametistului. Pre\u021b 70ron, cod TO70","og_url":"https:\/\/missesjewellery.com\/ro\/produs\/set-de-bijuterii-pentru-femei-format\/","og_site_name":"Misses Jewellery","article_modified_time":"2022-11-29T07:35:39+00:00","og_image":[{"width":800,"height":800,"url":"https:\/\/missesjewellery.com\/wp-content\/uploads\/2022\/11\/TO70-2.jpg","type":"image\/jpeg"}],"twitter_card":"summary_large_image","schema":{"@context":"https:\/\/schema.org","@graph":[{"@type":"WebPage","@id":"https:\/\/missesjewellery.com\/ro\/produs\/set-de-bijuterii-pentru-femei-format\/","url":"https:\/\/missesjewellery.com\/ro\/produs\/set-de-bijuterii-pentru-femei-format\/","name":"Set de bijuterii pentru femei format din cercei \u0219i pandantiv - Misses Jewellery","isPartOf":{"@id":"https:\/\/missesjewellery.com\/#website"},"datePublished":"2020-06-04T18:24:42+00:00","dateModified":"2022-11-29T07:35:39+00:00","breadcrumb":{"@id":"https:\/\/missesjewellery.com\/ro\/produs\/set-de-bijuterii-pentru-femei-format\/#breadcrumb"},"inLanguage":"ro-RO","potentialAction":[{"@type":"ReadAction","target":["https:\/\/missesjewellery.com\/ro\/produs\/set-de-bijuterii-pentru-femei-format\/"]}]},{"@type":"BreadcrumbList","@id":"https:\/\/missesjewellery.com\/ro\/produs\/set-de-bijuterii-pentru-femei-format\/#breadcrumb","itemListElement":[{"@type":"ListItem","position":1,"name":"\u0391\u03c1\u03c7\u03b9\u03ba\u03ae","item":"https:\/\/missesjewellery.com\/"},{"@type":"ListItem","position":2,"name":"Shop","item":"https:\/\/missesjewellery.com\/shop\/"},{"@type":"ListItem","position":3,"name":"Set de bijuterii pentru femei format din cercei \u0219i pandantiv"}]},{"@type":"WebSite","@id":"https:\/\/missesjewellery.com\/#website","url":"https:\/\/missesjewellery.com\/","name":"Misses Jewellery","description":"Luxury at a price you&#039;ll love","publisher":{"@id":"https:\/\/missesjewellery.com\/#organization"},"potentialAction":[{"@type":"SearchAction","target":{"@type":"EntryPoint","urlTemplate":"https:\/\/missesjewellery.com\/?s={search_term_string}"},"query-input":"required name=search_term_string"}],"inLanguage":"ro-RO"},{"@type":"Organization","@id":"https:\/\/missesjewellery.com\/#organization","name":"Misses Jewellery","url":"https:\/\/missesjewellery.com\/","logo":{"@type":"ImageObject","inLanguage":"ro-RO","@id":"https:\/\/missesjewellery.com\/#\/schema\/logo\/image\/","url":"https:\/\/missesjewellery.com\/wp-content\/uploads\/2022\/11\/missesjewellery-logo.png","contentUrl":"https:\/\/missesjewellery.com\/wp-content\/uploads\/2022\/11\/missesjewellery-logo.png","width":865,"height":584,"caption":"Misses Jewellery"},"image":{"@id":"https:\/\/missesjewellery.com\/#\/schema\/logo\/image\/"}}]}},"_links":{"self":[{"href":"https:\/\/missesjewellery.com\/ro\/wp-json\/wp\/v2\/product\/25362"}],"collection":[{"href":"https:\/\/missesjewellery.com\/ro\/wp-json\/wp\/v2\/product"}],"about":[{"href":"https:\/\/missesjewellery.com\/ro\/wp-json\/wp\/v2\/types\/product"}],"replies":[{"embeddable":true,"href":"https:\/\/missesjewellery.com\/ro\/wp-json\/wp\/v2\/comments?post=25362"}],"wp:featuredmedia":[{"embeddable":true,"href":"https:\/\/missesjewellery.com\/ro\/wp-json\/wp\/v2\/media\/42822"}],"wp:attachment":[{"href":"https:\/\/missesjewellery.com\/ro\/wp-json\/wp\/v2\/media?parent=25362"}],"wp:term":[{"taxonomy":"product_cat","embeddable":true,"href":"https:\/\/missesjewellery.com\/ro\/wp-json\/wp\/v2\/product_cat?post=25362"},{"taxonomy":"product_tag","embeddable":true,"href":"https:\/\/missesjewellery.com\/ro\/wp-json\/wp\/v2\/product_tag?post=25362"}],"curies":[{"name":"wp","href":"https:\/\/api.w.org\/{rel}","templated":true}]}}