{"id":25666,"date":"2020-03-29T22:16:07","date_gmt":"2020-03-29T22:16:07","guid":{"rendered":"https:\/\/missesjewellery.com\/?post_type=product&#038;p=25666"},"modified":"2022-11-29T07:38:51","modified_gmt":"2022-11-29T07:38:51","slug":"925-silver-and-decorated-with-bright-blue-topaz-2","status":"publish","type":"product","link":"https:\/\/missesjewellery.com\/ro\/product\/925-silver-and-decorated-with-bright-blue-topaz-2\/","title":{"rendered":"Argint 925 \u0219i decorat cu topaz albastru str\u0103lucitor"},"content":{"rendered":"<p>Lucrat manual, inel din <strong>argint 925<\/strong> , decorat cu <strong>topar albastru<\/strong> str\u0103lucitor t\u0103iat \u00een pear (creat \u00een laborator). Inelul este disponibil la 18,5 sau 59.<\/p>\n<p><strong>Pre\u021b<\/strong> 245ron.<\/p>\n<p><strong>Cod<\/strong> F542<\/p>\n<p><strong>Topazul<\/strong> este alegerea potrivit\u0103 pentru un cadou accesibil \u0219i impresionant!, Caracteristicile topazului de calitate sunt puritatea culorii \u0219i lipsa complet\u0103 a acelor, liniile mici care p\u0103trund \u00een piatr\u0103. \u00cen cultura indian\u0103, topazul \u00eenseamn\u0103 foc \u0219i este un simbol al longevit\u0103\u021bii, frumuse\u021bii \u0219i ingeniozit\u0103\u021bii, \u00een timp ce vechii greci credeau c\u0103 d\u0103 putere proprietarului s\u0103u.<\/p>\n<p>Dac\u0103 vezi topaz \u00een visul t\u0103u, este un semn de noroc, fericire \u0219i companie pl\u0103cut\u0103.<\/p>\n","protected":false},"excerpt":{"rendered":"<p>Lucrat manual, inel din <strong>argint 925<\/strong> , decorat cu <strong>topar albastru<\/strong> str\u0103lucitor t\u0103iat \u00een pear (creat \u00een laborator). Inelul este disponibil la 18,5 sau 59.<\/p>\n<p><strong>Pre\u021b<\/strong> 245ron.<\/p>\n<p><strong>Cod<\/strong> F542<\/p>\n<p><strong>Topazul<\/strong> este alegerea potrivit\u0103 pentru un cadou accesibil \u0219i impresionant!, Caracteristicile topazului de calitate sunt puritatea culorii \u0219i lipsa complet\u0103 a acelor, liniile mici care p\u0103trund \u00een piatr\u0103. \u00cen cultura indian\u0103, topazul \u00eenseamn\u0103 foc \u0219i este un simbol al longevit\u0103\u021bii, frumuse\u021bii \u0219i ingeniozit\u0103\u021bii, \u00een timp ce vechii greci credeau c\u0103 d\u0103 putere proprietarului s\u0103u.<\/p>\n<p>Dac\u0103 vezi topaz \u00een visul t\u0103u, este un semn de noroc, fericire \u0219i companie pl\u0103cut\u0103<\/p>\n","protected":false},"featured_media":42693,"comment_status":"open","ping_status":"closed","template":"","meta":[],"product_cat":[279,271,278],"product_tag":[],"etheme_brands":{"errors":{"invalid_taxonomy":["Taxonomia nu este valid\u0103."]},"error_data":[]},"yoast_head":"<!-- This site is optimized with the Yoast SEO plugin v21.7 - https:\/\/yoast.com\/wordpress\/plugins\/seo\/ -->\n<title>Argint 925 \u0219i decorat cu topaz albastru str\u0103lucitor - Misses Jewellery<\/title>\n<meta name=\"description\" content=\"Lucrat manual, inel din argint 925 , decorat cu topar albastru str\u0103lucitor t\u0103iat \u00een pear (creat \u00een laborator). Inelul este disponibil la 18,5 sau 59.\" \/>\n<meta name=\"robots\" content=\"index, follow, max-snippet:-1, max-image-preview:large, max-video-preview:-1\" \/>\n<link rel=\"canonical\" href=\"https:\/\/missesjewellery.com\/ro\/produs\/925-silver-and-decorated-with-bright-blue-topaz-2\/\" \/>\n<meta property=\"og:locale\" content=\"ro_RO\" \/>\n<meta property=\"og:type\" content=\"article\" \/>\n<meta property=\"og:title\" content=\"Argint 925 \u0219i decorat cu topaz albastru str\u0103lucitor - Misses Jewellery\" \/>\n<meta property=\"og:description\" content=\"Lucrat manual, inel din argint 925 , decorat cu topar albastru str\u0103lucitor t\u0103iat \u00een pear (creat \u00een laborator). Inelul este disponibil la 18,5 sau 59.\" \/>\n<meta property=\"og:url\" content=\"https:\/\/missesjewellery.com\/ro\/produs\/925-silver-and-decorated-with-bright-blue-topaz-2\/\" \/>\n<meta property=\"og:site_name\" content=\"Misses Jewellery\" \/>\n<meta property=\"article:modified_time\" content=\"2022-11-29T07:38:51+00:00\" \/>\n<meta property=\"og:image\" content=\"https:\/\/missesjewellery.com\/wp-content\/uploads\/2022\/11\/products-1367056570.jpg\" \/>\n\t<meta property=\"og:image:width\" content=\"900\" \/>\n\t<meta property=\"og:image:height\" content=\"900\" \/>\n\t<meta property=\"og:image:type\" content=\"image\/jpeg\" \/>\n<meta name=\"twitter:card\" content=\"summary_large_image\" \/>\n<meta name=\"twitter:label1\" content=\"Timp estimat pentru citire\" \/>\n\t<meta name=\"twitter:data1\" content=\"1 minut\" \/>\n<script type=\"application\/ld+json\" class=\"yoast-schema-graph\">{\"@context\":\"https:\/\/schema.org\",\"@graph\":[{\"@type\":\"WebPage\",\"@id\":\"https:\/\/missesjewellery.com\/ro\/produs\/925-silver-and-decorated-with-bright-blue-topaz-2\/\",\"url\":\"https:\/\/missesjewellery.com\/ro\/produs\/925-silver-and-decorated-with-bright-blue-topaz-2\/\",\"name\":\"Argint 925 \u0219i decorat cu topaz albastru str\u0103lucitor - Misses Jewellery\",\"isPartOf\":{\"@id\":\"https:\/\/missesjewellery.com\/#website\"},\"datePublished\":\"2020-03-29T22:16:07+00:00\",\"dateModified\":\"2022-11-29T07:38:51+00:00\",\"description\":\"Lucrat manual, inel din argint 925 , decorat cu topar albastru str\u0103lucitor t\u0103iat \u00een pear (creat \u00een laborator). Inelul este disponibil la 18,5 sau 59.\",\"breadcrumb\":{\"@id\":\"https:\/\/missesjewellery.com\/ro\/produs\/925-silver-and-decorated-with-bright-blue-topaz-2\/#breadcrumb\"},\"inLanguage\":\"ro-RO\",\"potentialAction\":[{\"@type\":\"ReadAction\",\"target\":[\"https:\/\/missesjewellery.com\/ro\/produs\/925-silver-and-decorated-with-bright-blue-topaz-2\/\"]}]},{\"@type\":\"BreadcrumbList\",\"@id\":\"https:\/\/missesjewellery.com\/ro\/produs\/925-silver-and-decorated-with-bright-blue-topaz-2\/#breadcrumb\",\"itemListElement\":[{\"@type\":\"ListItem\",\"position\":1,\"name\":\"\u0391\u03c1\u03c7\u03b9\u03ba\u03ae\",\"item\":\"https:\/\/missesjewellery.com\/\"},{\"@type\":\"ListItem\",\"position\":2,\"name\":\"Shop\",\"item\":\"https:\/\/missesjewellery.com\/shop\/\"},{\"@type\":\"ListItem\",\"position\":3,\"name\":\"Argint 925 \u0219i decorat cu topaz albastru str\u0103lucitor\"}]},{\"@type\":\"WebSite\",\"@id\":\"https:\/\/missesjewellery.com\/#website\",\"url\":\"https:\/\/missesjewellery.com\/\",\"name\":\"Misses Jewellery\",\"description\":\"Luxury at a price you&#039;ll love\",\"publisher\":{\"@id\":\"https:\/\/missesjewellery.com\/#organization\"},\"potentialAction\":[{\"@type\":\"SearchAction\",\"target\":{\"@type\":\"EntryPoint\",\"urlTemplate\":\"https:\/\/missesjewellery.com\/?s={search_term_string}\"},\"query-input\":\"required name=search_term_string\"}],\"inLanguage\":\"ro-RO\"},{\"@type\":\"Organization\",\"@id\":\"https:\/\/missesjewellery.com\/#organization\",\"name\":\"Misses Jewellery\",\"url\":\"https:\/\/missesjewellery.com\/\",\"logo\":{\"@type\":\"ImageObject\",\"inLanguage\":\"ro-RO\",\"@id\":\"https:\/\/missesjewellery.com\/#\/schema\/logo\/image\/\",\"url\":\"https:\/\/missesjewellery.com\/wp-content\/uploads\/2022\/11\/missesjewellery-logo.png\",\"contentUrl\":\"https:\/\/missesjewellery.com\/wp-content\/uploads\/2022\/11\/missesjewellery-logo.png\",\"width\":865,\"height\":584,\"caption\":\"Misses Jewellery\"},\"image\":{\"@id\":\"https:\/\/missesjewellery.com\/#\/schema\/logo\/image\/\"}}]}<\/script>\n<!-- \/ Yoast SEO plugin. -->","yoast_head_json":{"title":"Argint 925 \u0219i decorat cu topaz albastru str\u0103lucitor - Misses Jewellery","description":"Lucrat manual, inel din argint 925 , decorat cu topar albastru str\u0103lucitor t\u0103iat \u00een pear (creat \u00een laborator). Inelul este disponibil la 18,5 sau 59.","robots":{"index":"index","follow":"follow","max-snippet":"max-snippet:-1","max-image-preview":"max-image-preview:large","max-video-preview":"max-video-preview:-1"},"canonical":"https:\/\/missesjewellery.com\/ro\/produs\/925-silver-and-decorated-with-bright-blue-topaz-2\/","og_locale":"ro_RO","og_type":"article","og_title":"Argint 925 \u0219i decorat cu topaz albastru str\u0103lucitor - Misses Jewellery","og_description":"Lucrat manual, inel din argint 925 , decorat cu topar albastru str\u0103lucitor t\u0103iat \u00een pear (creat \u00een laborator). Inelul este disponibil la 18,5 sau 59.","og_url":"https:\/\/missesjewellery.com\/ro\/produs\/925-silver-and-decorated-with-bright-blue-topaz-2\/","og_site_name":"Misses Jewellery","article_modified_time":"2022-11-29T07:38:51+00:00","og_image":[{"width":900,"height":900,"url":"https:\/\/missesjewellery.com\/wp-content\/uploads\/2022\/11\/products-1367056570.jpg","type":"image\/jpeg"}],"twitter_card":"summary_large_image","twitter_misc":{"Timp estimat pentru citire":"1 minut"},"schema":{"@context":"https:\/\/schema.org","@graph":[{"@type":"WebPage","@id":"https:\/\/missesjewellery.com\/ro\/produs\/925-silver-and-decorated-with-bright-blue-topaz-2\/","url":"https:\/\/missesjewellery.com\/ro\/produs\/925-silver-and-decorated-with-bright-blue-topaz-2\/","name":"Argint 925 \u0219i decorat cu topaz albastru str\u0103lucitor - Misses Jewellery","isPartOf":{"@id":"https:\/\/missesjewellery.com\/#website"},"datePublished":"2020-03-29T22:16:07+00:00","dateModified":"2022-11-29T07:38:51+00:00","description":"Lucrat manual, inel din argint 925 , decorat cu topar albastru str\u0103lucitor t\u0103iat \u00een pear (creat \u00een laborator). Inelul este disponibil la 18,5 sau 59.","breadcrumb":{"@id":"https:\/\/missesjewellery.com\/ro\/produs\/925-silver-and-decorated-with-bright-blue-topaz-2\/#breadcrumb"},"inLanguage":"ro-RO","potentialAction":[{"@type":"ReadAction","target":["https:\/\/missesjewellery.com\/ro\/produs\/925-silver-and-decorated-with-bright-blue-topaz-2\/"]}]},{"@type":"BreadcrumbList","@id":"https:\/\/missesjewellery.com\/ro\/produs\/925-silver-and-decorated-with-bright-blue-topaz-2\/#breadcrumb","itemListElement":[{"@type":"ListItem","position":1,"name":"\u0391\u03c1\u03c7\u03b9\u03ba\u03ae","item":"https:\/\/missesjewellery.com\/"},{"@type":"ListItem","position":2,"name":"Shop","item":"https:\/\/missesjewellery.com\/shop\/"},{"@type":"ListItem","position":3,"name":"Argint 925 \u0219i decorat cu topaz albastru str\u0103lucitor"}]},{"@type":"WebSite","@id":"https:\/\/missesjewellery.com\/#website","url":"https:\/\/missesjewellery.com\/","name":"Misses Jewellery","description":"Luxury at a price you&#039;ll love","publisher":{"@id":"https:\/\/missesjewellery.com\/#organization"},"potentialAction":[{"@type":"SearchAction","target":{"@type":"EntryPoint","urlTemplate":"https:\/\/missesjewellery.com\/?s={search_term_string}"},"query-input":"required name=search_term_string"}],"inLanguage":"ro-RO"},{"@type":"Organization","@id":"https:\/\/missesjewellery.com\/#organization","name":"Misses Jewellery","url":"https:\/\/missesjewellery.com\/","logo":{"@type":"ImageObject","inLanguage":"ro-RO","@id":"https:\/\/missesjewellery.com\/#\/schema\/logo\/image\/","url":"https:\/\/missesjewellery.com\/wp-content\/uploads\/2022\/11\/missesjewellery-logo.png","contentUrl":"https:\/\/missesjewellery.com\/wp-content\/uploads\/2022\/11\/missesjewellery-logo.png","width":865,"height":584,"caption":"Misses Jewellery"},"image":{"@id":"https:\/\/missesjewellery.com\/#\/schema\/logo\/image\/"}}]}},"_links":{"self":[{"href":"https:\/\/missesjewellery.com\/ro\/wp-json\/wp\/v2\/product\/25666"}],"collection":[{"href":"https:\/\/missesjewellery.com\/ro\/wp-json\/wp\/v2\/product"}],"about":[{"href":"https:\/\/missesjewellery.com\/ro\/wp-json\/wp\/v2\/types\/product"}],"replies":[{"embeddable":true,"href":"https:\/\/missesjewellery.com\/ro\/wp-json\/wp\/v2\/comments?post=25666"}],"wp:featuredmedia":[{"embeddable":true,"href":"https:\/\/missesjewellery.com\/ro\/wp-json\/wp\/v2\/media\/42693"}],"wp:attachment":[{"href":"https:\/\/missesjewellery.com\/ro\/wp-json\/wp\/v2\/media?parent=25666"}],"wp:term":[{"taxonomy":"product_cat","embeddable":true,"href":"https:\/\/missesjewellery.com\/ro\/wp-json\/wp\/v2\/product_cat?post=25666"},{"taxonomy":"product_tag","embeddable":true,"href":"https:\/\/missesjewellery.com\/ro\/wp-json\/wp\/v2\/product_tag?post=25666"}],"curies":[{"name":"wp","href":"https:\/\/api.w.org\/{rel}","templated":true}]}}