{"id":26524,"date":"2020-11-03T16:59:28","date_gmt":"2020-11-03T16:59:28","guid":{"rendered":"https:\/\/missesjewellery.com\/?post_type=product&#038;p=26524"},"modified":"2022-11-29T07:45:43","modified_gmt":"2022-11-29T07:45:43","slug":"jewelry-that-immortalizes-the-glamor-of-the-byzantine-empire","status":"publish","type":"product","link":"https:\/\/missesjewellery.com\/ro\/product\/jewelry-that-immortalizes-the-glamor-of-the-byzantine-empire\/","title":{"rendered":"Bijuterii care imortalizeaz\u0103 str\u0103lucirea Imperiului Bizantin!"},"content":{"rendered":"<p>Bijuterii care imortalizeaz\u0103 str\u0103lucirea<strong> Imperiului Bizantin<\/strong>.<br \/>\nBr\u0103\u021bar\u0103 realizat\u0103 manual, din <strong>argint<\/strong> \u0219i cupru decorat\u0103 cu<strong> cristale<\/strong> rotunde de zircon verde, ro\u0219u, albastru, negru \u0219i alb, t\u0103iate rotund. Prelucrare <strong>antic\u0103.<\/strong> Este flexibil\u0103 \u0219i \u00eembr\u0103\u021bi\u0219eaz\u0103 frumos \u00eencheietura m\u00e2inii \u0219i are o clem\u0103 de siguran\u021b\u0103.<br \/>\nRealizat de <strong>Betsey Johnson!<\/strong><\/p>\n<p><strong>Pre\u021b:<\/strong> 130ron<\/p>\n<p><strong>Cod:<\/strong> FR90<\/p>\n","protected":false},"excerpt":{"rendered":"<p>Bijuterii care imortalizeaz\u0103 str\u0103lucirea<strong> Imperiului Bizantin<\/strong>.<br \/>\nBr\u0103\u021bar\u0103 realizat\u0103 manual, din <strong>argint<\/strong> \u0219i cupru decorat\u0103 cu<strong> cristale<\/strong> rotunde de zircon verde, ro\u0219u, albastru, negru \u0219i alb, t\u0103iate rotund. Prelucrare <strong>antic\u0103.<\/strong> Este flexibil\u0103 \u0219i \u00eembr\u0103\u021bi\u0219eaz\u0103 frumos \u00eencheietura m\u00e2inii \u0219i are o clem\u0103 de siguran\u021b\u0103.<br \/>\nRealizat de <strong>Betsey Johnson!<\/strong><\/p>\n<p><strong>Pre\u021b:<\/strong> 130ron<\/p>\n<p><strong>Cod:<\/strong> FR90<\/p>\n","protected":false},"featured_media":43609,"comment_status":"closed","ping_status":"closed","template":"","meta":[],"product_cat":[279,271,277],"product_tag":[],"etheme_brands":{"errors":{"invalid_taxonomy":["Taxonomia nu este valid\u0103."]},"error_data":[]},"yoast_head":"<!-- This site is optimized with the Yoast SEO plugin v21.7 - https:\/\/yoast.com\/wordpress\/plugins\/seo\/ -->\n<title>Bijuterii care imortalizeaz\u0103 str\u0103lucirea Imperiului Bizantin! - Misses Jewellery<\/title>\n<meta name=\"description\" content=\"Bijuterii care imortalizeaz\u0103 str\u0103lucirea Imperiului Bizantin.Br\u0103\u021bar\u0103 realizat\u0103 manual, din argint \u0219i cupru decorat\u0103 cu cristale rotunde de zircon verde, ro\u0219u, albastru, negru \u0219i alb, t\u0103iate rotund. Prelucrare antic\u0103. Este flexibil\u0103 \u0219i \u00eembr\u0103\u021bi\u0219eaz\u0103 frumos \u00eencheietura m\u00e2inii \u0219i are o clem\u0103 de siguran\u021b\u0103.Realizat de Betsey Johnson!\" \/>\n<meta name=\"robots\" content=\"index, follow, max-snippet:-1, max-image-preview:large, max-video-preview:-1\" \/>\n<link rel=\"canonical\" href=\"https:\/\/missesjewellery.com\/ro\/produs\/jewelry-that-immortalizes-the-glamor-of-the-byzantine-empire\/\" \/>\n<meta property=\"og:locale\" content=\"ro_RO\" \/>\n<meta property=\"og:type\" content=\"article\" \/>\n<meta property=\"og:title\" content=\"Bijuterii care imortalizeaz\u0103 str\u0103lucirea Imperiului Bizantin! - Misses Jewellery\" \/>\n<meta property=\"og:description\" content=\"Bijuterii care imortalizeaz\u0103 str\u0103lucirea Imperiului Bizantin.Br\u0103\u021bar\u0103 realizat\u0103 manual, din argint \u0219i cupru decorat\u0103 cu cristale rotunde de zircon verde, ro\u0219u, albastru, negru \u0219i alb, t\u0103iate rotund. Prelucrare antic\u0103. Este flexibil\u0103 \u0219i \u00eembr\u0103\u021bi\u0219eaz\u0103 frumos \u00eencheietura m\u00e2inii \u0219i are o clem\u0103 de siguran\u021b\u0103.Realizat de Betsey Johnson!\" \/>\n<meta property=\"og:url\" content=\"https:\/\/missesjewellery.com\/ro\/produs\/jewelry-that-immortalizes-the-glamor-of-the-byzantine-empire\/\" \/>\n<meta property=\"og:site_name\" content=\"Misses Jewellery\" \/>\n<meta property=\"article:modified_time\" content=\"2022-11-29T07:45:43+00:00\" \/>\n<meta property=\"og:image\" content=\"https:\/\/missesjewellery.com\/wp-content\/uploads\/2022\/11\/FR90.jpg\" \/>\n\t<meta property=\"og:image:width\" content=\"800\" \/>\n\t<meta property=\"og:image:height\" content=\"800\" \/>\n\t<meta property=\"og:image:type\" content=\"image\/jpeg\" \/>\n<meta name=\"twitter:card\" content=\"summary_large_image\" \/>\n<meta name=\"twitter:label1\" content=\"Timp estimat pentru citire\" \/>\n\t<meta name=\"twitter:data1\" content=\"1 minut\" \/>\n<script type=\"application\/ld+json\" class=\"yoast-schema-graph\">{\"@context\":\"https:\/\/schema.org\",\"@graph\":[{\"@type\":\"WebPage\",\"@id\":\"https:\/\/missesjewellery.com\/ro\/produs\/jewelry-that-immortalizes-the-glamor-of-the-byzantine-empire\/\",\"url\":\"https:\/\/missesjewellery.com\/ro\/produs\/jewelry-that-immortalizes-the-glamor-of-the-byzantine-empire\/\",\"name\":\"Bijuterii care imortalizeaz\u0103 str\u0103lucirea Imperiului Bizantin! - Misses Jewellery\",\"isPartOf\":{\"@id\":\"https:\/\/missesjewellery.com\/#website\"},\"datePublished\":\"2020-11-03T16:59:28+00:00\",\"dateModified\":\"2022-11-29T07:45:43+00:00\",\"description\":\"Bijuterii care imortalizeaz\u0103 str\u0103lucirea Imperiului Bizantin.Br\u0103\u021bar\u0103 realizat\u0103 manual, din argint \u0219i cupru decorat\u0103 cu cristale rotunde de zircon verde, ro\u0219u, albastru, negru \u0219i alb, t\u0103iate rotund. Prelucrare antic\u0103. Este flexibil\u0103 \u0219i \u00eembr\u0103\u021bi\u0219eaz\u0103 frumos \u00eencheietura m\u00e2inii \u0219i are o clem\u0103 de siguran\u021b\u0103.Realizat de Betsey Johnson!\",\"breadcrumb\":{\"@id\":\"https:\/\/missesjewellery.com\/ro\/produs\/jewelry-that-immortalizes-the-glamor-of-the-byzantine-empire\/#breadcrumb\"},\"inLanguage\":\"ro-RO\",\"potentialAction\":[{\"@type\":\"ReadAction\",\"target\":[\"https:\/\/missesjewellery.com\/ro\/produs\/jewelry-that-immortalizes-the-glamor-of-the-byzantine-empire\/\"]}]},{\"@type\":\"BreadcrumbList\",\"@id\":\"https:\/\/missesjewellery.com\/ro\/produs\/jewelry-that-immortalizes-the-glamor-of-the-byzantine-empire\/#breadcrumb\",\"itemListElement\":[{\"@type\":\"ListItem\",\"position\":1,\"name\":\"\u0391\u03c1\u03c7\u03b9\u03ba\u03ae\",\"item\":\"https:\/\/missesjewellery.com\/\"},{\"@type\":\"ListItem\",\"position\":2,\"name\":\"Shop\",\"item\":\"https:\/\/missesjewellery.com\/shop\/\"},{\"@type\":\"ListItem\",\"position\":3,\"name\":\"Bijuterii care imortalizeaz\u0103 str\u0103lucirea Imperiului Bizantin!\"}]},{\"@type\":\"WebSite\",\"@id\":\"https:\/\/missesjewellery.com\/#website\",\"url\":\"https:\/\/missesjewellery.com\/\",\"name\":\"Misses Jewellery\",\"description\":\"Luxury at a price you&#039;ll love\",\"publisher\":{\"@id\":\"https:\/\/missesjewellery.com\/#organization\"},\"potentialAction\":[{\"@type\":\"SearchAction\",\"target\":{\"@type\":\"EntryPoint\",\"urlTemplate\":\"https:\/\/missesjewellery.com\/?s={search_term_string}\"},\"query-input\":\"required name=search_term_string\"}],\"inLanguage\":\"ro-RO\"},{\"@type\":\"Organization\",\"@id\":\"https:\/\/missesjewellery.com\/#organization\",\"name\":\"Misses Jewellery\",\"url\":\"https:\/\/missesjewellery.com\/\",\"logo\":{\"@type\":\"ImageObject\",\"inLanguage\":\"ro-RO\",\"@id\":\"https:\/\/missesjewellery.com\/#\/schema\/logo\/image\/\",\"url\":\"https:\/\/missesjewellery.com\/wp-content\/uploads\/2022\/11\/missesjewellery-logo.png\",\"contentUrl\":\"https:\/\/missesjewellery.com\/wp-content\/uploads\/2022\/11\/missesjewellery-logo.png\",\"width\":865,\"height\":584,\"caption\":\"Misses Jewellery\"},\"image\":{\"@id\":\"https:\/\/missesjewellery.com\/#\/schema\/logo\/image\/\"}}]}<\/script>\n<!-- \/ Yoast SEO plugin. -->","yoast_head_json":{"title":"Bijuterii care imortalizeaz\u0103 str\u0103lucirea Imperiului Bizantin! - Misses Jewellery","description":"Bijuterii care imortalizeaz\u0103 str\u0103lucirea Imperiului Bizantin.Br\u0103\u021bar\u0103 realizat\u0103 manual, din argint \u0219i cupru decorat\u0103 cu cristale rotunde de zircon verde, ro\u0219u, albastru, negru \u0219i alb, t\u0103iate rotund. Prelucrare antic\u0103. Este flexibil\u0103 \u0219i \u00eembr\u0103\u021bi\u0219eaz\u0103 frumos \u00eencheietura m\u00e2inii \u0219i are o clem\u0103 de siguran\u021b\u0103.Realizat de Betsey Johnson!","robots":{"index":"index","follow":"follow","max-snippet":"max-snippet:-1","max-image-preview":"max-image-preview:large","max-video-preview":"max-video-preview:-1"},"canonical":"https:\/\/missesjewellery.com\/ro\/produs\/jewelry-that-immortalizes-the-glamor-of-the-byzantine-empire\/","og_locale":"ro_RO","og_type":"article","og_title":"Bijuterii care imortalizeaz\u0103 str\u0103lucirea Imperiului Bizantin! - Misses Jewellery","og_description":"Bijuterii care imortalizeaz\u0103 str\u0103lucirea Imperiului Bizantin.Br\u0103\u021bar\u0103 realizat\u0103 manual, din argint \u0219i cupru decorat\u0103 cu cristale rotunde de zircon verde, ro\u0219u, albastru, negru \u0219i alb, t\u0103iate rotund. Prelucrare antic\u0103. Este flexibil\u0103 \u0219i \u00eembr\u0103\u021bi\u0219eaz\u0103 frumos \u00eencheietura m\u00e2inii \u0219i are o clem\u0103 de siguran\u021b\u0103.Realizat de Betsey Johnson!","og_url":"https:\/\/missesjewellery.com\/ro\/produs\/jewelry-that-immortalizes-the-glamor-of-the-byzantine-empire\/","og_site_name":"Misses Jewellery","article_modified_time":"2022-11-29T07:45:43+00:00","og_image":[{"width":800,"height":800,"url":"https:\/\/missesjewellery.com\/wp-content\/uploads\/2022\/11\/FR90.jpg","type":"image\/jpeg"}],"twitter_card":"summary_large_image","twitter_misc":{"Timp estimat pentru citire":"1 minut"},"schema":{"@context":"https:\/\/schema.org","@graph":[{"@type":"WebPage","@id":"https:\/\/missesjewellery.com\/ro\/produs\/jewelry-that-immortalizes-the-glamor-of-the-byzantine-empire\/","url":"https:\/\/missesjewellery.com\/ro\/produs\/jewelry-that-immortalizes-the-glamor-of-the-byzantine-empire\/","name":"Bijuterii care imortalizeaz\u0103 str\u0103lucirea Imperiului Bizantin! - Misses Jewellery","isPartOf":{"@id":"https:\/\/missesjewellery.com\/#website"},"datePublished":"2020-11-03T16:59:28+00:00","dateModified":"2022-11-29T07:45:43+00:00","description":"Bijuterii care imortalizeaz\u0103 str\u0103lucirea Imperiului Bizantin.Br\u0103\u021bar\u0103 realizat\u0103 manual, din argint \u0219i cupru decorat\u0103 cu cristale rotunde de zircon verde, ro\u0219u, albastru, negru \u0219i alb, t\u0103iate rotund. Prelucrare antic\u0103. Este flexibil\u0103 \u0219i \u00eembr\u0103\u021bi\u0219eaz\u0103 frumos \u00eencheietura m\u00e2inii \u0219i are o clem\u0103 de siguran\u021b\u0103.Realizat de Betsey Johnson!","breadcrumb":{"@id":"https:\/\/missesjewellery.com\/ro\/produs\/jewelry-that-immortalizes-the-glamor-of-the-byzantine-empire\/#breadcrumb"},"inLanguage":"ro-RO","potentialAction":[{"@type":"ReadAction","target":["https:\/\/missesjewellery.com\/ro\/produs\/jewelry-that-immortalizes-the-glamor-of-the-byzantine-empire\/"]}]},{"@type":"BreadcrumbList","@id":"https:\/\/missesjewellery.com\/ro\/produs\/jewelry-that-immortalizes-the-glamor-of-the-byzantine-empire\/#breadcrumb","itemListElement":[{"@type":"ListItem","position":1,"name":"\u0391\u03c1\u03c7\u03b9\u03ba\u03ae","item":"https:\/\/missesjewellery.com\/"},{"@type":"ListItem","position":2,"name":"Shop","item":"https:\/\/missesjewellery.com\/shop\/"},{"@type":"ListItem","position":3,"name":"Bijuterii care imortalizeaz\u0103 str\u0103lucirea Imperiului Bizantin!"}]},{"@type":"WebSite","@id":"https:\/\/missesjewellery.com\/#website","url":"https:\/\/missesjewellery.com\/","name":"Misses Jewellery","description":"Luxury at a price you&#039;ll love","publisher":{"@id":"https:\/\/missesjewellery.com\/#organization"},"potentialAction":[{"@type":"SearchAction","target":{"@type":"EntryPoint","urlTemplate":"https:\/\/missesjewellery.com\/?s={search_term_string}"},"query-input":"required name=search_term_string"}],"inLanguage":"ro-RO"},{"@type":"Organization","@id":"https:\/\/missesjewellery.com\/#organization","name":"Misses Jewellery","url":"https:\/\/missesjewellery.com\/","logo":{"@type":"ImageObject","inLanguage":"ro-RO","@id":"https:\/\/missesjewellery.com\/#\/schema\/logo\/image\/","url":"https:\/\/missesjewellery.com\/wp-content\/uploads\/2022\/11\/missesjewellery-logo.png","contentUrl":"https:\/\/missesjewellery.com\/wp-content\/uploads\/2022\/11\/missesjewellery-logo.png","width":865,"height":584,"caption":"Misses Jewellery"},"image":{"@id":"https:\/\/missesjewellery.com\/#\/schema\/logo\/image\/"}}]}},"_links":{"self":[{"href":"https:\/\/missesjewellery.com\/ro\/wp-json\/wp\/v2\/product\/26524"}],"collection":[{"href":"https:\/\/missesjewellery.com\/ro\/wp-json\/wp\/v2\/product"}],"about":[{"href":"https:\/\/missesjewellery.com\/ro\/wp-json\/wp\/v2\/types\/product"}],"replies":[{"embeddable":true,"href":"https:\/\/missesjewellery.com\/ro\/wp-json\/wp\/v2\/comments?post=26524"}],"wp:featuredmedia":[{"embeddable":true,"href":"https:\/\/missesjewellery.com\/ro\/wp-json\/wp\/v2\/media\/43609"}],"wp:attachment":[{"href":"https:\/\/missesjewellery.com\/ro\/wp-json\/wp\/v2\/media?parent=26524"}],"wp:term":[{"taxonomy":"product_cat","embeddable":true,"href":"https:\/\/missesjewellery.com\/ro\/wp-json\/wp\/v2\/product_cat?post=26524"},{"taxonomy":"product_tag","embeddable":true,"href":"https:\/\/missesjewellery.com\/ro\/wp-json\/wp\/v2\/product_tag?post=26524"}],"curies":[{"name":"wp","href":"https:\/\/api.w.org\/{rel}","templated":true}]}}