{"id":26950,"date":"2020-07-29T21:16:47","date_gmt":"2020-07-29T21:16:47","guid":{"rendered":"https:\/\/missesjewellery.com\/?post_type=product&#038;p=26950"},"modified":"2022-11-29T07:47:09","modified_gmt":"2022-11-29T07:47:09","slug":"handmade-925-silver-necklace-a-luxury-around-your-neck","status":"publish","type":"product","link":"https:\/\/missesjewellery.com\/ro\/product\/handmade-925-silver-necklace-a-luxury-around-your-neck\/","title":{"rendered":"Colier lucrat manual din argint 925 .un lux la g\u00e2tul d-voastr\u0103"},"content":{"rendered":"<p>Un colier pentru noi to\u021bi cei \u00eendr\u0103gosti\u021bi permanent \u0219i incurabil de romantici.<br \/>\n<strong>Colier indian<\/strong> realizat manual, din <strong>argint 925<\/strong>, lungime 92 cm. Decorat cu pietre minerale pre\u021bioase,de <strong>cuart fumuriu<\/strong> (Lab-Created)\u00a0\u00een t\u0103ietur\u0103 inim\u0103! Greutate total\u0103 \u00een carate (TCW): 145 CTS.<\/p>\n<p><strong>Pre\u021b<\/strong> 275ron<\/p>\n<p><strong>Cod<\/strong> FG133<\/p>\n","protected":false},"excerpt":{"rendered":"<p>Un colier pentru noi to\u021bi cei \u00eendr\u0103gosti\u021bi permanent \u0219i incurabil de romantici.<br \/>\n<strong>Colier indian<\/strong> realizat manual, din <strong>argint 925<\/strong>, lungime 92 cm. Decorat cu pietre minerale pre\u021bioase,de <strong>cuart fumuriu<\/strong> (Lab-Created)\u00a0\u00een t\u0103ietur\u0103 inim\u0103! Greutate total\u0103 \u00een carate (TCW): 145 CTS.<\/p>\n<p><strong>Pre\u021b<\/strong> 275ron<\/p>\n<p><strong>Cod<\/strong> FG133<\/p>\n","protected":false},"featured_media":43169,"comment_status":"closed","ping_status":"closed","template":"","meta":[],"product_cat":[279,271,276],"product_tag":[],"etheme_brands":{"errors":{"invalid_taxonomy":["Taxonomia nu este valid\u0103."]},"error_data":[]},"yoast_head":"<!-- This site is optimized with the Yoast SEO plugin v21.7 - https:\/\/yoast.com\/wordpress\/plugins\/seo\/ -->\n<title>Colier lucrat manual din argint 925 .un lux la g\u00e2tul d-voastr\u0103 - Misses Jewellery<\/title>\n<meta name=\"description\" content=\"Un colier pentru noi to\u021bi cei \u00eendr\u0103gosti\u021bi permanent \u0219i incurabil de romantici.Colier indian realizat manual, din argint 925, lungime 92 cm. Decorat cu pietre minerale pre\u021bioase,de cuart fumuriu (Lab-Created)\u00a0\u00een t\u0103ietur\u0103 inim\u0103! Greutate total\u0103 \u00een carate (TCW): 145 CTS.\" \/>\n<meta name=\"robots\" content=\"index, follow, max-snippet:-1, max-image-preview:large, max-video-preview:-1\" \/>\n<link rel=\"canonical\" href=\"https:\/\/missesjewellery.com\/ro\/produs\/handmade-925-silver-necklace-a-luxury-around-your-neck\/\" \/>\n<meta property=\"og:locale\" content=\"ro_RO\" \/>\n<meta property=\"og:type\" content=\"article\" \/>\n<meta property=\"og:title\" content=\"Colier lucrat manual din argint 925 .un lux la g\u00e2tul d-voastr\u0103 - Misses Jewellery\" \/>\n<meta property=\"og:description\" content=\"Un colier pentru noi to\u021bi cei \u00eendr\u0103gosti\u021bi permanent \u0219i incurabil de romantici.Colier indian realizat manual, din argint 925, lungime 92 cm. Decorat cu pietre minerale pre\u021bioase,de cuart fumuriu (Lab-Created)\u00a0\u00een t\u0103ietur\u0103 inim\u0103! Greutate total\u0103 \u00een carate (TCW): 145 CTS.\" \/>\n<meta property=\"og:url\" content=\"https:\/\/missesjewellery.com\/ro\/produs\/handmade-925-silver-necklace-a-luxury-around-your-neck\/\" \/>\n<meta property=\"og:site_name\" content=\"Misses Jewellery\" \/>\n<meta property=\"article:modified_time\" content=\"2022-11-29T07:47:09+00:00\" \/>\n<meta property=\"og:image\" content=\"https:\/\/missesjewellery.com\/wp-content\/uploads\/2022\/11\/FG133.jpg\" \/>\n\t<meta property=\"og:image:width\" content=\"900\" \/>\n\t<meta property=\"og:image:height\" content=\"900\" \/>\n\t<meta property=\"og:image:type\" content=\"image\/jpeg\" \/>\n<meta name=\"twitter:card\" content=\"summary_large_image\" \/>\n<meta name=\"twitter:label1\" content=\"Timp estimat pentru citire\" \/>\n\t<meta name=\"twitter:data1\" content=\"1 minut\" \/>\n<script type=\"application\/ld+json\" class=\"yoast-schema-graph\">{\"@context\":\"https:\/\/schema.org\",\"@graph\":[{\"@type\":\"WebPage\",\"@id\":\"https:\/\/missesjewellery.com\/ro\/produs\/handmade-925-silver-necklace-a-luxury-around-your-neck\/\",\"url\":\"https:\/\/missesjewellery.com\/ro\/produs\/handmade-925-silver-necklace-a-luxury-around-your-neck\/\",\"name\":\"Colier lucrat manual din argint 925 .un lux la g\u00e2tul d-voastr\u0103 - Misses Jewellery\",\"isPartOf\":{\"@id\":\"https:\/\/missesjewellery.com\/#website\"},\"datePublished\":\"2020-07-29T21:16:47+00:00\",\"dateModified\":\"2022-11-29T07:47:09+00:00\",\"description\":\"Un colier pentru noi to\u021bi cei \u00eendr\u0103gosti\u021bi permanent \u0219i incurabil de romantici.Colier indian realizat manual, din argint 925, lungime 92 cm. Decorat cu pietre minerale pre\u021bioase,de cuart fumuriu (Lab-Created)\u00a0\u00een t\u0103ietur\u0103 inim\u0103! Greutate total\u0103 \u00een carate (TCW): 145 CTS.\",\"breadcrumb\":{\"@id\":\"https:\/\/missesjewellery.com\/ro\/produs\/handmade-925-silver-necklace-a-luxury-around-your-neck\/#breadcrumb\"},\"inLanguage\":\"ro-RO\",\"potentialAction\":[{\"@type\":\"ReadAction\",\"target\":[\"https:\/\/missesjewellery.com\/ro\/produs\/handmade-925-silver-necklace-a-luxury-around-your-neck\/\"]}]},{\"@type\":\"BreadcrumbList\",\"@id\":\"https:\/\/missesjewellery.com\/ro\/produs\/handmade-925-silver-necklace-a-luxury-around-your-neck\/#breadcrumb\",\"itemListElement\":[{\"@type\":\"ListItem\",\"position\":1,\"name\":\"\u0391\u03c1\u03c7\u03b9\u03ba\u03ae\",\"item\":\"https:\/\/missesjewellery.com\/\"},{\"@type\":\"ListItem\",\"position\":2,\"name\":\"Shop\",\"item\":\"https:\/\/missesjewellery.com\/shop\/\"},{\"@type\":\"ListItem\",\"position\":3,\"name\":\"Colier lucrat manual din argint 925 .un lux la g\u00e2tul d-voastr\u0103\"}]},{\"@type\":\"WebSite\",\"@id\":\"https:\/\/missesjewellery.com\/#website\",\"url\":\"https:\/\/missesjewellery.com\/\",\"name\":\"Misses Jewellery\",\"description\":\"Luxury at a price you&#039;ll love\",\"publisher\":{\"@id\":\"https:\/\/missesjewellery.com\/#organization\"},\"potentialAction\":[{\"@type\":\"SearchAction\",\"target\":{\"@type\":\"EntryPoint\",\"urlTemplate\":\"https:\/\/missesjewellery.com\/?s={search_term_string}\"},\"query-input\":\"required name=search_term_string\"}],\"inLanguage\":\"ro-RO\"},{\"@type\":\"Organization\",\"@id\":\"https:\/\/missesjewellery.com\/#organization\",\"name\":\"Misses Jewellery\",\"url\":\"https:\/\/missesjewellery.com\/\",\"logo\":{\"@type\":\"ImageObject\",\"inLanguage\":\"ro-RO\",\"@id\":\"https:\/\/missesjewellery.com\/#\/schema\/logo\/image\/\",\"url\":\"https:\/\/missesjewellery.com\/wp-content\/uploads\/2022\/11\/missesjewellery-logo.png\",\"contentUrl\":\"https:\/\/missesjewellery.com\/wp-content\/uploads\/2022\/11\/missesjewellery-logo.png\",\"width\":865,\"height\":584,\"caption\":\"Misses Jewellery\"},\"image\":{\"@id\":\"https:\/\/missesjewellery.com\/#\/schema\/logo\/image\/\"}}]}<\/script>\n<!-- \/ Yoast SEO plugin. -->","yoast_head_json":{"title":"Colier lucrat manual din argint 925 .un lux la g\u00e2tul d-voastr\u0103 - Misses Jewellery","description":"Un colier pentru noi to\u021bi cei \u00eendr\u0103gosti\u021bi permanent \u0219i incurabil de romantici.Colier indian realizat manual, din argint 925, lungime 92 cm. Decorat cu pietre minerale pre\u021bioase,de cuart fumuriu (Lab-Created)\u00a0\u00een t\u0103ietur\u0103 inim\u0103! Greutate total\u0103 \u00een carate (TCW): 145 CTS.","robots":{"index":"index","follow":"follow","max-snippet":"max-snippet:-1","max-image-preview":"max-image-preview:large","max-video-preview":"max-video-preview:-1"},"canonical":"https:\/\/missesjewellery.com\/ro\/produs\/handmade-925-silver-necklace-a-luxury-around-your-neck\/","og_locale":"ro_RO","og_type":"article","og_title":"Colier lucrat manual din argint 925 .un lux la g\u00e2tul d-voastr\u0103 - Misses Jewellery","og_description":"Un colier pentru noi to\u021bi cei \u00eendr\u0103gosti\u021bi permanent \u0219i incurabil de romantici.Colier indian realizat manual, din argint 925, lungime 92 cm. Decorat cu pietre minerale pre\u021bioase,de cuart fumuriu (Lab-Created)\u00a0\u00een t\u0103ietur\u0103 inim\u0103! Greutate total\u0103 \u00een carate (TCW): 145 CTS.","og_url":"https:\/\/missesjewellery.com\/ro\/produs\/handmade-925-silver-necklace-a-luxury-around-your-neck\/","og_site_name":"Misses Jewellery","article_modified_time":"2022-11-29T07:47:09+00:00","og_image":[{"width":900,"height":900,"url":"https:\/\/missesjewellery.com\/wp-content\/uploads\/2022\/11\/FG133.jpg","type":"image\/jpeg"}],"twitter_card":"summary_large_image","twitter_misc":{"Timp estimat pentru citire":"1 minut"},"schema":{"@context":"https:\/\/schema.org","@graph":[{"@type":"WebPage","@id":"https:\/\/missesjewellery.com\/ro\/produs\/handmade-925-silver-necklace-a-luxury-around-your-neck\/","url":"https:\/\/missesjewellery.com\/ro\/produs\/handmade-925-silver-necklace-a-luxury-around-your-neck\/","name":"Colier lucrat manual din argint 925 .un lux la g\u00e2tul d-voastr\u0103 - Misses Jewellery","isPartOf":{"@id":"https:\/\/missesjewellery.com\/#website"},"datePublished":"2020-07-29T21:16:47+00:00","dateModified":"2022-11-29T07:47:09+00:00","description":"Un colier pentru noi to\u021bi cei \u00eendr\u0103gosti\u021bi permanent \u0219i incurabil de romantici.Colier indian realizat manual, din argint 925, lungime 92 cm. Decorat cu pietre minerale pre\u021bioase,de cuart fumuriu (Lab-Created)\u00a0\u00een t\u0103ietur\u0103 inim\u0103! Greutate total\u0103 \u00een carate (TCW): 145 CTS.","breadcrumb":{"@id":"https:\/\/missesjewellery.com\/ro\/produs\/handmade-925-silver-necklace-a-luxury-around-your-neck\/#breadcrumb"},"inLanguage":"ro-RO","potentialAction":[{"@type":"ReadAction","target":["https:\/\/missesjewellery.com\/ro\/produs\/handmade-925-silver-necklace-a-luxury-around-your-neck\/"]}]},{"@type":"BreadcrumbList","@id":"https:\/\/missesjewellery.com\/ro\/produs\/handmade-925-silver-necklace-a-luxury-around-your-neck\/#breadcrumb","itemListElement":[{"@type":"ListItem","position":1,"name":"\u0391\u03c1\u03c7\u03b9\u03ba\u03ae","item":"https:\/\/missesjewellery.com\/"},{"@type":"ListItem","position":2,"name":"Shop","item":"https:\/\/missesjewellery.com\/shop\/"},{"@type":"ListItem","position":3,"name":"Colier lucrat manual din argint 925 .un lux la g\u00e2tul d-voastr\u0103"}]},{"@type":"WebSite","@id":"https:\/\/missesjewellery.com\/#website","url":"https:\/\/missesjewellery.com\/","name":"Misses Jewellery","description":"Luxury at a price you&#039;ll love","publisher":{"@id":"https:\/\/missesjewellery.com\/#organization"},"potentialAction":[{"@type":"SearchAction","target":{"@type":"EntryPoint","urlTemplate":"https:\/\/missesjewellery.com\/?s={search_term_string}"},"query-input":"required name=search_term_string"}],"inLanguage":"ro-RO"},{"@type":"Organization","@id":"https:\/\/missesjewellery.com\/#organization","name":"Misses Jewellery","url":"https:\/\/missesjewellery.com\/","logo":{"@type":"ImageObject","inLanguage":"ro-RO","@id":"https:\/\/missesjewellery.com\/#\/schema\/logo\/image\/","url":"https:\/\/missesjewellery.com\/wp-content\/uploads\/2022\/11\/missesjewellery-logo.png","contentUrl":"https:\/\/missesjewellery.com\/wp-content\/uploads\/2022\/11\/missesjewellery-logo.png","width":865,"height":584,"caption":"Misses Jewellery"},"image":{"@id":"https:\/\/missesjewellery.com\/#\/schema\/logo\/image\/"}}]}},"_links":{"self":[{"href":"https:\/\/missesjewellery.com\/ro\/wp-json\/wp\/v2\/product\/26950"}],"collection":[{"href":"https:\/\/missesjewellery.com\/ro\/wp-json\/wp\/v2\/product"}],"about":[{"href":"https:\/\/missesjewellery.com\/ro\/wp-json\/wp\/v2\/types\/product"}],"replies":[{"embeddable":true,"href":"https:\/\/missesjewellery.com\/ro\/wp-json\/wp\/v2\/comments?post=26950"}],"wp:featuredmedia":[{"embeddable":true,"href":"https:\/\/missesjewellery.com\/ro\/wp-json\/wp\/v2\/media\/43169"}],"wp:attachment":[{"href":"https:\/\/missesjewellery.com\/ro\/wp-json\/wp\/v2\/media?parent=26950"}],"wp:term":[{"taxonomy":"product_cat","embeddable":true,"href":"https:\/\/missesjewellery.com\/ro\/wp-json\/wp\/v2\/product_cat?post=26950"},{"taxonomy":"product_tag","embeddable":true,"href":"https:\/\/missesjewellery.com\/ro\/wp-json\/wp\/v2\/product_tag?post=26950"}],"curies":[{"name":"wp","href":"https:\/\/api.w.org\/{rel}","templated":true}]}}