{"id":27196,"date":"2020-10-14T10:19:03","date_gmt":"2020-10-14T10:19:03","guid":{"rendered":"https:\/\/missesjewellery.com\/?post_type=product&#038;p=27196"},"modified":"2022-11-29T07:48:03","modified_gmt":"2022-11-29T07:48:03","slug":"handmade-925-silver-earrings-decorated-with-smoky-quartz-gemstone","status":"publish","type":"product","link":"https:\/\/missesjewellery.com\/ro\/product\/handmade-925-silver-earrings-decorated-with-smoky-quartz-gemstone\/","title":{"rendered":"Cercei lucra\u021bi manual din argint 925. Decora\u021bi cu piatr\u0103 mineral\u0103 pre\u021bioas\u0103 cuar\u021b fumuriu"},"content":{"rendered":"<p>Cercei lucra\u021bi manual din <strong>argint 925<\/strong>. Decora\u021bi cu piatr\u0103 pre\u021bioas\u0103, mineral\u0103 <strong>Cuar\u021b fumuriu<\/strong> (smoky quartz) \u00een t\u0103ietur\u0103 cushion. Greutate total\u0103 \u00een carate (TCW): 50. Cerceii au o lungime de 5,8 cm.<\/p>\n<p><strong>Pre\u021b<\/strong> 210ron.<\/p>\n<p><strong>Cod<\/strong> FR3<\/p>\n<p><strong>Fum &#8211; Cuar\u021b fumuriu<\/strong><br \/>\n\u2022 Ap\u0103r\u0103 orice energie negativ\u0103 \u0219i ofer\u0103 pace \u0219i lini\u0219te.<br \/>\n\u2022 Aduce confort \u00een momentele de triste\u021be, inspir\u0103 \u00eencredere \u0219i \u00eencredere \u00een sine.<br \/>\n\u2022 Promoveaz\u0103 munca \u00een echip\u0103, creativitatea \u0219i ajut\u0103 la atingerea obiectivelor personale \u0219i de afaceri.<\/p>\n","protected":false},"excerpt":{"rendered":"<p>Cercei lucra\u021bi manual din <strong>argint 925<\/strong>. Decora\u021bi cu piatr\u0103 pre\u021bioas\u0103, mineral\u0103 <strong>Cuar\u021b fumuriu<\/strong> (smoky quartz) \u00een t\u0103ietur\u0103 cushion. Greutate total\u0103 \u00een carate (TCW): 50. Cerceii au o lungime de 5,8 cm.<\/p>\n<p><strong>Pre\u021b<\/strong> 210ron.<\/p>\n<p><strong>Cod<\/strong> FR3<\/p>\n<p><strong>Fum &#8211; Cuar\u021b fumuriu<\/strong><br \/>\n\u2022 Ap\u0103r\u0103 orice energie negativ\u0103 \u0219i ofer\u0103 pace \u0219i lini\u0219te.<br \/>\n\u2022 Aduce confort \u00een momentele de triste\u021be, inspir\u0103 \u00eencredere \u0219i \u00eencredere \u00een sine.<br \/>\n\u2022 Promoveaz\u0103 munca \u00een echip\u0103, creativitatea \u0219i ajut\u0103 la atingerea obiectivelor personale \u0219i de afaceri.<\/p>\n","protected":false},"featured_media":43499,"comment_status":"closed","ping_status":"closed","template":"","meta":[],"product_cat":[279,271,273],"product_tag":[],"etheme_brands":{"errors":{"invalid_taxonomy":["Taxonomia nu este valid\u0103."]},"error_data":[]},"yoast_head":"<!-- This site is optimized with the Yoast SEO plugin v21.7 - https:\/\/yoast.com\/wordpress\/plugins\/seo\/ -->\n<title>Cercei lucra\u021bi manual din argint 925. Decora\u021bi cu piatr\u0103 mineral\u0103 pre\u021bioas\u0103 cuar\u021b fumuriu - Misses Jewellery<\/title>\n<meta name=\"description\" content=\"Cercei lucra\u021bi manual din argint 925. Decora\u021bi cu piatr\u0103 pre\u021bioas\u0103, mineral\u0103 Cuar\u021b fumuriu (smoky quartz) \u00een t\u0103ietur\u0103 cushion. Greutate total\u0103 \u00een carate (TCW): 50. Cerceii au o lungime de 5,8 cm.\" \/>\n<meta name=\"robots\" content=\"index, follow, max-snippet:-1, max-image-preview:large, max-video-preview:-1\" \/>\n<link rel=\"canonical\" href=\"https:\/\/missesjewellery.com\/ro\/produs\/handmade-925-silver-earrings-decorated-with-smoky-quartz-gemstone\/\" \/>\n<meta property=\"og:locale\" content=\"ro_RO\" \/>\n<meta property=\"og:type\" content=\"article\" \/>\n<meta property=\"og:title\" content=\"Cercei lucra\u021bi manual din argint 925. Decora\u021bi cu piatr\u0103 mineral\u0103 pre\u021bioas\u0103 cuar\u021b fumuriu - Misses Jewellery\" \/>\n<meta property=\"og:description\" content=\"Cercei lucra\u021bi manual din argint 925. Decora\u021bi cu piatr\u0103 pre\u021bioas\u0103, mineral\u0103 Cuar\u021b fumuriu (smoky quartz) \u00een t\u0103ietur\u0103 cushion. Greutate total\u0103 \u00een carate (TCW): 50. Cerceii au o lungime de 5,8 cm.\" \/>\n<meta property=\"og:url\" content=\"https:\/\/missesjewellery.com\/ro\/produs\/handmade-925-silver-earrings-decorated-with-smoky-quartz-gemstone\/\" \/>\n<meta property=\"og:site_name\" content=\"Misses Jewellery\" \/>\n<meta property=\"article:modified_time\" content=\"2022-11-29T07:48:03+00:00\" \/>\n<meta property=\"og:image\" content=\"https:\/\/missesjewellery.com\/wp-content\/uploads\/2022\/11\/FR3.jpg\" \/>\n\t<meta property=\"og:image:width\" content=\"900\" \/>\n\t<meta property=\"og:image:height\" content=\"900\" \/>\n\t<meta property=\"og:image:type\" content=\"image\/jpeg\" \/>\n<meta name=\"twitter:card\" content=\"summary_large_image\" \/>\n<meta name=\"twitter:label1\" content=\"Timp estimat pentru citire\" \/>\n\t<meta name=\"twitter:data1\" content=\"1 minut\" \/>\n<script type=\"application\/ld+json\" class=\"yoast-schema-graph\">{\"@context\":\"https:\/\/schema.org\",\"@graph\":[{\"@type\":\"WebPage\",\"@id\":\"https:\/\/missesjewellery.com\/ro\/produs\/handmade-925-silver-earrings-decorated-with-smoky-quartz-gemstone\/\",\"url\":\"https:\/\/missesjewellery.com\/ro\/produs\/handmade-925-silver-earrings-decorated-with-smoky-quartz-gemstone\/\",\"name\":\"Cercei lucra\u021bi manual din argint 925. Decora\u021bi cu piatr\u0103 mineral\u0103 pre\u021bioas\u0103 cuar\u021b fumuriu - Misses Jewellery\",\"isPartOf\":{\"@id\":\"https:\/\/missesjewellery.com\/#website\"},\"datePublished\":\"2020-10-14T10:19:03+00:00\",\"dateModified\":\"2022-11-29T07:48:03+00:00\",\"description\":\"Cercei lucra\u021bi manual din argint 925. Decora\u021bi cu piatr\u0103 pre\u021bioas\u0103, mineral\u0103 Cuar\u021b fumuriu (smoky quartz) \u00een t\u0103ietur\u0103 cushion. Greutate total\u0103 \u00een carate (TCW): 50. Cerceii au o lungime de 5,8 cm.\",\"breadcrumb\":{\"@id\":\"https:\/\/missesjewellery.com\/ro\/produs\/handmade-925-silver-earrings-decorated-with-smoky-quartz-gemstone\/#breadcrumb\"},\"inLanguage\":\"ro-RO\",\"potentialAction\":[{\"@type\":\"ReadAction\",\"target\":[\"https:\/\/missesjewellery.com\/ro\/produs\/handmade-925-silver-earrings-decorated-with-smoky-quartz-gemstone\/\"]}]},{\"@type\":\"BreadcrumbList\",\"@id\":\"https:\/\/missesjewellery.com\/ro\/produs\/handmade-925-silver-earrings-decorated-with-smoky-quartz-gemstone\/#breadcrumb\",\"itemListElement\":[{\"@type\":\"ListItem\",\"position\":1,\"name\":\"\u0391\u03c1\u03c7\u03b9\u03ba\u03ae\",\"item\":\"https:\/\/missesjewellery.com\/\"},{\"@type\":\"ListItem\",\"position\":2,\"name\":\"Shop\",\"item\":\"https:\/\/missesjewellery.com\/shop\/\"},{\"@type\":\"ListItem\",\"position\":3,\"name\":\"Cercei lucra\u021bi manual din argint 925. Decora\u021bi cu piatr\u0103 mineral\u0103 pre\u021bioas\u0103 cuar\u021b fumuriu\"}]},{\"@type\":\"WebSite\",\"@id\":\"https:\/\/missesjewellery.com\/#website\",\"url\":\"https:\/\/missesjewellery.com\/\",\"name\":\"Misses Jewellery\",\"description\":\"Luxury at a price you&#039;ll love\",\"publisher\":{\"@id\":\"https:\/\/missesjewellery.com\/#organization\"},\"potentialAction\":[{\"@type\":\"SearchAction\",\"target\":{\"@type\":\"EntryPoint\",\"urlTemplate\":\"https:\/\/missesjewellery.com\/?s={search_term_string}\"},\"query-input\":\"required name=search_term_string\"}],\"inLanguage\":\"ro-RO\"},{\"@type\":\"Organization\",\"@id\":\"https:\/\/missesjewellery.com\/#organization\",\"name\":\"Misses Jewellery\",\"url\":\"https:\/\/missesjewellery.com\/\",\"logo\":{\"@type\":\"ImageObject\",\"inLanguage\":\"ro-RO\",\"@id\":\"https:\/\/missesjewellery.com\/#\/schema\/logo\/image\/\",\"url\":\"https:\/\/missesjewellery.com\/wp-content\/uploads\/2022\/11\/missesjewellery-logo.png\",\"contentUrl\":\"https:\/\/missesjewellery.com\/wp-content\/uploads\/2022\/11\/missesjewellery-logo.png\",\"width\":865,\"height\":584,\"caption\":\"Misses Jewellery\"},\"image\":{\"@id\":\"https:\/\/missesjewellery.com\/#\/schema\/logo\/image\/\"}}]}<\/script>\n<!-- \/ Yoast SEO plugin. -->","yoast_head_json":{"title":"Cercei lucra\u021bi manual din argint 925. Decora\u021bi cu piatr\u0103 mineral\u0103 pre\u021bioas\u0103 cuar\u021b fumuriu - Misses Jewellery","description":"Cercei lucra\u021bi manual din argint 925. Decora\u021bi cu piatr\u0103 pre\u021bioas\u0103, mineral\u0103 Cuar\u021b fumuriu (smoky quartz) \u00een t\u0103ietur\u0103 cushion. Greutate total\u0103 \u00een carate (TCW): 50. Cerceii au o lungime de 5,8 cm.","robots":{"index":"index","follow":"follow","max-snippet":"max-snippet:-1","max-image-preview":"max-image-preview:large","max-video-preview":"max-video-preview:-1"},"canonical":"https:\/\/missesjewellery.com\/ro\/produs\/handmade-925-silver-earrings-decorated-with-smoky-quartz-gemstone\/","og_locale":"ro_RO","og_type":"article","og_title":"Cercei lucra\u021bi manual din argint 925. Decora\u021bi cu piatr\u0103 mineral\u0103 pre\u021bioas\u0103 cuar\u021b fumuriu - Misses Jewellery","og_description":"Cercei lucra\u021bi manual din argint 925. Decora\u021bi cu piatr\u0103 pre\u021bioas\u0103, mineral\u0103 Cuar\u021b fumuriu (smoky quartz) \u00een t\u0103ietur\u0103 cushion. Greutate total\u0103 \u00een carate (TCW): 50. Cerceii au o lungime de 5,8 cm.","og_url":"https:\/\/missesjewellery.com\/ro\/produs\/handmade-925-silver-earrings-decorated-with-smoky-quartz-gemstone\/","og_site_name":"Misses Jewellery","article_modified_time":"2022-11-29T07:48:03+00:00","og_image":[{"width":900,"height":900,"url":"https:\/\/missesjewellery.com\/wp-content\/uploads\/2022\/11\/FR3.jpg","type":"image\/jpeg"}],"twitter_card":"summary_large_image","twitter_misc":{"Timp estimat pentru citire":"1 minut"},"schema":{"@context":"https:\/\/schema.org","@graph":[{"@type":"WebPage","@id":"https:\/\/missesjewellery.com\/ro\/produs\/handmade-925-silver-earrings-decorated-with-smoky-quartz-gemstone\/","url":"https:\/\/missesjewellery.com\/ro\/produs\/handmade-925-silver-earrings-decorated-with-smoky-quartz-gemstone\/","name":"Cercei lucra\u021bi manual din argint 925. Decora\u021bi cu piatr\u0103 mineral\u0103 pre\u021bioas\u0103 cuar\u021b fumuriu - Misses Jewellery","isPartOf":{"@id":"https:\/\/missesjewellery.com\/#website"},"datePublished":"2020-10-14T10:19:03+00:00","dateModified":"2022-11-29T07:48:03+00:00","description":"Cercei lucra\u021bi manual din argint 925. Decora\u021bi cu piatr\u0103 pre\u021bioas\u0103, mineral\u0103 Cuar\u021b fumuriu (smoky quartz) \u00een t\u0103ietur\u0103 cushion. Greutate total\u0103 \u00een carate (TCW): 50. Cerceii au o lungime de 5,8 cm.","breadcrumb":{"@id":"https:\/\/missesjewellery.com\/ro\/produs\/handmade-925-silver-earrings-decorated-with-smoky-quartz-gemstone\/#breadcrumb"},"inLanguage":"ro-RO","potentialAction":[{"@type":"ReadAction","target":["https:\/\/missesjewellery.com\/ro\/produs\/handmade-925-silver-earrings-decorated-with-smoky-quartz-gemstone\/"]}]},{"@type":"BreadcrumbList","@id":"https:\/\/missesjewellery.com\/ro\/produs\/handmade-925-silver-earrings-decorated-with-smoky-quartz-gemstone\/#breadcrumb","itemListElement":[{"@type":"ListItem","position":1,"name":"\u0391\u03c1\u03c7\u03b9\u03ba\u03ae","item":"https:\/\/missesjewellery.com\/"},{"@type":"ListItem","position":2,"name":"Shop","item":"https:\/\/missesjewellery.com\/shop\/"},{"@type":"ListItem","position":3,"name":"Cercei lucra\u021bi manual din argint 925. Decora\u021bi cu piatr\u0103 mineral\u0103 pre\u021bioas\u0103 cuar\u021b fumuriu"}]},{"@type":"WebSite","@id":"https:\/\/missesjewellery.com\/#website","url":"https:\/\/missesjewellery.com\/","name":"Misses Jewellery","description":"Luxury at a price you&#039;ll love","publisher":{"@id":"https:\/\/missesjewellery.com\/#organization"},"potentialAction":[{"@type":"SearchAction","target":{"@type":"EntryPoint","urlTemplate":"https:\/\/missesjewellery.com\/?s={search_term_string}"},"query-input":"required name=search_term_string"}],"inLanguage":"ro-RO"},{"@type":"Organization","@id":"https:\/\/missesjewellery.com\/#organization","name":"Misses Jewellery","url":"https:\/\/missesjewellery.com\/","logo":{"@type":"ImageObject","inLanguage":"ro-RO","@id":"https:\/\/missesjewellery.com\/#\/schema\/logo\/image\/","url":"https:\/\/missesjewellery.com\/wp-content\/uploads\/2022\/11\/missesjewellery-logo.png","contentUrl":"https:\/\/missesjewellery.com\/wp-content\/uploads\/2022\/11\/missesjewellery-logo.png","width":865,"height":584,"caption":"Misses Jewellery"},"image":{"@id":"https:\/\/missesjewellery.com\/#\/schema\/logo\/image\/"}}]}},"_links":{"self":[{"href":"https:\/\/missesjewellery.com\/ro\/wp-json\/wp\/v2\/product\/27196"}],"collection":[{"href":"https:\/\/missesjewellery.com\/ro\/wp-json\/wp\/v2\/product"}],"about":[{"href":"https:\/\/missesjewellery.com\/ro\/wp-json\/wp\/v2\/types\/product"}],"replies":[{"embeddable":true,"href":"https:\/\/missesjewellery.com\/ro\/wp-json\/wp\/v2\/comments?post=27196"}],"wp:featuredmedia":[{"embeddable":true,"href":"https:\/\/missesjewellery.com\/ro\/wp-json\/wp\/v2\/media\/43499"}],"wp:attachment":[{"href":"https:\/\/missesjewellery.com\/ro\/wp-json\/wp\/v2\/media?parent=27196"}],"wp:term":[{"taxonomy":"product_cat","embeddable":true,"href":"https:\/\/missesjewellery.com\/ro\/wp-json\/wp\/v2\/product_cat?post=27196"},{"taxonomy":"product_tag","embeddable":true,"href":"https:\/\/missesjewellery.com\/ro\/wp-json\/wp\/v2\/product_tag?post=27196"}],"curies":[{"name":"wp","href":"https:\/\/api.w.org\/{rel}","templated":true}]}}