{"id":27198,"date":"2020-10-14T08:53:05","date_gmt":"2020-10-14T08:53:05","guid":{"rendered":"https:\/\/missesjewellery.com\/?post_type=product&#038;p=27198"},"modified":"2022-11-29T07:48:05","modified_gmt":"2022-11-29T07:48:05","slug":"handmade-earrings-made-of-925-silver-decorated-with-precious-minerals-black-tourmaline","status":"publish","type":"product","link":"https:\/\/missesjewellery.com\/ro\/product\/handmade-earrings-made-of-925-silver-decorated-with-precious-minerals-black-tourmaline\/","title":{"rendered":"Cercei lucra\u021bi manual din argint 925 decora\u021bi cu pietre minerale pre\u021bioase, turmalin\u0103 neagr\u0103"},"content":{"rendered":"<p>Cercei lucra\u021bi manual din<strong> argint 925<\/strong>, decora\u021bi cu o piatr\u0103 mineral\u0103 pre\u021bioas\u0103, de <strong>turmalin\u0103 neagr\u0103,<\/strong> \u00een t\u0103ietur\u0103 pear. Greutatea total\u0103 \u00een carate (TCW): 35. Cerceii au o lungime de 5,1 cm.<\/p>\n<p><strong>Pre\u021b<\/strong> 180ron.<\/p>\n<p><strong>Cod<\/strong> FR1<\/p>\n<p><strong>Turmalina neagr\u0103<\/strong> are capacitatea de a-\u0219i proteja purt\u0103torul prin crearea unui scut energetic de protec\u021bie \u0219i de a trimite \u00eenapoi la sursa sa orice energie negativ\u0103 prin eliberarea purt\u0103torului s\u0103u de blesteme, vr\u0103ji \u0219i orice energie agresiv\u0103 extern\u0103.<br \/>\nEnergia sa de cristal corecteaz\u0103 blocajul acolo unde exist\u0103 \u0219i d\u0103 energie. El risipe\u0219te g\u00e2ndurile negative \u0219i promoveaz\u0103 g\u00e2ndirea ra\u021bional\u0103. \u00cembun\u0103t\u0103\u021be\u0219te medita\u021bia. Echilibreaz\u0103 Yin \u0219i Yan.<\/p>\n","protected":false},"excerpt":{"rendered":"<p>Cercei lucra\u021bi manual din<strong> argint 925<\/strong>, decora\u021bi cu o piatr\u0103 mineral\u0103 pre\u021bioas\u0103, de <strong>turmalin\u0103 neagr\u0103,<\/strong> \u00een t\u0103ietur\u0103 pear. Greutatea total\u0103 \u00een carate (TCW): 35. Cerceii au o lungime de 5,1 cm.<\/p>\n<p><strong>Pre\u021b<\/strong> 180ron.<\/p>\n<p><strong>Cod<\/strong> FR1<\/p>\n<p><strong>Turmalina neagr\u0103<\/strong> are capacitatea de a-\u0219i proteja purt\u0103torul prin crearea unui scut energetic de protec\u021bie \u0219i de a trimite \u00eenapoi la sursa sa orice energie negativ\u0103 prin eliberarea purt\u0103torului s\u0103u de blesteme, vr\u0103ji \u0219i orice energie agresiv\u0103 extern\u0103.<br \/>\nEnergia sa de cristal corecteaz\u0103 blocajul acolo unde exist\u0103 \u0219i d\u0103 energie. El risipe\u0219te g\u00e2ndurile negative \u0219i promoveaz\u0103 g\u00e2ndirea ra\u021bional\u0103. \u00cembun\u0103t\u0103\u021be\u0219te medita\u021bia. Echilibreaz\u0103 Yin \u0219i Yan.<\/p>\n","protected":false},"featured_media":48327,"comment_status":"closed","ping_status":"closed","template":"","meta":[],"product_cat":[279,271,273],"product_tag":[],"etheme_brands":{"errors":{"invalid_taxonomy":["Taxonomia nu este valid\u0103."]},"error_data":[]},"yoast_head":"<!-- This site is optimized with the Yoast SEO plugin v21.7 - https:\/\/yoast.com\/wordpress\/plugins\/seo\/ -->\n<title>Cercei lucra\u021bi manual din argint 925 decora\u021bi cu pietre minerale pre\u021bioase, turmalin\u0103 neagr\u0103 - Misses Jewellery<\/title>\n<meta name=\"description\" content=\"Cercei lucra\u021bi manual din argint 925, decora\u021bi cu o piatr\u0103 mineral\u0103 pre\u021bioas\u0103, de turmalin\u0103 neagr\u0103, \u00een t\u0103ietur\u0103 pear. Greutatea total\u0103 \u00een carate (TCW): 35. Cerceii au o lungime de 5,1 cm.\" \/>\n<meta name=\"robots\" content=\"index, follow, max-snippet:-1, max-image-preview:large, max-video-preview:-1\" \/>\n<link rel=\"canonical\" href=\"https:\/\/missesjewellery.com\/ro\/produs\/handmade-earrings-made-of-925-silver-decorated-with-precious-minerals-black-tourmaline\/\" \/>\n<meta property=\"og:locale\" content=\"ro_RO\" \/>\n<meta property=\"og:type\" content=\"article\" \/>\n<meta property=\"og:title\" content=\"Cercei lucra\u021bi manual din argint 925 decora\u021bi cu pietre minerale pre\u021bioase, turmalin\u0103 neagr\u0103 - Misses Jewellery\" \/>\n<meta property=\"og:description\" content=\"Cercei lucra\u021bi manual din argint 925, decora\u021bi cu o piatr\u0103 mineral\u0103 pre\u021bioas\u0103, de turmalin\u0103 neagr\u0103, \u00een t\u0103ietur\u0103 pear. Greutatea total\u0103 \u00een carate (TCW): 35. Cerceii au o lungime de 5,1 cm.\" \/>\n<meta property=\"og:url\" content=\"https:\/\/missesjewellery.com\/ro\/produs\/handmade-earrings-made-of-925-silver-decorated-with-precious-minerals-black-tourmaline\/\" \/>\n<meta property=\"og:site_name\" content=\"Misses Jewellery\" \/>\n<meta property=\"article:modified_time\" content=\"2022-11-29T07:48:05+00:00\" \/>\n<meta property=\"og:image\" content=\"https:\/\/missesjewellery.com\/wp-content\/uploads\/2022\/11\/FR1.jpg\" \/>\n\t<meta property=\"og:image:width\" content=\"900\" \/>\n\t<meta property=\"og:image:height\" content=\"900\" \/>\n\t<meta property=\"og:image:type\" content=\"image\/jpeg\" \/>\n<meta name=\"twitter:card\" content=\"summary_large_image\" \/>\n<meta name=\"twitter:label1\" content=\"Timp estimat pentru citire\" \/>\n\t<meta name=\"twitter:data1\" content=\"1 minut\" \/>\n<script type=\"application\/ld+json\" class=\"yoast-schema-graph\">{\"@context\":\"https:\/\/schema.org\",\"@graph\":[{\"@type\":\"WebPage\",\"@id\":\"https:\/\/missesjewellery.com\/ro\/produs\/handmade-earrings-made-of-925-silver-decorated-with-precious-minerals-black-tourmaline\/\",\"url\":\"https:\/\/missesjewellery.com\/ro\/produs\/handmade-earrings-made-of-925-silver-decorated-with-precious-minerals-black-tourmaline\/\",\"name\":\"Cercei lucra\u021bi manual din argint 925 decora\u021bi cu pietre minerale pre\u021bioase, turmalin\u0103 neagr\u0103 - Misses Jewellery\",\"isPartOf\":{\"@id\":\"https:\/\/missesjewellery.com\/#website\"},\"datePublished\":\"2020-10-14T08:53:05+00:00\",\"dateModified\":\"2022-11-29T07:48:05+00:00\",\"description\":\"Cercei lucra\u021bi manual din argint 925, decora\u021bi cu o piatr\u0103 mineral\u0103 pre\u021bioas\u0103, de turmalin\u0103 neagr\u0103, \u00een t\u0103ietur\u0103 pear. Greutatea total\u0103 \u00een carate (TCW): 35. Cerceii au o lungime de 5,1 cm.\",\"breadcrumb\":{\"@id\":\"https:\/\/missesjewellery.com\/ro\/produs\/handmade-earrings-made-of-925-silver-decorated-with-precious-minerals-black-tourmaline\/#breadcrumb\"},\"inLanguage\":\"ro-RO\",\"potentialAction\":[{\"@type\":\"ReadAction\",\"target\":[\"https:\/\/missesjewellery.com\/ro\/produs\/handmade-earrings-made-of-925-silver-decorated-with-precious-minerals-black-tourmaline\/\"]}]},{\"@type\":\"BreadcrumbList\",\"@id\":\"https:\/\/missesjewellery.com\/ro\/produs\/handmade-earrings-made-of-925-silver-decorated-with-precious-minerals-black-tourmaline\/#breadcrumb\",\"itemListElement\":[{\"@type\":\"ListItem\",\"position\":1,\"name\":\"\u0391\u03c1\u03c7\u03b9\u03ba\u03ae\",\"item\":\"https:\/\/missesjewellery.com\/\"},{\"@type\":\"ListItem\",\"position\":2,\"name\":\"Shop\",\"item\":\"https:\/\/missesjewellery.com\/shop\/\"},{\"@type\":\"ListItem\",\"position\":3,\"name\":\"Cercei lucra\u021bi manual din argint 925 decora\u021bi cu pietre minerale pre\u021bioase, turmalin\u0103 neagr\u0103\"}]},{\"@type\":\"WebSite\",\"@id\":\"https:\/\/missesjewellery.com\/#website\",\"url\":\"https:\/\/missesjewellery.com\/\",\"name\":\"Misses Jewellery\",\"description\":\"Luxury at a price you&#039;ll love\",\"publisher\":{\"@id\":\"https:\/\/missesjewellery.com\/#organization\"},\"potentialAction\":[{\"@type\":\"SearchAction\",\"target\":{\"@type\":\"EntryPoint\",\"urlTemplate\":\"https:\/\/missesjewellery.com\/?s={search_term_string}\"},\"query-input\":\"required name=search_term_string\"}],\"inLanguage\":\"ro-RO\"},{\"@type\":\"Organization\",\"@id\":\"https:\/\/missesjewellery.com\/#organization\",\"name\":\"Misses Jewellery\",\"url\":\"https:\/\/missesjewellery.com\/\",\"logo\":{\"@type\":\"ImageObject\",\"inLanguage\":\"ro-RO\",\"@id\":\"https:\/\/missesjewellery.com\/#\/schema\/logo\/image\/\",\"url\":\"https:\/\/missesjewellery.com\/wp-content\/uploads\/2022\/11\/missesjewellery-logo.png\",\"contentUrl\":\"https:\/\/missesjewellery.com\/wp-content\/uploads\/2022\/11\/missesjewellery-logo.png\",\"width\":865,\"height\":584,\"caption\":\"Misses Jewellery\"},\"image\":{\"@id\":\"https:\/\/missesjewellery.com\/#\/schema\/logo\/image\/\"}}]}<\/script>\n<!-- \/ Yoast SEO plugin. -->","yoast_head_json":{"title":"Cercei lucra\u021bi manual din argint 925 decora\u021bi cu pietre minerale pre\u021bioase, turmalin\u0103 neagr\u0103 - Misses Jewellery","description":"Cercei lucra\u021bi manual din argint 925, decora\u021bi cu o piatr\u0103 mineral\u0103 pre\u021bioas\u0103, de turmalin\u0103 neagr\u0103, \u00een t\u0103ietur\u0103 pear. Greutatea total\u0103 \u00een carate (TCW): 35. Cerceii au o lungime de 5,1 cm.","robots":{"index":"index","follow":"follow","max-snippet":"max-snippet:-1","max-image-preview":"max-image-preview:large","max-video-preview":"max-video-preview:-1"},"canonical":"https:\/\/missesjewellery.com\/ro\/produs\/handmade-earrings-made-of-925-silver-decorated-with-precious-minerals-black-tourmaline\/","og_locale":"ro_RO","og_type":"article","og_title":"Cercei lucra\u021bi manual din argint 925 decora\u021bi cu pietre minerale pre\u021bioase, turmalin\u0103 neagr\u0103 - Misses Jewellery","og_description":"Cercei lucra\u021bi manual din argint 925, decora\u021bi cu o piatr\u0103 mineral\u0103 pre\u021bioas\u0103, de turmalin\u0103 neagr\u0103, \u00een t\u0103ietur\u0103 pear. Greutatea total\u0103 \u00een carate (TCW): 35. Cerceii au o lungime de 5,1 cm.","og_url":"https:\/\/missesjewellery.com\/ro\/produs\/handmade-earrings-made-of-925-silver-decorated-with-precious-minerals-black-tourmaline\/","og_site_name":"Misses Jewellery","article_modified_time":"2022-11-29T07:48:05+00:00","og_image":[{"width":900,"height":900,"url":"https:\/\/missesjewellery.com\/wp-content\/uploads\/2022\/11\/FR1.jpg","type":"image\/jpeg"}],"twitter_card":"summary_large_image","twitter_misc":{"Timp estimat pentru citire":"1 minut"},"schema":{"@context":"https:\/\/schema.org","@graph":[{"@type":"WebPage","@id":"https:\/\/missesjewellery.com\/ro\/produs\/handmade-earrings-made-of-925-silver-decorated-with-precious-minerals-black-tourmaline\/","url":"https:\/\/missesjewellery.com\/ro\/produs\/handmade-earrings-made-of-925-silver-decorated-with-precious-minerals-black-tourmaline\/","name":"Cercei lucra\u021bi manual din argint 925 decora\u021bi cu pietre minerale pre\u021bioase, turmalin\u0103 neagr\u0103 - Misses Jewellery","isPartOf":{"@id":"https:\/\/missesjewellery.com\/#website"},"datePublished":"2020-10-14T08:53:05+00:00","dateModified":"2022-11-29T07:48:05+00:00","description":"Cercei lucra\u021bi manual din argint 925, decora\u021bi cu o piatr\u0103 mineral\u0103 pre\u021bioas\u0103, de turmalin\u0103 neagr\u0103, \u00een t\u0103ietur\u0103 pear. Greutatea total\u0103 \u00een carate (TCW): 35. Cerceii au o lungime de 5,1 cm.","breadcrumb":{"@id":"https:\/\/missesjewellery.com\/ro\/produs\/handmade-earrings-made-of-925-silver-decorated-with-precious-minerals-black-tourmaline\/#breadcrumb"},"inLanguage":"ro-RO","potentialAction":[{"@type":"ReadAction","target":["https:\/\/missesjewellery.com\/ro\/produs\/handmade-earrings-made-of-925-silver-decorated-with-precious-minerals-black-tourmaline\/"]}]},{"@type":"BreadcrumbList","@id":"https:\/\/missesjewellery.com\/ro\/produs\/handmade-earrings-made-of-925-silver-decorated-with-precious-minerals-black-tourmaline\/#breadcrumb","itemListElement":[{"@type":"ListItem","position":1,"name":"\u0391\u03c1\u03c7\u03b9\u03ba\u03ae","item":"https:\/\/missesjewellery.com\/"},{"@type":"ListItem","position":2,"name":"Shop","item":"https:\/\/missesjewellery.com\/shop\/"},{"@type":"ListItem","position":3,"name":"Cercei lucra\u021bi manual din argint 925 decora\u021bi cu pietre minerale pre\u021bioase, turmalin\u0103 neagr\u0103"}]},{"@type":"WebSite","@id":"https:\/\/missesjewellery.com\/#website","url":"https:\/\/missesjewellery.com\/","name":"Misses Jewellery","description":"Luxury at a price you&#039;ll love","publisher":{"@id":"https:\/\/missesjewellery.com\/#organization"},"potentialAction":[{"@type":"SearchAction","target":{"@type":"EntryPoint","urlTemplate":"https:\/\/missesjewellery.com\/?s={search_term_string}"},"query-input":"required name=search_term_string"}],"inLanguage":"ro-RO"},{"@type":"Organization","@id":"https:\/\/missesjewellery.com\/#organization","name":"Misses Jewellery","url":"https:\/\/missesjewellery.com\/","logo":{"@type":"ImageObject","inLanguage":"ro-RO","@id":"https:\/\/missesjewellery.com\/#\/schema\/logo\/image\/","url":"https:\/\/missesjewellery.com\/wp-content\/uploads\/2022\/11\/missesjewellery-logo.png","contentUrl":"https:\/\/missesjewellery.com\/wp-content\/uploads\/2022\/11\/missesjewellery-logo.png","width":865,"height":584,"caption":"Misses Jewellery"},"image":{"@id":"https:\/\/missesjewellery.com\/#\/schema\/logo\/image\/"}}]}},"_links":{"self":[{"href":"https:\/\/missesjewellery.com\/ro\/wp-json\/wp\/v2\/product\/27198"}],"collection":[{"href":"https:\/\/missesjewellery.com\/ro\/wp-json\/wp\/v2\/product"}],"about":[{"href":"https:\/\/missesjewellery.com\/ro\/wp-json\/wp\/v2\/types\/product"}],"replies":[{"embeddable":true,"href":"https:\/\/missesjewellery.com\/ro\/wp-json\/wp\/v2\/comments?post=27198"}],"wp:featuredmedia":[{"embeddable":true,"href":"https:\/\/missesjewellery.com\/ro\/wp-json\/wp\/v2\/media\/48327"}],"wp:attachment":[{"href":"https:\/\/missesjewellery.com\/ro\/wp-json\/wp\/v2\/media?parent=27198"}],"wp:term":[{"taxonomy":"product_cat","embeddable":true,"href":"https:\/\/missesjewellery.com\/ro\/wp-json\/wp\/v2\/product_cat?post=27198"},{"taxonomy":"product_tag","embeddable":true,"href":"https:\/\/missesjewellery.com\/ro\/wp-json\/wp\/v2\/product_tag?post=27198"}],"curies":[{"name":"wp","href":"https:\/\/api.w.org\/{rel}","templated":true}]}}