{"id":27209,"date":"2020-08-03T14:42:17","date_gmt":"2020-08-03T14:42:17","guid":{"rendered":"https:\/\/missesjewellery.com\/?post_type=product&#038;p=27209"},"modified":"2022-11-29T07:48:13","modified_gmt":"2022-11-29T07:48:13","slug":"handmade-indian-925-sterling-silver-earrings-with-african-amethyst","status":"publish","type":"product","link":"https:\/\/missesjewellery.com\/ro\/product\/handmade-indian-925-sterling-silver-earrings-with-african-amethyst\/","title":{"rendered":"Cercei din argint 925 indieni realiza\u021bi manual cu ametist african"},"content":{"rendered":"<p><strong>Cercei indieni<\/strong> realiza\u021bi manual, din <strong>argint 925<\/strong>. Decora\u021bi cu pietre pre\u021bioase naturale, minerale de <strong>ametist african<\/strong> , de calitate AAA, \u00een t\u0103ietur\u0103 pear. Cerceii au o lungime de 4,6 cm. Greutate total\u0103 \u00een carate: 55 (TCW).<\/p>\n<p><strong>Pre\u021b<\/strong> 195ron<\/p>\n<p><strong>Cod<\/strong> FG153<\/p>\n<p><strong>Propriet\u0103\u021bile ametistului<\/strong><br \/>\n\u2022 \u00cembun\u0103t\u0103\u021be\u0219te memoria, ajut\u0103 la calm, relaxare \u0219i autocontrol.<br \/>\nAmelioreaz\u0103 durerile de cap, amelioreaz\u0103 insomnia, stresul \u0219i anxietatea.<br \/>\n\u2022 Ajut\u0103 la detoxifierea corpului fizic \u0219i stimuleaz\u0103 sistemul imunitar.<br \/>\n\u2022 Una dintre cele mai importante propriet\u0103\u021bi ale ametistului este c\u0103 disipeaz\u0103 energia negativ\u0103 \u0219i ajut\u0103 la rela\u021bii armonioase.<br \/>\n\u2022 Chakrele 6: intui\u021bie, calm, spiritualitate.<\/p>\n","protected":false},"excerpt":{"rendered":"<p><strong>Cercei indieni<\/strong> realiza\u021bi manual, din <strong>argint 925<\/strong>. Decora\u021bi cu pietre pre\u021bioase naturale, minerale de <strong>ametist african<\/strong> , de calitate AAA, \u00een t\u0103ietur\u0103 pear. Cerceii au o lungime de 4,6 cm. Greutate total\u0103 \u00een carate: 55 (TCW).<\/p>\n<p><strong>Pre\u021b<\/strong> 195ron<\/p>\n<p><strong>Cod<\/strong> FG153<\/p>\n<p><strong>Propriet\u0103\u021bile ametistului<\/strong><br \/>\n\u2022 \u00cembun\u0103t\u0103\u021be\u0219te memoria, ajut\u0103 la calm, relaxare \u0219i autocontrol.<br \/>\nAmelioreaz\u0103 durerile de cap, amelioreaz\u0103 insomnia, stresul \u0219i anxietatea.<br \/>\n\u2022 Ajut\u0103 la detoxifierea corpului fizic \u0219i stimuleaz\u0103 sistemul imunitar.<br \/>\n\u2022 Una dintre cele mai importante propriet\u0103\u021bi ale ametistului este c\u0103 disipeaz\u0103 energia negativ\u0103 \u0219i ajut\u0103 la rela\u021bii armonioase.<br \/>\n\u2022 Chakrele 6: intui\u021bie, calm, spiritualitate.<\/p>\n","protected":false},"featured_media":43185,"comment_status":"closed","ping_status":"closed","template":"","meta":[],"product_cat":[279,271,273],"product_tag":[],"etheme_brands":{"errors":{"invalid_taxonomy":["Taxonomia nu este valid\u0103."]},"error_data":[]},"yoast_head":"<!-- This site is optimized with the Yoast SEO plugin v21.7 - https:\/\/yoast.com\/wordpress\/plugins\/seo\/ -->\n<title>Cercei din argint 925 indieni realiza\u021bi manual cu ametist african - Misses Jewellery<\/title>\n<meta name=\"description\" content=\"Cercei indieni realiza\u021bi manual, din argint 925. Decora\u021bi cu pietre pre\u021bioase naturale, minerale de ametist african , de calitate AAA, \u00een t\u0103ietur\u0103 pear. Cerceii au o lungime de 4,6 cm. Greutate total\u0103 \u00een carate: 55 (TCW).\" \/>\n<meta name=\"robots\" content=\"index, follow, max-snippet:-1, max-image-preview:large, max-video-preview:-1\" \/>\n<link rel=\"canonical\" href=\"https:\/\/missesjewellery.com\/ro\/produs\/handmade-indian-925-sterling-silver-earrings-with-african-amethyst\/\" \/>\n<meta property=\"og:locale\" content=\"ro_RO\" \/>\n<meta property=\"og:type\" content=\"article\" \/>\n<meta property=\"og:title\" content=\"Cercei din argint 925 indieni realiza\u021bi manual cu ametist african - Misses Jewellery\" \/>\n<meta property=\"og:description\" content=\"Cercei indieni realiza\u021bi manual, din argint 925. Decora\u021bi cu pietre pre\u021bioase naturale, minerale de ametist african , de calitate AAA, \u00een t\u0103ietur\u0103 pear. Cerceii au o lungime de 4,6 cm. Greutate total\u0103 \u00een carate: 55 (TCW).\" \/>\n<meta property=\"og:url\" content=\"https:\/\/missesjewellery.com\/ro\/produs\/handmade-indian-925-sterling-silver-earrings-with-african-amethyst\/\" \/>\n<meta property=\"og:site_name\" content=\"Misses Jewellery\" \/>\n<meta property=\"article:modified_time\" content=\"2022-11-29T07:48:13+00:00\" \/>\n<meta property=\"og:image\" content=\"https:\/\/missesjewellery.com\/wp-content\/uploads\/2022\/11\/FG153.jpg\" \/>\n\t<meta property=\"og:image:width\" content=\"900\" \/>\n\t<meta property=\"og:image:height\" content=\"900\" \/>\n\t<meta property=\"og:image:type\" content=\"image\/jpeg\" \/>\n<meta name=\"twitter:card\" content=\"summary_large_image\" \/>\n<meta name=\"twitter:label1\" content=\"Timp estimat pentru citire\" \/>\n\t<meta name=\"twitter:data1\" content=\"1 minut\" \/>\n<script type=\"application\/ld+json\" class=\"yoast-schema-graph\">{\"@context\":\"https:\/\/schema.org\",\"@graph\":[{\"@type\":\"WebPage\",\"@id\":\"https:\/\/missesjewellery.com\/ro\/produs\/handmade-indian-925-sterling-silver-earrings-with-african-amethyst\/\",\"url\":\"https:\/\/missesjewellery.com\/ro\/produs\/handmade-indian-925-sterling-silver-earrings-with-african-amethyst\/\",\"name\":\"Cercei din argint 925 indieni realiza\u021bi manual cu ametist african - Misses Jewellery\",\"isPartOf\":{\"@id\":\"https:\/\/missesjewellery.com\/#website\"},\"datePublished\":\"2020-08-03T14:42:17+00:00\",\"dateModified\":\"2022-11-29T07:48:13+00:00\",\"description\":\"Cercei indieni realiza\u021bi manual, din argint 925. Decora\u021bi cu pietre pre\u021bioase naturale, minerale de ametist african , de calitate AAA, \u00een t\u0103ietur\u0103 pear. Cerceii au o lungime de 4,6 cm. Greutate total\u0103 \u00een carate: 55 (TCW).\",\"breadcrumb\":{\"@id\":\"https:\/\/missesjewellery.com\/ro\/produs\/handmade-indian-925-sterling-silver-earrings-with-african-amethyst\/#breadcrumb\"},\"inLanguage\":\"ro-RO\",\"potentialAction\":[{\"@type\":\"ReadAction\",\"target\":[\"https:\/\/missesjewellery.com\/ro\/produs\/handmade-indian-925-sterling-silver-earrings-with-african-amethyst\/\"]}]},{\"@type\":\"BreadcrumbList\",\"@id\":\"https:\/\/missesjewellery.com\/ro\/produs\/handmade-indian-925-sterling-silver-earrings-with-african-amethyst\/#breadcrumb\",\"itemListElement\":[{\"@type\":\"ListItem\",\"position\":1,\"name\":\"\u0391\u03c1\u03c7\u03b9\u03ba\u03ae\",\"item\":\"https:\/\/missesjewellery.com\/\"},{\"@type\":\"ListItem\",\"position\":2,\"name\":\"Shop\",\"item\":\"https:\/\/missesjewellery.com\/shop\/\"},{\"@type\":\"ListItem\",\"position\":3,\"name\":\"Cercei din argint 925 indieni realiza\u021bi manual cu ametist african\"}]},{\"@type\":\"WebSite\",\"@id\":\"https:\/\/missesjewellery.com\/#website\",\"url\":\"https:\/\/missesjewellery.com\/\",\"name\":\"Misses Jewellery\",\"description\":\"Luxury at a price you&#039;ll love\",\"publisher\":{\"@id\":\"https:\/\/missesjewellery.com\/#organization\"},\"potentialAction\":[{\"@type\":\"SearchAction\",\"target\":{\"@type\":\"EntryPoint\",\"urlTemplate\":\"https:\/\/missesjewellery.com\/?s={search_term_string}\"},\"query-input\":\"required name=search_term_string\"}],\"inLanguage\":\"ro-RO\"},{\"@type\":\"Organization\",\"@id\":\"https:\/\/missesjewellery.com\/#organization\",\"name\":\"Misses Jewellery\",\"url\":\"https:\/\/missesjewellery.com\/\",\"logo\":{\"@type\":\"ImageObject\",\"inLanguage\":\"ro-RO\",\"@id\":\"https:\/\/missesjewellery.com\/#\/schema\/logo\/image\/\",\"url\":\"https:\/\/missesjewellery.com\/wp-content\/uploads\/2022\/11\/missesjewellery-logo.png\",\"contentUrl\":\"https:\/\/missesjewellery.com\/wp-content\/uploads\/2022\/11\/missesjewellery-logo.png\",\"width\":865,\"height\":584,\"caption\":\"Misses Jewellery\"},\"image\":{\"@id\":\"https:\/\/missesjewellery.com\/#\/schema\/logo\/image\/\"}}]}<\/script>\n<!-- \/ Yoast SEO plugin. -->","yoast_head_json":{"title":"Cercei din argint 925 indieni realiza\u021bi manual cu ametist african - Misses Jewellery","description":"Cercei indieni realiza\u021bi manual, din argint 925. Decora\u021bi cu pietre pre\u021bioase naturale, minerale de ametist african , de calitate AAA, \u00een t\u0103ietur\u0103 pear. Cerceii au o lungime de 4,6 cm. Greutate total\u0103 \u00een carate: 55 (TCW).","robots":{"index":"index","follow":"follow","max-snippet":"max-snippet:-1","max-image-preview":"max-image-preview:large","max-video-preview":"max-video-preview:-1"},"canonical":"https:\/\/missesjewellery.com\/ro\/produs\/handmade-indian-925-sterling-silver-earrings-with-african-amethyst\/","og_locale":"ro_RO","og_type":"article","og_title":"Cercei din argint 925 indieni realiza\u021bi manual cu ametist african - Misses Jewellery","og_description":"Cercei indieni realiza\u021bi manual, din argint 925. Decora\u021bi cu pietre pre\u021bioase naturale, minerale de ametist african , de calitate AAA, \u00een t\u0103ietur\u0103 pear. Cerceii au o lungime de 4,6 cm. Greutate total\u0103 \u00een carate: 55 (TCW).","og_url":"https:\/\/missesjewellery.com\/ro\/produs\/handmade-indian-925-sterling-silver-earrings-with-african-amethyst\/","og_site_name":"Misses Jewellery","article_modified_time":"2022-11-29T07:48:13+00:00","og_image":[{"width":900,"height":900,"url":"https:\/\/missesjewellery.com\/wp-content\/uploads\/2022\/11\/FG153.jpg","type":"image\/jpeg"}],"twitter_card":"summary_large_image","twitter_misc":{"Timp estimat pentru citire":"1 minut"},"schema":{"@context":"https:\/\/schema.org","@graph":[{"@type":"WebPage","@id":"https:\/\/missesjewellery.com\/ro\/produs\/handmade-indian-925-sterling-silver-earrings-with-african-amethyst\/","url":"https:\/\/missesjewellery.com\/ro\/produs\/handmade-indian-925-sterling-silver-earrings-with-african-amethyst\/","name":"Cercei din argint 925 indieni realiza\u021bi manual cu ametist african - Misses Jewellery","isPartOf":{"@id":"https:\/\/missesjewellery.com\/#website"},"datePublished":"2020-08-03T14:42:17+00:00","dateModified":"2022-11-29T07:48:13+00:00","description":"Cercei indieni realiza\u021bi manual, din argint 925. Decora\u021bi cu pietre pre\u021bioase naturale, minerale de ametist african , de calitate AAA, \u00een t\u0103ietur\u0103 pear. Cerceii au o lungime de 4,6 cm. Greutate total\u0103 \u00een carate: 55 (TCW).","breadcrumb":{"@id":"https:\/\/missesjewellery.com\/ro\/produs\/handmade-indian-925-sterling-silver-earrings-with-african-amethyst\/#breadcrumb"},"inLanguage":"ro-RO","potentialAction":[{"@type":"ReadAction","target":["https:\/\/missesjewellery.com\/ro\/produs\/handmade-indian-925-sterling-silver-earrings-with-african-amethyst\/"]}]},{"@type":"BreadcrumbList","@id":"https:\/\/missesjewellery.com\/ro\/produs\/handmade-indian-925-sterling-silver-earrings-with-african-amethyst\/#breadcrumb","itemListElement":[{"@type":"ListItem","position":1,"name":"\u0391\u03c1\u03c7\u03b9\u03ba\u03ae","item":"https:\/\/missesjewellery.com\/"},{"@type":"ListItem","position":2,"name":"Shop","item":"https:\/\/missesjewellery.com\/shop\/"},{"@type":"ListItem","position":3,"name":"Cercei din argint 925 indieni realiza\u021bi manual cu ametist african"}]},{"@type":"WebSite","@id":"https:\/\/missesjewellery.com\/#website","url":"https:\/\/missesjewellery.com\/","name":"Misses Jewellery","description":"Luxury at a price you&#039;ll love","publisher":{"@id":"https:\/\/missesjewellery.com\/#organization"},"potentialAction":[{"@type":"SearchAction","target":{"@type":"EntryPoint","urlTemplate":"https:\/\/missesjewellery.com\/?s={search_term_string}"},"query-input":"required name=search_term_string"}],"inLanguage":"ro-RO"},{"@type":"Organization","@id":"https:\/\/missesjewellery.com\/#organization","name":"Misses Jewellery","url":"https:\/\/missesjewellery.com\/","logo":{"@type":"ImageObject","inLanguage":"ro-RO","@id":"https:\/\/missesjewellery.com\/#\/schema\/logo\/image\/","url":"https:\/\/missesjewellery.com\/wp-content\/uploads\/2022\/11\/missesjewellery-logo.png","contentUrl":"https:\/\/missesjewellery.com\/wp-content\/uploads\/2022\/11\/missesjewellery-logo.png","width":865,"height":584,"caption":"Misses Jewellery"},"image":{"@id":"https:\/\/missesjewellery.com\/#\/schema\/logo\/image\/"}}]}},"_links":{"self":[{"href":"https:\/\/missesjewellery.com\/ro\/wp-json\/wp\/v2\/product\/27209"}],"collection":[{"href":"https:\/\/missesjewellery.com\/ro\/wp-json\/wp\/v2\/product"}],"about":[{"href":"https:\/\/missesjewellery.com\/ro\/wp-json\/wp\/v2\/types\/product"}],"replies":[{"embeddable":true,"href":"https:\/\/missesjewellery.com\/ro\/wp-json\/wp\/v2\/comments?post=27209"}],"wp:featuredmedia":[{"embeddable":true,"href":"https:\/\/missesjewellery.com\/ro\/wp-json\/wp\/v2\/media\/43185"}],"wp:attachment":[{"href":"https:\/\/missesjewellery.com\/ro\/wp-json\/wp\/v2\/media?parent=27209"}],"wp:term":[{"taxonomy":"product_cat","embeddable":true,"href":"https:\/\/missesjewellery.com\/ro\/wp-json\/wp\/v2\/product_cat?post=27209"},{"taxonomy":"product_tag","embeddable":true,"href":"https:\/\/missesjewellery.com\/ro\/wp-json\/wp\/v2\/product_tag?post=27209"}],"curies":[{"name":"wp","href":"https:\/\/api.w.org\/{rel}","templated":true}]}}