{"id":27258,"date":"2020-01-15T21:56:38","date_gmt":"2020-01-15T21:56:38","guid":{"rendered":"https:\/\/missesjewellery.com\/?post_type=product&#038;p=27258"},"modified":"2022-11-29T07:48:40","modified_gmt":"2022-11-29T07:48:40","slug":"925-silver-and-decorated-with-brazilian-black-onyx-gemstones","status":"publish","type":"product","link":"https:\/\/missesjewellery.com\/ro\/product\/925-silver-and-decorated-with-brazilian-black-onyx-gemstones\/","title":{"rendered":"Argint 925 decora\u021bi cu pietre pre\u021bioase de onix negru brazilian"},"content":{"rendered":"<p>O pereche de cercei cu adev\u0103rat uimitoare, lucra\u021bi manual, din <strong>argint 925<\/strong> \u0219i decora\u021bi cu pietre pre\u021bioase din <strong>onix negru brazilian<\/strong>, \u00een t\u0103ietur\u0103 rotund\u0103 \u0219i oval\u0103.<\/p>\n<p><strong>Pre\u021b<\/strong> 160ron,<\/p>\n<p><strong>Cod<\/strong> F20<\/p>\n<p>Cerceii au o lungime de 5 cm <strong>Onixul negru<\/strong> d\u0103 curaj, r\u0103bdare \u0219i stimuleaz\u0103 autocontrolul!<\/p>\n","protected":false},"excerpt":{"rendered":"<p>O pereche de cercei cu adev\u0103rat uimitoare, lucra\u021bi manual, din <strong>argint 925<\/strong> \u0219i decora\u021bi cu pietre pre\u021bioase din <strong>onix negru brazilian<\/strong>, \u00een t\u0103ietur\u0103 rotund\u0103 \u0219i oval\u0103.<\/p>\n<p><strong>Pre\u021b<\/strong> 160ron,<\/p>\n<p><strong>Cod<\/strong> F20<\/p>\n<p>Cerceii au o lungime de 5 cm <strong>Onixul negru<\/strong> d\u0103 curaj, r\u0103bdare \u0219i stimuleaz\u0103 autocontrolul!<\/p>\n","protected":false},"featured_media":33589,"comment_status":"open","ping_status":"closed","template":"","meta":[],"product_cat":[279,271,273],"product_tag":[],"etheme_brands":{"errors":{"invalid_taxonomy":["Taxonomia nu este valid\u0103."]},"error_data":[]},"yoast_head":"<!-- This site is optimized with the Yoast SEO plugin v21.7 - https:\/\/yoast.com\/wordpress\/plugins\/seo\/ -->\n<title>Argint 925 decora\u021bi cu pietre pre\u021bioase de onix negru brazilian - Misses Jewellery<\/title>\n<meta name=\"description\" content=\"O pereche de cercei cu adev\u0103rat uimitoare, lucra\u021bi manual, din argint 925 \u0219i decora\u021bi cu pietre pre\u021bioase din onix negru brazilian, \u00een t\u0103ietur\u0103 rotund\u0103 \u0219i oval\u0103.\" \/>\n<meta name=\"robots\" content=\"index, follow, max-snippet:-1, max-image-preview:large, max-video-preview:-1\" \/>\n<link rel=\"canonical\" href=\"https:\/\/missesjewellery.com\/ro\/produs\/925-silver-and-decorated-with-brazilian-black-onyx-gemstones\/\" \/>\n<meta property=\"og:locale\" content=\"ro_RO\" \/>\n<meta property=\"og:type\" content=\"article\" \/>\n<meta property=\"og:title\" content=\"Argint 925 decora\u021bi cu pietre pre\u021bioase de onix negru brazilian - Misses Jewellery\" \/>\n<meta property=\"og:description\" content=\"O pereche de cercei cu adev\u0103rat uimitoare, lucra\u021bi manual, din argint 925 \u0219i decora\u021bi cu pietre pre\u021bioase din onix negru brazilian, \u00een t\u0103ietur\u0103 rotund\u0103 \u0219i oval\u0103.\" \/>\n<meta property=\"og:url\" content=\"https:\/\/missesjewellery.com\/ro\/produs\/925-silver-and-decorated-with-brazilian-black-onyx-gemstones\/\" \/>\n<meta property=\"og:site_name\" content=\"Misses Jewellery\" \/>\n<meta property=\"article:modified_time\" content=\"2022-11-29T07:48:40+00:00\" \/>\n<meta property=\"og:image\" content=\"https:\/\/missesjewellery.com\/wp-content\/uploads\/2022\/11\/products-1254710914.jpg\" \/>\n\t<meta property=\"og:image:width\" content=\"900\" \/>\n\t<meta property=\"og:image:height\" content=\"900\" \/>\n\t<meta property=\"og:image:type\" content=\"image\/jpeg\" \/>\n<meta name=\"twitter:card\" content=\"summary_large_image\" \/>\n<meta name=\"twitter:label1\" content=\"Timp estimat pentru citire\" \/>\n\t<meta name=\"twitter:data1\" content=\"1 minut\" \/>\n<script type=\"application\/ld+json\" class=\"yoast-schema-graph\">{\"@context\":\"https:\/\/schema.org\",\"@graph\":[{\"@type\":\"WebPage\",\"@id\":\"https:\/\/missesjewellery.com\/ro\/produs\/925-silver-and-decorated-with-brazilian-black-onyx-gemstones\/\",\"url\":\"https:\/\/missesjewellery.com\/ro\/produs\/925-silver-and-decorated-with-brazilian-black-onyx-gemstones\/\",\"name\":\"Argint 925 decora\u021bi cu pietre pre\u021bioase de onix negru brazilian - Misses Jewellery\",\"isPartOf\":{\"@id\":\"https:\/\/missesjewellery.com\/#website\"},\"datePublished\":\"2020-01-15T21:56:38+00:00\",\"dateModified\":\"2022-11-29T07:48:40+00:00\",\"description\":\"O pereche de cercei cu adev\u0103rat uimitoare, lucra\u021bi manual, din argint 925 \u0219i decora\u021bi cu pietre pre\u021bioase din onix negru brazilian, \u00een t\u0103ietur\u0103 rotund\u0103 \u0219i oval\u0103.\",\"breadcrumb\":{\"@id\":\"https:\/\/missesjewellery.com\/ro\/produs\/925-silver-and-decorated-with-brazilian-black-onyx-gemstones\/#breadcrumb\"},\"inLanguage\":\"ro-RO\",\"potentialAction\":[{\"@type\":\"ReadAction\",\"target\":[\"https:\/\/missesjewellery.com\/ro\/produs\/925-silver-and-decorated-with-brazilian-black-onyx-gemstones\/\"]}]},{\"@type\":\"BreadcrumbList\",\"@id\":\"https:\/\/missesjewellery.com\/ro\/produs\/925-silver-and-decorated-with-brazilian-black-onyx-gemstones\/#breadcrumb\",\"itemListElement\":[{\"@type\":\"ListItem\",\"position\":1,\"name\":\"\u0391\u03c1\u03c7\u03b9\u03ba\u03ae\",\"item\":\"https:\/\/missesjewellery.com\/\"},{\"@type\":\"ListItem\",\"position\":2,\"name\":\"Shop\",\"item\":\"https:\/\/missesjewellery.com\/shop\/\"},{\"@type\":\"ListItem\",\"position\":3,\"name\":\"Argint 925 decora\u021bi cu pietre pre\u021bioase de onix negru brazilian\"}]},{\"@type\":\"WebSite\",\"@id\":\"https:\/\/missesjewellery.com\/#website\",\"url\":\"https:\/\/missesjewellery.com\/\",\"name\":\"Misses Jewellery\",\"description\":\"Luxury at a price you&#039;ll love\",\"publisher\":{\"@id\":\"https:\/\/missesjewellery.com\/#organization\"},\"potentialAction\":[{\"@type\":\"SearchAction\",\"target\":{\"@type\":\"EntryPoint\",\"urlTemplate\":\"https:\/\/missesjewellery.com\/?s={search_term_string}\"},\"query-input\":\"required name=search_term_string\"}],\"inLanguage\":\"ro-RO\"},{\"@type\":\"Organization\",\"@id\":\"https:\/\/missesjewellery.com\/#organization\",\"name\":\"Misses Jewellery\",\"url\":\"https:\/\/missesjewellery.com\/\",\"logo\":{\"@type\":\"ImageObject\",\"inLanguage\":\"ro-RO\",\"@id\":\"https:\/\/missesjewellery.com\/#\/schema\/logo\/image\/\",\"url\":\"https:\/\/missesjewellery.com\/wp-content\/uploads\/2022\/11\/missesjewellery-logo.png\",\"contentUrl\":\"https:\/\/missesjewellery.com\/wp-content\/uploads\/2022\/11\/missesjewellery-logo.png\",\"width\":865,\"height\":584,\"caption\":\"Misses Jewellery\"},\"image\":{\"@id\":\"https:\/\/missesjewellery.com\/#\/schema\/logo\/image\/\"}}]}<\/script>\n<!-- \/ Yoast SEO plugin. -->","yoast_head_json":{"title":"Argint 925 decora\u021bi cu pietre pre\u021bioase de onix negru brazilian - Misses Jewellery","description":"O pereche de cercei cu adev\u0103rat uimitoare, lucra\u021bi manual, din argint 925 \u0219i decora\u021bi cu pietre pre\u021bioase din onix negru brazilian, \u00een t\u0103ietur\u0103 rotund\u0103 \u0219i oval\u0103.","robots":{"index":"index","follow":"follow","max-snippet":"max-snippet:-1","max-image-preview":"max-image-preview:large","max-video-preview":"max-video-preview:-1"},"canonical":"https:\/\/missesjewellery.com\/ro\/produs\/925-silver-and-decorated-with-brazilian-black-onyx-gemstones\/","og_locale":"ro_RO","og_type":"article","og_title":"Argint 925 decora\u021bi cu pietre pre\u021bioase de onix negru brazilian - Misses Jewellery","og_description":"O pereche de cercei cu adev\u0103rat uimitoare, lucra\u021bi manual, din argint 925 \u0219i decora\u021bi cu pietre pre\u021bioase din onix negru brazilian, \u00een t\u0103ietur\u0103 rotund\u0103 \u0219i oval\u0103.","og_url":"https:\/\/missesjewellery.com\/ro\/produs\/925-silver-and-decorated-with-brazilian-black-onyx-gemstones\/","og_site_name":"Misses Jewellery","article_modified_time":"2022-11-29T07:48:40+00:00","og_image":[{"width":900,"height":900,"url":"https:\/\/missesjewellery.com\/wp-content\/uploads\/2022\/11\/products-1254710914.jpg","type":"image\/jpeg"}],"twitter_card":"summary_large_image","twitter_misc":{"Timp estimat pentru citire":"1 minut"},"schema":{"@context":"https:\/\/schema.org","@graph":[{"@type":"WebPage","@id":"https:\/\/missesjewellery.com\/ro\/produs\/925-silver-and-decorated-with-brazilian-black-onyx-gemstones\/","url":"https:\/\/missesjewellery.com\/ro\/produs\/925-silver-and-decorated-with-brazilian-black-onyx-gemstones\/","name":"Argint 925 decora\u021bi cu pietre pre\u021bioase de onix negru brazilian - Misses Jewellery","isPartOf":{"@id":"https:\/\/missesjewellery.com\/#website"},"datePublished":"2020-01-15T21:56:38+00:00","dateModified":"2022-11-29T07:48:40+00:00","description":"O pereche de cercei cu adev\u0103rat uimitoare, lucra\u021bi manual, din argint 925 \u0219i decora\u021bi cu pietre pre\u021bioase din onix negru brazilian, \u00een t\u0103ietur\u0103 rotund\u0103 \u0219i oval\u0103.","breadcrumb":{"@id":"https:\/\/missesjewellery.com\/ro\/produs\/925-silver-and-decorated-with-brazilian-black-onyx-gemstones\/#breadcrumb"},"inLanguage":"ro-RO","potentialAction":[{"@type":"ReadAction","target":["https:\/\/missesjewellery.com\/ro\/produs\/925-silver-and-decorated-with-brazilian-black-onyx-gemstones\/"]}]},{"@type":"BreadcrumbList","@id":"https:\/\/missesjewellery.com\/ro\/produs\/925-silver-and-decorated-with-brazilian-black-onyx-gemstones\/#breadcrumb","itemListElement":[{"@type":"ListItem","position":1,"name":"\u0391\u03c1\u03c7\u03b9\u03ba\u03ae","item":"https:\/\/missesjewellery.com\/"},{"@type":"ListItem","position":2,"name":"Shop","item":"https:\/\/missesjewellery.com\/shop\/"},{"@type":"ListItem","position":3,"name":"Argint 925 decora\u021bi cu pietre pre\u021bioase de onix negru brazilian"}]},{"@type":"WebSite","@id":"https:\/\/missesjewellery.com\/#website","url":"https:\/\/missesjewellery.com\/","name":"Misses Jewellery","description":"Luxury at a price you&#039;ll love","publisher":{"@id":"https:\/\/missesjewellery.com\/#organization"},"potentialAction":[{"@type":"SearchAction","target":{"@type":"EntryPoint","urlTemplate":"https:\/\/missesjewellery.com\/?s={search_term_string}"},"query-input":"required name=search_term_string"}],"inLanguage":"ro-RO"},{"@type":"Organization","@id":"https:\/\/missesjewellery.com\/#organization","name":"Misses Jewellery","url":"https:\/\/missesjewellery.com\/","logo":{"@type":"ImageObject","inLanguage":"ro-RO","@id":"https:\/\/missesjewellery.com\/#\/schema\/logo\/image\/","url":"https:\/\/missesjewellery.com\/wp-content\/uploads\/2022\/11\/missesjewellery-logo.png","contentUrl":"https:\/\/missesjewellery.com\/wp-content\/uploads\/2022\/11\/missesjewellery-logo.png","width":865,"height":584,"caption":"Misses Jewellery"},"image":{"@id":"https:\/\/missesjewellery.com\/#\/schema\/logo\/image\/"}}]}},"_links":{"self":[{"href":"https:\/\/missesjewellery.com\/ro\/wp-json\/wp\/v2\/product\/27258"}],"collection":[{"href":"https:\/\/missesjewellery.com\/ro\/wp-json\/wp\/v2\/product"}],"about":[{"href":"https:\/\/missesjewellery.com\/ro\/wp-json\/wp\/v2\/types\/product"}],"replies":[{"embeddable":true,"href":"https:\/\/missesjewellery.com\/ro\/wp-json\/wp\/v2\/comments?post=27258"}],"wp:featuredmedia":[{"embeddable":true,"href":"https:\/\/missesjewellery.com\/ro\/wp-json\/wp\/v2\/media\/33589"}],"wp:attachment":[{"href":"https:\/\/missesjewellery.com\/ro\/wp-json\/wp\/v2\/media?parent=27258"}],"wp:term":[{"taxonomy":"product_cat","embeddable":true,"href":"https:\/\/missesjewellery.com\/ro\/wp-json\/wp\/v2\/product_cat?post=27258"},{"taxonomy":"product_tag","embeddable":true,"href":"https:\/\/missesjewellery.com\/ro\/wp-json\/wp\/v2\/product_tag?post=27258"}],"curies":[{"name":"wp","href":"https:\/\/api.w.org\/{rel}","templated":true}]}}