{"id":27680,"date":"2019-09-04T08:58:51","date_gmt":"2019-09-04T08:58:51","guid":{"rendered":"https:\/\/missesjewellery.com\/?post_type=product&#038;p=27680"},"modified":"2022-11-29T07:50:11","modified_gmt":"2022-11-29T07:50:11","slug":"pandantiv-elegant-si-discret-din-argint-925-decorat-in-centru-cu-safir-alb","status":"publish","type":"product","link":"https:\/\/missesjewellery.com\/ro\/product\/pandantiv-elegant-si-discret-din-argint-925-decorat-in-centru-cu-safir-alb\/","title":{"rendered":"Pandantiv elegant \u0219i discret din argint 925, decorat \u00een centru cu safir alb"},"content":{"rendered":"<div class=\"dati1w0a f10w8fjw hv4rvrfc discj3wi\">\n<div>\n<div class=\"a8nywdso j7796vcc rz4wbd8a l29c1vbm\"><span class=\"d2edcug0 hpfvmrgz qv66sw1b c1et5uql rrkovp55 a8c37x1j keod5gw0 nxhoafnm aigsh9s9 d3f4x2em fe6kdd0r mau55g9w c8b282yb iv3no6db jq4qci2q a3bd9o3v knj5qynh oo9gr5id\" dir=\"auto\">Pandantiv elegant \u0219i discret din argint 925, decorat \u00een centru cu safir artificial alb (crea\u021bie Lab) \u00een t\u0103ietur\u0103 brilliant \u0219i safire mai mici \u00een jur!<br \/>\nPre\u021b 85ron Cod \u039d\u039d\u039a72.<\/span><\/div>\n<\/div>\n<div class=\"j83agx80\">\n<div class=\"pq6dq46d\">\n<div class=\"oajrlxb2 tdjehn4e gcieejh5 bn081pho humdl8nn izx4hr6d rq0escxv nhd2j8a9 j83agx80 p7hjln8o kvgmc6g5 cxmmr5t8 oygrvhab hcukyx3x jb3vyjys d1544ag0 qt6c0cv9 tw6a2znq i1ao9s8h esuyzwwr f1sip0of lzcic4wl l9j0dhe7 abiwlrkh p8dawk7l beltcj47 p86d2i9g aot14ch1 kzx2olss cbu4d94t taijpn5t ni8dbmo4 stjgntxs k4urcfbm tv7at329\" tabindex=\"0\" role=\"button\" aria-label=\"\u0395\u03c0\u03b5\u03be\u03b5\u03c1\u03b3\u03b1\u03c3\u03af\u03b1\">\n<div class=\"rq0escxv l9j0dhe7 du4w35lb j83agx80 pfnyh3mw taijpn5t bp9cbjyn owycx6da btwxx1t3 c4xchbtz by2jbhx6\">\n<div class=\"rq0escxv l9j0dhe7 du4w35lb d2edcug0 hpfvmrgz j83agx80 pfnyh3mw j5wkysh0 hytbnt81\"><\/div>\n<\/div>\n<div class=\"n00je7tq arfg74bv qs9ysxi8 k77z8yql i09qtzwb n7fi1qx3 b5wmifdl hzruof5a pmk7jnqg j9ispegn kr520xx4 c5ndavph art1omkt ot9fgl3s rnr61an3\" data-visualcompletion=\"ignore\"><\/div>\n<\/div>\n<\/div>\n<\/div>\n<\/div>\n<div>\n<div>\n<div class=\"ozuftl9m tvfksri0 olo4ujb6 jmbispl3\">\n<div class=\"rq0escxv l9j0dhe7 du4w35lb j83agx80 pfnyh3mw i1fnvgqd gs1a9yip owycx6da btwxx1t3 ph5uu5jm b3onmgus e5nlhep0 ecm0bbzt nkwizq5d roh60bw9 mysgfdmx hddg9phg\">\n<div class=\"rq0escxv l9j0dhe7 du4w35lb j83agx80 cbu4d94t g5gj957u d2edcug0 hpfvmrgz rj1gh0hx buofh1pr n8tt0mok hyh9befq iuny7tx3 ipjc6fyt\">\n<div class=\"oajrlxb2 gs1a9yip g5ia77u1 mtkw9kbi tlpljxtp qensuy8j ppp5ayq2 goun2846 ccm00jje s44p3ltw mk2mc5f4 rt8b4zig n8ej3o3l agehan2d sk4xxmp2 rq0escxv nhd2j8a9 pq6dq46d mg4g778l btwxx1t3 pfnyh3mw p7hjln8o kvgmc6g5 cxmmr5t8 oygrvhab hcukyx3x tgvbjcpo hpfvmrgz jb3vyjys rz4wbd8a qt6c0cv9 a8nywdso l9j0dhe7 i1ao9s8h esuyzwwr f1sip0of du4w35lb lzcic4wl abiwlrkh p8dawk7l\" tabindex=\"0\" role=\"button\" aria-label=\"\u039c\u03bf\u03c5 \u03b1\u03c1\u03ad\u03c3\u03b5\u03b9!\">\n<div class=\"rq0escxv l9j0dhe7 du4w35lb j83agx80 g5gj957u rj1gh0hx buofh1pr hpfvmrgz taijpn5t bp9cbjyn owycx6da btwxx1t3 d1544ag0 tw6a2znq jb3vyjys dlv3wnog rl04r1d5 mysgfdmx hddg9phg qu8okrzs g0qnabr5\">\n<div class=\"rq0escxv l9j0dhe7 du4w35lb j83agx80 cbu4d94t pfnyh3mw d2edcug0 hpfvmrgz ph5uu5jm b3onmgus iuny7tx3 ipjc6fyt\"><\/div>\n<\/div>\n<\/div>\n<\/div>\n<div class=\"rq0escxv l9j0dhe7 du4w35lb j83agx80 cbu4d94t g5gj957u d2edcug0 hpfvmrgz rj1gh0hx buofh1pr n8tt0mok hyh9befq iuny7tx3 ipjc6fyt\">\n<div class=\"oajrlxb2 gs1a9yip g5ia77u1 mtkw9kbi tlpljxtp qensuy8j ppp5ayq2 goun2846 ccm00jje s44p3ltw mk2mc5f4 rt8b4zig n8ej3o3l agehan2d sk4xxmp2 rq0escxv nhd2j8a9 pq6dq46d mg4g778l btwxx1t3 pfnyh3mw p7hjln8o kvgmc6g5 cxmmr5t8 oygrvhab hcukyx3x tgvbjcpo hpfvmrgz jb3vyjys rz4wbd8a qt6c0cv9 a8nywdso l9j0dhe7 i1ao9s8h esuyzwwr f1sip0of du4w35lb lzcic4wl abiwlrkh p8dawk7l\" tabindex=\"0\" role=\"button\" aria-label=\"\u03a3\u03c4\u03b5\u03af\u03bb\u03c4\u03b5 \u03c4\u03bf \u03c3\u03b5 \u03c6\u03af\u03bb\u03bf\u03c5\u03c2 \u03ae \u03b4\u03b7\u03bc\u03bf\u03c3\u03b9\u03b5\u03cd\u03c3\u03c4\u03b5 \u03c4\u03bf \u03c3\u03c4\u03bf \u03c7\u03c1\u03bf\u03bd\u03bf\u03bb\u03cc\u03b3\u03b9\u03cc \u03c3\u03b1\u03c2.\">\n<div class=\"rq0escxv l9j0dhe7 du4w35lb j83agx80 g5gj957u rj1gh0hx buofh1pr hpfvmrgz taijpn5t bp9cbjyn owycx6da btwxx1t3 d1544ag0 tw6a2znq jb3vyjys dlv3wnog rl04r1d5 mysgfdmx hddg9phg qu8okrzs g0qnabr5\">\n<div class=\"rq0escxv l9j0dhe7 du4w35lb j83agx80 cbu4d94t pfnyh3mw d2edcug0 hpfvmrgz ph5uu5jm b3onmgus iuny7tx3 ipjc6fyt\"><\/div>\n<\/div>\n<div class=\"n00je7tq arfg74bv qs9ysxi8 k77z8yql i09qtzwb n7fi1qx3 b5wmifdl hzruof5a pmk7jnqg j9ispegn kr520xx4 c5ndavph art1omkt ot9fgl3s\" data-visualcompletion=\"ignore\"><\/div>\n<\/div>\n<\/div>\n<div class=\"rq0escxv l9j0dhe7 du4w35lb j83agx80 cbu4d94t pfnyh3mw d2edcug0 hpfvmrgz n8tt0mok hyh9befq iuny7tx3 ipjc6fyt\">\n<div><\/div>\n<\/div>\n<\/div>\n<\/div>\n<\/div>\n<\/div>\n","protected":false},"excerpt":{"rendered":"<p><span class=\"d2edcug0 hpfvmrgz qv66sw1b c1et5uql rrkovp55 a8c37x1j keod5gw0 nxhoafnm aigsh9s9 d3f4x2em fe6kdd0r mau55g9w c8b282yb iv3no6db jq4qci2q a3bd9o3v knj5qynh oo9gr5id\" dir=\"auto\">Pandantiv elegant \u0219i discret din argint 925, decorat \u00een centru cu safir artificial alb (crea\u021bie Lab) \u00een t\u0103ietur\u0103 brilliant \u0219i safire mai mici \u00een jur!<br \/>\nPre\u021b 85ron Cod \u039d\u039d\u039a72.<\/span><\/p>\n","protected":false},"featured_media":32753,"comment_status":"open","ping_status":"closed","template":"","meta":[],"product_cat":[276],"product_tag":[],"etheme_brands":{"errors":{"invalid_taxonomy":["Taxonomia nu este valid\u0103."]},"error_data":[]},"yoast_head":"<!-- This site is optimized with the Yoast SEO plugin v21.7 - https:\/\/yoast.com\/wordpress\/plugins\/seo\/ -->\n<title>Pandantiv elegant \u0219i discret din argint 925, decorat \u00een centru cu safir alb - Misses Jewellery<\/title>\n<meta name=\"description\" content=\"Pandantiv elegant \u0219i discret din argint 925, decorat \u00een centru cu safir artificial alb (crea\u021bie Lab) \u00een t\u0103ietur\u0103 brilliant \u0219i safire mai mici \u00een jur!\" \/>\n<meta name=\"robots\" content=\"index, follow, max-snippet:-1, max-image-preview:large, max-video-preview:-1\" \/>\n<link rel=\"canonical\" href=\"https:\/\/missesjewellery.com\/ro\/produs\/pandantiv-elegant-si-discret-din-argint-925-decorat-in-centru-cu-safir-alb\/\" \/>\n<meta property=\"og:locale\" content=\"ro_RO\" \/>\n<meta property=\"og:type\" content=\"article\" \/>\n<meta property=\"og:title\" content=\"Pandantiv elegant \u0219i discret din argint 925, decorat \u00een centru cu safir alb - Misses Jewellery\" \/>\n<meta property=\"og:description\" content=\"Pandantiv elegant \u0219i discret din argint 925, decorat \u00een centru cu safir artificial alb (crea\u021bie Lab) \u00een t\u0103ietur\u0103 brilliant \u0219i safire mai mici \u00een jur!\" \/>\n<meta property=\"og:url\" content=\"https:\/\/missesjewellery.com\/ro\/produs\/pandantiv-elegant-si-discret-din-argint-925-decorat-in-centru-cu-safir-alb\/\" \/>\n<meta property=\"og:site_name\" content=\"Misses Jewellery\" \/>\n<meta property=\"article:modified_time\" content=\"2022-11-29T07:50:11+00:00\" \/>\n<meta property=\"og:image\" content=\"https:\/\/missesjewellery.com\/wp-content\/uploads\/2022\/11\/12-1.jpg\" \/>\n\t<meta property=\"og:image:width\" content=\"500\" \/>\n\t<meta property=\"og:image:height\" content=\"500\" \/>\n\t<meta property=\"og:image:type\" content=\"image\/jpeg\" \/>\n<meta name=\"twitter:card\" content=\"summary_large_image\" \/>\n<meta name=\"twitter:label1\" content=\"Timp estimat pentru citire\" \/>\n\t<meta name=\"twitter:data1\" content=\"1 minut\" \/>\n<script type=\"application\/ld+json\" class=\"yoast-schema-graph\">{\"@context\":\"https:\/\/schema.org\",\"@graph\":[{\"@type\":\"WebPage\",\"@id\":\"https:\/\/missesjewellery.com\/ro\/produs\/pandantiv-elegant-si-discret-din-argint-925-decorat-in-centru-cu-safir-alb\/\",\"url\":\"https:\/\/missesjewellery.com\/ro\/produs\/pandantiv-elegant-si-discret-din-argint-925-decorat-in-centru-cu-safir-alb\/\",\"name\":\"Pandantiv elegant \u0219i discret din argint 925, decorat \u00een centru cu safir alb - Misses Jewellery\",\"isPartOf\":{\"@id\":\"https:\/\/missesjewellery.com\/#website\"},\"datePublished\":\"2019-09-04T08:58:51+00:00\",\"dateModified\":\"2022-11-29T07:50:11+00:00\",\"description\":\"Pandantiv elegant \u0219i discret din argint 925, decorat \u00een centru cu safir artificial alb (crea\u021bie Lab) \u00een t\u0103ietur\u0103 brilliant \u0219i safire mai mici \u00een jur!\",\"breadcrumb\":{\"@id\":\"https:\/\/missesjewellery.com\/ro\/produs\/pandantiv-elegant-si-discret-din-argint-925-decorat-in-centru-cu-safir-alb\/#breadcrumb\"},\"inLanguage\":\"ro-RO\",\"potentialAction\":[{\"@type\":\"ReadAction\",\"target\":[\"https:\/\/missesjewellery.com\/ro\/produs\/pandantiv-elegant-si-discret-din-argint-925-decorat-in-centru-cu-safir-alb\/\"]}]},{\"@type\":\"BreadcrumbList\",\"@id\":\"https:\/\/missesjewellery.com\/ro\/produs\/pandantiv-elegant-si-discret-din-argint-925-decorat-in-centru-cu-safir-alb\/#breadcrumb\",\"itemListElement\":[{\"@type\":\"ListItem\",\"position\":1,\"name\":\"\u0391\u03c1\u03c7\u03b9\u03ba\u03ae\",\"item\":\"https:\/\/missesjewellery.com\/\"},{\"@type\":\"ListItem\",\"position\":2,\"name\":\"Shop\",\"item\":\"https:\/\/missesjewellery.com\/shop\/\"},{\"@type\":\"ListItem\",\"position\":3,\"name\":\"Pandantiv elegant \u0219i discret din argint 925, decorat \u00een centru cu safir alb\"}]},{\"@type\":\"WebSite\",\"@id\":\"https:\/\/missesjewellery.com\/#website\",\"url\":\"https:\/\/missesjewellery.com\/\",\"name\":\"Misses Jewellery\",\"description\":\"Luxury at a price you&#039;ll love\",\"publisher\":{\"@id\":\"https:\/\/missesjewellery.com\/#organization\"},\"potentialAction\":[{\"@type\":\"SearchAction\",\"target\":{\"@type\":\"EntryPoint\",\"urlTemplate\":\"https:\/\/missesjewellery.com\/?s={search_term_string}\"},\"query-input\":\"required name=search_term_string\"}],\"inLanguage\":\"ro-RO\"},{\"@type\":\"Organization\",\"@id\":\"https:\/\/missesjewellery.com\/#organization\",\"name\":\"Misses Jewellery\",\"url\":\"https:\/\/missesjewellery.com\/\",\"logo\":{\"@type\":\"ImageObject\",\"inLanguage\":\"ro-RO\",\"@id\":\"https:\/\/missesjewellery.com\/#\/schema\/logo\/image\/\",\"url\":\"https:\/\/missesjewellery.com\/wp-content\/uploads\/2022\/11\/missesjewellery-logo.png\",\"contentUrl\":\"https:\/\/missesjewellery.com\/wp-content\/uploads\/2022\/11\/missesjewellery-logo.png\",\"width\":865,\"height\":584,\"caption\":\"Misses Jewellery\"},\"image\":{\"@id\":\"https:\/\/missesjewellery.com\/#\/schema\/logo\/image\/\"}}]}<\/script>\n<!-- \/ Yoast SEO plugin. -->","yoast_head_json":{"title":"Pandantiv elegant \u0219i discret din argint 925, decorat \u00een centru cu safir alb - Misses Jewellery","description":"Pandantiv elegant \u0219i discret din argint 925, decorat \u00een centru cu safir artificial alb (crea\u021bie Lab) \u00een t\u0103ietur\u0103 brilliant \u0219i safire mai mici \u00een jur!","robots":{"index":"index","follow":"follow","max-snippet":"max-snippet:-1","max-image-preview":"max-image-preview:large","max-video-preview":"max-video-preview:-1"},"canonical":"https:\/\/missesjewellery.com\/ro\/produs\/pandantiv-elegant-si-discret-din-argint-925-decorat-in-centru-cu-safir-alb\/","og_locale":"ro_RO","og_type":"article","og_title":"Pandantiv elegant \u0219i discret din argint 925, decorat \u00een centru cu safir alb - Misses Jewellery","og_description":"Pandantiv elegant \u0219i discret din argint 925, decorat \u00een centru cu safir artificial alb (crea\u021bie Lab) \u00een t\u0103ietur\u0103 brilliant \u0219i safire mai mici \u00een jur!","og_url":"https:\/\/missesjewellery.com\/ro\/produs\/pandantiv-elegant-si-discret-din-argint-925-decorat-in-centru-cu-safir-alb\/","og_site_name":"Misses Jewellery","article_modified_time":"2022-11-29T07:50:11+00:00","og_image":[{"width":500,"height":500,"url":"https:\/\/missesjewellery.com\/wp-content\/uploads\/2022\/11\/12-1.jpg","type":"image\/jpeg"}],"twitter_card":"summary_large_image","twitter_misc":{"Timp estimat pentru citire":"1 minut"},"schema":{"@context":"https:\/\/schema.org","@graph":[{"@type":"WebPage","@id":"https:\/\/missesjewellery.com\/ro\/produs\/pandantiv-elegant-si-discret-din-argint-925-decorat-in-centru-cu-safir-alb\/","url":"https:\/\/missesjewellery.com\/ro\/produs\/pandantiv-elegant-si-discret-din-argint-925-decorat-in-centru-cu-safir-alb\/","name":"Pandantiv elegant \u0219i discret din argint 925, decorat \u00een centru cu safir alb - Misses Jewellery","isPartOf":{"@id":"https:\/\/missesjewellery.com\/#website"},"datePublished":"2019-09-04T08:58:51+00:00","dateModified":"2022-11-29T07:50:11+00:00","description":"Pandantiv elegant \u0219i discret din argint 925, decorat \u00een centru cu safir artificial alb (crea\u021bie Lab) \u00een t\u0103ietur\u0103 brilliant \u0219i safire mai mici \u00een jur!","breadcrumb":{"@id":"https:\/\/missesjewellery.com\/ro\/produs\/pandantiv-elegant-si-discret-din-argint-925-decorat-in-centru-cu-safir-alb\/#breadcrumb"},"inLanguage":"ro-RO","potentialAction":[{"@type":"ReadAction","target":["https:\/\/missesjewellery.com\/ro\/produs\/pandantiv-elegant-si-discret-din-argint-925-decorat-in-centru-cu-safir-alb\/"]}]},{"@type":"BreadcrumbList","@id":"https:\/\/missesjewellery.com\/ro\/produs\/pandantiv-elegant-si-discret-din-argint-925-decorat-in-centru-cu-safir-alb\/#breadcrumb","itemListElement":[{"@type":"ListItem","position":1,"name":"\u0391\u03c1\u03c7\u03b9\u03ba\u03ae","item":"https:\/\/missesjewellery.com\/"},{"@type":"ListItem","position":2,"name":"Shop","item":"https:\/\/missesjewellery.com\/shop\/"},{"@type":"ListItem","position":3,"name":"Pandantiv elegant \u0219i discret din argint 925, decorat \u00een centru cu safir alb"}]},{"@type":"WebSite","@id":"https:\/\/missesjewellery.com\/#website","url":"https:\/\/missesjewellery.com\/","name":"Misses Jewellery","description":"Luxury at a price you&#039;ll love","publisher":{"@id":"https:\/\/missesjewellery.com\/#organization"},"potentialAction":[{"@type":"SearchAction","target":{"@type":"EntryPoint","urlTemplate":"https:\/\/missesjewellery.com\/?s={search_term_string}"},"query-input":"required name=search_term_string"}],"inLanguage":"ro-RO"},{"@type":"Organization","@id":"https:\/\/missesjewellery.com\/#organization","name":"Misses Jewellery","url":"https:\/\/missesjewellery.com\/","logo":{"@type":"ImageObject","inLanguage":"ro-RO","@id":"https:\/\/missesjewellery.com\/#\/schema\/logo\/image\/","url":"https:\/\/missesjewellery.com\/wp-content\/uploads\/2022\/11\/missesjewellery-logo.png","contentUrl":"https:\/\/missesjewellery.com\/wp-content\/uploads\/2022\/11\/missesjewellery-logo.png","width":865,"height":584,"caption":"Misses Jewellery"},"image":{"@id":"https:\/\/missesjewellery.com\/#\/schema\/logo\/image\/"}}]}},"_links":{"self":[{"href":"https:\/\/missesjewellery.com\/ro\/wp-json\/wp\/v2\/product\/27680"}],"collection":[{"href":"https:\/\/missesjewellery.com\/ro\/wp-json\/wp\/v2\/product"}],"about":[{"href":"https:\/\/missesjewellery.com\/ro\/wp-json\/wp\/v2\/types\/product"}],"replies":[{"embeddable":true,"href":"https:\/\/missesjewellery.com\/ro\/wp-json\/wp\/v2\/comments?post=27680"}],"wp:featuredmedia":[{"embeddable":true,"href":"https:\/\/missesjewellery.com\/ro\/wp-json\/wp\/v2\/media\/32753"}],"wp:attachment":[{"href":"https:\/\/missesjewellery.com\/ro\/wp-json\/wp\/v2\/media?parent=27680"}],"wp:term":[{"taxonomy":"product_cat","embeddable":true,"href":"https:\/\/missesjewellery.com\/ro\/wp-json\/wp\/v2\/product_cat?post=27680"},{"taxonomy":"product_tag","embeddable":true,"href":"https:\/\/missesjewellery.com\/ro\/wp-json\/wp\/v2\/product_tag?post=27680"}],"curies":[{"name":"wp","href":"https:\/\/api.w.org\/{rel}","templated":true}]}}