{"id":27684,"date":"2019-12-26T22:31:18","date_gmt":"2019-12-26T22:31:18","guid":{"rendered":"https:\/\/missesjewellery.com\/?post_type=product&#038;p=27684"},"modified":"2022-11-29T07:50:12","modified_gmt":"2022-11-29T07:50:12","slug":"indian-pandantiv-realizat-manual-din-argint-solid-925-decorat-cu-piatra-minerala-de-ametist","status":"publish","type":"product","link":"https:\/\/missesjewellery.com\/ro\/product\/indian-pandantiv-realizat-manual-din-argint-solid-925-decorat-cu-piatra-minerala-de-ametist\/","title":{"rendered":"Indian, pandantiv realizat manual, din argint solid 925 decorat cu piatr\u0103 mineral\u0103 de ametist"},"content":{"rendered":"<p>Indian, pandantiv <strong>realizat manual<\/strong>, mare de 5 cm, de o frumuse\u021be \u0219i calitate incomparabil\u0103, realizat din <strong>argint solid 925<\/strong> decorat cu piatr\u0103 mineral\u0103 de <strong>ametist<\/strong> \u00een t\u0103ietur\u0103 oval\u0103!<\/p>\n<p><strong>Pre\u021b:<\/strong> 245 ron<\/p>\n<p><strong>Cod:<\/strong> TO5<\/p>\n<p>Un mare num\u0103r de propriet\u0103\u021bi miraculoase sunt atribuite lui <strong>Ametist<\/strong> de toate civiliza\u021biile antice.<\/p>\n","protected":false},"excerpt":{"rendered":"<p>Indian, pandantiv <strong>realizat manual<\/strong>, mare de 5 cm, de o frumuse\u021be \u0219i calitate incomparabil\u0103, realizat din <strong>argint solid 925<\/strong> decorat cu piatr\u0103 mineral\u0103 de <strong>ametist<\/strong> \u00een t\u0103ietur\u0103 oval\u0103!<\/p>\n<p><strong>Pre\u021b:<\/strong> 245 ron<\/p>\n<p><strong>Cod:<\/strong> TO5<\/p>\n<p>Un mare num\u0103r de propriet\u0103\u021bi miraculoase sunt atribuite lui <strong>Ametist<\/strong> de toate civiliza\u021biile antice.<\/p>\n","protected":false},"featured_media":33475,"comment_status":"open","ping_status":"closed","template":"","meta":[],"product_cat":[279,271,276],"product_tag":[],"etheme_brands":{"errors":{"invalid_taxonomy":["Taxonomia nu este valid\u0103."]},"error_data":[]},"yoast_head":"<!-- This site is optimized with the Yoast SEO plugin v21.7 - https:\/\/yoast.com\/wordpress\/plugins\/seo\/ -->\n<title>Indian, pandantiv realizat manual, din argint solid 925 decorat cu piatr\u0103 mineral\u0103 de ametist - Misses Jewellery<\/title>\n<meta name=\"description\" content=\"Indian, pandantiv realizat manual, mare de 5 cm, de o frumuse\u021be \u0219i calitate incomparabil\u0103, realizat din argint solid 925 decorat cu piatr\u0103 mineral\u0103 de ametist \u00een t\u0103ietur\u0103 oval\u0103! Un mare num\u0103r de propriet\u0103\u021bi miraculoase sunt atribuite lui Ametist de toate civiliza\u021biile antice.\" \/>\n<meta name=\"robots\" content=\"index, follow, max-snippet:-1, max-image-preview:large, max-video-preview:-1\" \/>\n<link rel=\"canonical\" href=\"https:\/\/missesjewellery.com\/ro\/produs\/indian-pandantiv-realizat-manual-din-argint-solid-925-decorat-cu-piatra-minerala-de-ametist\/\" \/>\n<meta property=\"og:locale\" content=\"ro_RO\" \/>\n<meta property=\"og:type\" content=\"article\" \/>\n<meta property=\"og:title\" content=\"Indian, pandantiv realizat manual, din argint solid 925 decorat cu piatr\u0103 mineral\u0103 de ametist - Misses Jewellery\" \/>\n<meta property=\"og:description\" content=\"Indian, pandantiv realizat manual, mare de 5 cm, de o frumuse\u021be \u0219i calitate incomparabil\u0103, realizat din argint solid 925 decorat cu piatr\u0103 mineral\u0103 de ametist \u00een t\u0103ietur\u0103 oval\u0103! Un mare num\u0103r de propriet\u0103\u021bi miraculoase sunt atribuite lui Ametist de toate civiliza\u021biile antice.\" \/>\n<meta property=\"og:url\" content=\"https:\/\/missesjewellery.com\/ro\/produs\/indian-pandantiv-realizat-manual-din-argint-solid-925-decorat-cu-piatra-minerala-de-ametist\/\" \/>\n<meta property=\"og:site_name\" content=\"Misses Jewellery\" \/>\n<meta property=\"article:modified_time\" content=\"2022-11-29T07:50:12+00:00\" \/>\n<meta property=\"og:image\" content=\"https:\/\/missesjewellery.com\/wp-content\/uploads\/2022\/11\/s-20201151750_1_beu0nx.jpg\" \/>\n\t<meta property=\"og:image:width\" content=\"900\" \/>\n\t<meta property=\"og:image:height\" content=\"900\" \/>\n\t<meta property=\"og:image:type\" content=\"image\/jpeg\" \/>\n<meta name=\"twitter:card\" content=\"summary_large_image\" \/>\n<meta name=\"twitter:label1\" content=\"Timp estimat pentru citire\" \/>\n\t<meta name=\"twitter:data1\" content=\"1 minut\" \/>\n<script type=\"application\/ld+json\" class=\"yoast-schema-graph\">{\"@context\":\"https:\/\/schema.org\",\"@graph\":[{\"@type\":\"WebPage\",\"@id\":\"https:\/\/missesjewellery.com\/ro\/produs\/indian-pandantiv-realizat-manual-din-argint-solid-925-decorat-cu-piatra-minerala-de-ametist\/\",\"url\":\"https:\/\/missesjewellery.com\/ro\/produs\/indian-pandantiv-realizat-manual-din-argint-solid-925-decorat-cu-piatra-minerala-de-ametist\/\",\"name\":\"Indian, pandantiv realizat manual, din argint solid 925 decorat cu piatr\u0103 mineral\u0103 de ametist - Misses Jewellery\",\"isPartOf\":{\"@id\":\"https:\/\/missesjewellery.com\/#website\"},\"datePublished\":\"2019-12-26T22:31:18+00:00\",\"dateModified\":\"2022-11-29T07:50:12+00:00\",\"description\":\"Indian, pandantiv realizat manual, mare de 5 cm, de o frumuse\u021be \u0219i calitate incomparabil\u0103, realizat din argint solid 925 decorat cu piatr\u0103 mineral\u0103 de ametist \u00een t\u0103ietur\u0103 oval\u0103! Un mare num\u0103r de propriet\u0103\u021bi miraculoase sunt atribuite lui Ametist de toate civiliza\u021biile antice.\",\"breadcrumb\":{\"@id\":\"https:\/\/missesjewellery.com\/ro\/produs\/indian-pandantiv-realizat-manual-din-argint-solid-925-decorat-cu-piatra-minerala-de-ametist\/#breadcrumb\"},\"inLanguage\":\"ro-RO\",\"potentialAction\":[{\"@type\":\"ReadAction\",\"target\":[\"https:\/\/missesjewellery.com\/ro\/produs\/indian-pandantiv-realizat-manual-din-argint-solid-925-decorat-cu-piatra-minerala-de-ametist\/\"]}]},{\"@type\":\"BreadcrumbList\",\"@id\":\"https:\/\/missesjewellery.com\/ro\/produs\/indian-pandantiv-realizat-manual-din-argint-solid-925-decorat-cu-piatra-minerala-de-ametist\/#breadcrumb\",\"itemListElement\":[{\"@type\":\"ListItem\",\"position\":1,\"name\":\"\u0391\u03c1\u03c7\u03b9\u03ba\u03ae\",\"item\":\"https:\/\/missesjewellery.com\/\"},{\"@type\":\"ListItem\",\"position\":2,\"name\":\"Shop\",\"item\":\"https:\/\/missesjewellery.com\/shop\/\"},{\"@type\":\"ListItem\",\"position\":3,\"name\":\"Indian, pandantiv realizat manual, din argint solid 925 decorat cu piatr\u0103 mineral\u0103 de ametist\"}]},{\"@type\":\"WebSite\",\"@id\":\"https:\/\/missesjewellery.com\/#website\",\"url\":\"https:\/\/missesjewellery.com\/\",\"name\":\"Misses Jewellery\",\"description\":\"Luxury at a price you&#039;ll love\",\"publisher\":{\"@id\":\"https:\/\/missesjewellery.com\/#organization\"},\"potentialAction\":[{\"@type\":\"SearchAction\",\"target\":{\"@type\":\"EntryPoint\",\"urlTemplate\":\"https:\/\/missesjewellery.com\/?s={search_term_string}\"},\"query-input\":\"required name=search_term_string\"}],\"inLanguage\":\"ro-RO\"},{\"@type\":\"Organization\",\"@id\":\"https:\/\/missesjewellery.com\/#organization\",\"name\":\"Misses Jewellery\",\"url\":\"https:\/\/missesjewellery.com\/\",\"logo\":{\"@type\":\"ImageObject\",\"inLanguage\":\"ro-RO\",\"@id\":\"https:\/\/missesjewellery.com\/#\/schema\/logo\/image\/\",\"url\":\"https:\/\/missesjewellery.com\/wp-content\/uploads\/2022\/11\/missesjewellery-logo.png\",\"contentUrl\":\"https:\/\/missesjewellery.com\/wp-content\/uploads\/2022\/11\/missesjewellery-logo.png\",\"width\":865,\"height\":584,\"caption\":\"Misses Jewellery\"},\"image\":{\"@id\":\"https:\/\/missesjewellery.com\/#\/schema\/logo\/image\/\"}}]}<\/script>\n<!-- \/ Yoast SEO plugin. -->","yoast_head_json":{"title":"Indian, pandantiv realizat manual, din argint solid 925 decorat cu piatr\u0103 mineral\u0103 de ametist - Misses Jewellery","description":"Indian, pandantiv realizat manual, mare de 5 cm, de o frumuse\u021be \u0219i calitate incomparabil\u0103, realizat din argint solid 925 decorat cu piatr\u0103 mineral\u0103 de ametist \u00een t\u0103ietur\u0103 oval\u0103! Un mare num\u0103r de propriet\u0103\u021bi miraculoase sunt atribuite lui Ametist de toate civiliza\u021biile antice.","robots":{"index":"index","follow":"follow","max-snippet":"max-snippet:-1","max-image-preview":"max-image-preview:large","max-video-preview":"max-video-preview:-1"},"canonical":"https:\/\/missesjewellery.com\/ro\/produs\/indian-pandantiv-realizat-manual-din-argint-solid-925-decorat-cu-piatra-minerala-de-ametist\/","og_locale":"ro_RO","og_type":"article","og_title":"Indian, pandantiv realizat manual, din argint solid 925 decorat cu piatr\u0103 mineral\u0103 de ametist - Misses Jewellery","og_description":"Indian, pandantiv realizat manual, mare de 5 cm, de o frumuse\u021be \u0219i calitate incomparabil\u0103, realizat din argint solid 925 decorat cu piatr\u0103 mineral\u0103 de ametist \u00een t\u0103ietur\u0103 oval\u0103! Un mare num\u0103r de propriet\u0103\u021bi miraculoase sunt atribuite lui Ametist de toate civiliza\u021biile antice.","og_url":"https:\/\/missesjewellery.com\/ro\/produs\/indian-pandantiv-realizat-manual-din-argint-solid-925-decorat-cu-piatra-minerala-de-ametist\/","og_site_name":"Misses Jewellery","article_modified_time":"2022-11-29T07:50:12+00:00","og_image":[{"width":900,"height":900,"url":"https:\/\/missesjewellery.com\/wp-content\/uploads\/2022\/11\/s-20201151750_1_beu0nx.jpg","type":"image\/jpeg"}],"twitter_card":"summary_large_image","twitter_misc":{"Timp estimat pentru citire":"1 minut"},"schema":{"@context":"https:\/\/schema.org","@graph":[{"@type":"WebPage","@id":"https:\/\/missesjewellery.com\/ro\/produs\/indian-pandantiv-realizat-manual-din-argint-solid-925-decorat-cu-piatra-minerala-de-ametist\/","url":"https:\/\/missesjewellery.com\/ro\/produs\/indian-pandantiv-realizat-manual-din-argint-solid-925-decorat-cu-piatra-minerala-de-ametist\/","name":"Indian, pandantiv realizat manual, din argint solid 925 decorat cu piatr\u0103 mineral\u0103 de ametist - Misses Jewellery","isPartOf":{"@id":"https:\/\/missesjewellery.com\/#website"},"datePublished":"2019-12-26T22:31:18+00:00","dateModified":"2022-11-29T07:50:12+00:00","description":"Indian, pandantiv realizat manual, mare de 5 cm, de o frumuse\u021be \u0219i calitate incomparabil\u0103, realizat din argint solid 925 decorat cu piatr\u0103 mineral\u0103 de ametist \u00een t\u0103ietur\u0103 oval\u0103! Un mare num\u0103r de propriet\u0103\u021bi miraculoase sunt atribuite lui Ametist de toate civiliza\u021biile antice.","breadcrumb":{"@id":"https:\/\/missesjewellery.com\/ro\/produs\/indian-pandantiv-realizat-manual-din-argint-solid-925-decorat-cu-piatra-minerala-de-ametist\/#breadcrumb"},"inLanguage":"ro-RO","potentialAction":[{"@type":"ReadAction","target":["https:\/\/missesjewellery.com\/ro\/produs\/indian-pandantiv-realizat-manual-din-argint-solid-925-decorat-cu-piatra-minerala-de-ametist\/"]}]},{"@type":"BreadcrumbList","@id":"https:\/\/missesjewellery.com\/ro\/produs\/indian-pandantiv-realizat-manual-din-argint-solid-925-decorat-cu-piatra-minerala-de-ametist\/#breadcrumb","itemListElement":[{"@type":"ListItem","position":1,"name":"\u0391\u03c1\u03c7\u03b9\u03ba\u03ae","item":"https:\/\/missesjewellery.com\/"},{"@type":"ListItem","position":2,"name":"Shop","item":"https:\/\/missesjewellery.com\/shop\/"},{"@type":"ListItem","position":3,"name":"Indian, pandantiv realizat manual, din argint solid 925 decorat cu piatr\u0103 mineral\u0103 de ametist"}]},{"@type":"WebSite","@id":"https:\/\/missesjewellery.com\/#website","url":"https:\/\/missesjewellery.com\/","name":"Misses Jewellery","description":"Luxury at a price you&#039;ll love","publisher":{"@id":"https:\/\/missesjewellery.com\/#organization"},"potentialAction":[{"@type":"SearchAction","target":{"@type":"EntryPoint","urlTemplate":"https:\/\/missesjewellery.com\/?s={search_term_string}"},"query-input":"required name=search_term_string"}],"inLanguage":"ro-RO"},{"@type":"Organization","@id":"https:\/\/missesjewellery.com\/#organization","name":"Misses Jewellery","url":"https:\/\/missesjewellery.com\/","logo":{"@type":"ImageObject","inLanguage":"ro-RO","@id":"https:\/\/missesjewellery.com\/#\/schema\/logo\/image\/","url":"https:\/\/missesjewellery.com\/wp-content\/uploads\/2022\/11\/missesjewellery-logo.png","contentUrl":"https:\/\/missesjewellery.com\/wp-content\/uploads\/2022\/11\/missesjewellery-logo.png","width":865,"height":584,"caption":"Misses Jewellery"},"image":{"@id":"https:\/\/missesjewellery.com\/#\/schema\/logo\/image\/"}}]}},"_links":{"self":[{"href":"https:\/\/missesjewellery.com\/ro\/wp-json\/wp\/v2\/product\/27684"}],"collection":[{"href":"https:\/\/missesjewellery.com\/ro\/wp-json\/wp\/v2\/product"}],"about":[{"href":"https:\/\/missesjewellery.com\/ro\/wp-json\/wp\/v2\/types\/product"}],"replies":[{"embeddable":true,"href":"https:\/\/missesjewellery.com\/ro\/wp-json\/wp\/v2\/comments?post=27684"}],"wp:featuredmedia":[{"embeddable":true,"href":"https:\/\/missesjewellery.com\/ro\/wp-json\/wp\/v2\/media\/33475"}],"wp:attachment":[{"href":"https:\/\/missesjewellery.com\/ro\/wp-json\/wp\/v2\/media?parent=27684"}],"wp:term":[{"taxonomy":"product_cat","embeddable":true,"href":"https:\/\/missesjewellery.com\/ro\/wp-json\/wp\/v2\/product_cat?post=27684"},{"taxonomy":"product_tag","embeddable":true,"href":"https:\/\/missesjewellery.com\/ro\/wp-json\/wp\/v2\/product_tag?post=27684"}],"curies":[{"name":"wp","href":"https:\/\/api.w.org\/{rel}","templated":true}]}}