{"id":28051,"date":"2020-03-08T13:37:57","date_gmt":"2020-03-08T13:37:57","guid":{"rendered":"https:\/\/missesjewellery.com\/?post_type=product&#038;p=28051"},"modified":"2022-11-29T07:51:09","modified_gmt":"2022-11-29T07:51:09","slug":"84-100","status":"publish","type":"product","link":"https:\/\/missesjewellery.com\/ro\/product\/84-100\/","title":{"rendered":"\u00centr-adev\u0103r un minunat colier lung de 84 cm cu corali ro\u0219ii 100% naturali."},"content":{"rendered":"<p>\u00centr-adev\u0103r un minunat colier lung de 84 cm cu corali ro\u0219ii 100% naturali. Alege acest colier care \u00ee\u021bi poate pune \u00een valoare \u021binuta, \u00ee\u021bi ofer\u0103 elegan\u021b\u0103 \u0219i \u00ee\u021bi subliniaz\u0103 stilul personal! Colierul pe care vi-l suger\u0103m din corali naturali v\u0103 va asigura f\u0103r\u0103 efort un aspect extrem de impresionant, \u00een timp ce va r\u0103m\u00e2ne o investi\u021bie atemporal\u0103 de elegan\u021b\u0103!<\/p>\n<p>Cod TO128 Pre\u021b 220ron<\/p>\n","protected":false},"excerpt":{"rendered":"<p>\u00centr-adev\u0103r un minunat colier lung de 84 cm cu corali ro\u0219ii 100% naturali. Alege acest colier care \u00ee\u021bi poate pune \u00een valoare \u021binuta, \u00ee\u021bi ofer\u0103&#8230;<\/p>\n","protected":false},"featured_media":42633,"comment_status":"open","ping_status":"closed","template":"","meta":[],"product_cat":[276],"product_tag":[],"etheme_brands":{"errors":{"invalid_taxonomy":["Taxonomia nu este valid\u0103."]},"error_data":[]},"yoast_head":"<!-- This site is optimized with the Yoast SEO plugin v21.7 - https:\/\/yoast.com\/wordpress\/plugins\/seo\/ -->\n<title>\u00centr-adev\u0103r un minunat colier lung de 84 cm cu corali ro\u0219ii 100% naturali. - Misses Jewellery<\/title>\n<meta name=\"robots\" content=\"index, follow, max-snippet:-1, max-image-preview:large, max-video-preview:-1\" \/>\n<link rel=\"canonical\" href=\"https:\/\/missesjewellery.com\/ro\/produs\/84-100\/\" \/>\n<meta property=\"og:locale\" content=\"ro_RO\" \/>\n<meta property=\"og:type\" content=\"article\" \/>\n<meta property=\"og:title\" content=\"\u00centr-adev\u0103r un minunat colier lung de 84 cm cu corali ro\u0219ii 100% naturali. - Misses Jewellery\" \/>\n<meta property=\"og:description\" content=\"\u00centr-adev\u0103r un minunat colier lung de 84 cm cu corali ro\u0219ii 100% naturali. Alege acest colier care \u00ee\u021bi poate pune \u00een valoare \u021binuta, \u00ee\u021bi ofer\u0103...\" \/>\n<meta property=\"og:url\" content=\"https:\/\/missesjewellery.com\/ro\/produs\/84-100\/\" \/>\n<meta property=\"og:site_name\" content=\"Misses Jewellery\" \/>\n<meta property=\"article:modified_time\" content=\"2022-11-29T07:51:09+00:00\" \/>\n<meta property=\"og:image\" content=\"https:\/\/missesjewellery.com\/wp-content\/uploads\/2022\/11\/HRHRH.jpg\" \/>\n\t<meta property=\"og:image:width\" content=\"800\" \/>\n\t<meta property=\"og:image:height\" content=\"927\" \/>\n\t<meta property=\"og:image:type\" content=\"image\/jpeg\" \/>\n<meta name=\"twitter:card\" content=\"summary_large_image\" \/>\n<script type=\"application\/ld+json\" class=\"yoast-schema-graph\">{\"@context\":\"https:\/\/schema.org\",\"@graph\":[{\"@type\":\"WebPage\",\"@id\":\"https:\/\/missesjewellery.com\/ro\/produs\/84-100\/\",\"url\":\"https:\/\/missesjewellery.com\/ro\/produs\/84-100\/\",\"name\":\"\u00centr-adev\u0103r un minunat colier lung de 84 cm cu corali ro\u0219ii 100% naturali. - Misses Jewellery\",\"isPartOf\":{\"@id\":\"https:\/\/missesjewellery.com\/#website\"},\"datePublished\":\"2020-03-08T13:37:57+00:00\",\"dateModified\":\"2022-11-29T07:51:09+00:00\",\"breadcrumb\":{\"@id\":\"https:\/\/missesjewellery.com\/ro\/produs\/84-100\/#breadcrumb\"},\"inLanguage\":\"ro-RO\",\"potentialAction\":[{\"@type\":\"ReadAction\",\"target\":[\"https:\/\/missesjewellery.com\/ro\/produs\/84-100\/\"]}]},{\"@type\":\"BreadcrumbList\",\"@id\":\"https:\/\/missesjewellery.com\/ro\/produs\/84-100\/#breadcrumb\",\"itemListElement\":[{\"@type\":\"ListItem\",\"position\":1,\"name\":\"\u0391\u03c1\u03c7\u03b9\u03ba\u03ae\",\"item\":\"https:\/\/missesjewellery.com\/\"},{\"@type\":\"ListItem\",\"position\":2,\"name\":\"Shop\",\"item\":\"https:\/\/missesjewellery.com\/shop\/\"},{\"@type\":\"ListItem\",\"position\":3,\"name\":\"\u00centr-adev\u0103r un minunat colier lung de 84 cm cu corali ro\u0219ii 100% naturali.\"}]},{\"@type\":\"WebSite\",\"@id\":\"https:\/\/missesjewellery.com\/#website\",\"url\":\"https:\/\/missesjewellery.com\/\",\"name\":\"Misses Jewellery\",\"description\":\"Luxury at a price you&#039;ll love\",\"publisher\":{\"@id\":\"https:\/\/missesjewellery.com\/#organization\"},\"potentialAction\":[{\"@type\":\"SearchAction\",\"target\":{\"@type\":\"EntryPoint\",\"urlTemplate\":\"https:\/\/missesjewellery.com\/?s={search_term_string}\"},\"query-input\":\"required name=search_term_string\"}],\"inLanguage\":\"ro-RO\"},{\"@type\":\"Organization\",\"@id\":\"https:\/\/missesjewellery.com\/#organization\",\"name\":\"Misses Jewellery\",\"url\":\"https:\/\/missesjewellery.com\/\",\"logo\":{\"@type\":\"ImageObject\",\"inLanguage\":\"ro-RO\",\"@id\":\"https:\/\/missesjewellery.com\/#\/schema\/logo\/image\/\",\"url\":\"https:\/\/missesjewellery.com\/wp-content\/uploads\/2022\/11\/missesjewellery-logo.png\",\"contentUrl\":\"https:\/\/missesjewellery.com\/wp-content\/uploads\/2022\/11\/missesjewellery-logo.png\",\"width\":865,\"height\":584,\"caption\":\"Misses Jewellery\"},\"image\":{\"@id\":\"https:\/\/missesjewellery.com\/#\/schema\/logo\/image\/\"}}]}<\/script>\n<!-- \/ Yoast SEO plugin. -->","yoast_head_json":{"title":"\u00centr-adev\u0103r un minunat colier lung de 84 cm cu corali ro\u0219ii 100% naturali. - Misses Jewellery","robots":{"index":"index","follow":"follow","max-snippet":"max-snippet:-1","max-image-preview":"max-image-preview:large","max-video-preview":"max-video-preview:-1"},"canonical":"https:\/\/missesjewellery.com\/ro\/produs\/84-100\/","og_locale":"ro_RO","og_type":"article","og_title":"\u00centr-adev\u0103r un minunat colier lung de 84 cm cu corali ro\u0219ii 100% naturali. - Misses Jewellery","og_description":"\u00centr-adev\u0103r un minunat colier lung de 84 cm cu corali ro\u0219ii 100% naturali. Alege acest colier care \u00ee\u021bi poate pune \u00een valoare \u021binuta, \u00ee\u021bi ofer\u0103...","og_url":"https:\/\/missesjewellery.com\/ro\/produs\/84-100\/","og_site_name":"Misses Jewellery","article_modified_time":"2022-11-29T07:51:09+00:00","og_image":[{"width":800,"height":927,"url":"https:\/\/missesjewellery.com\/wp-content\/uploads\/2022\/11\/HRHRH.jpg","type":"image\/jpeg"}],"twitter_card":"summary_large_image","schema":{"@context":"https:\/\/schema.org","@graph":[{"@type":"WebPage","@id":"https:\/\/missesjewellery.com\/ro\/produs\/84-100\/","url":"https:\/\/missesjewellery.com\/ro\/produs\/84-100\/","name":"\u00centr-adev\u0103r un minunat colier lung de 84 cm cu corali ro\u0219ii 100% naturali. - Misses Jewellery","isPartOf":{"@id":"https:\/\/missesjewellery.com\/#website"},"datePublished":"2020-03-08T13:37:57+00:00","dateModified":"2022-11-29T07:51:09+00:00","breadcrumb":{"@id":"https:\/\/missesjewellery.com\/ro\/produs\/84-100\/#breadcrumb"},"inLanguage":"ro-RO","potentialAction":[{"@type":"ReadAction","target":["https:\/\/missesjewellery.com\/ro\/produs\/84-100\/"]}]},{"@type":"BreadcrumbList","@id":"https:\/\/missesjewellery.com\/ro\/produs\/84-100\/#breadcrumb","itemListElement":[{"@type":"ListItem","position":1,"name":"\u0391\u03c1\u03c7\u03b9\u03ba\u03ae","item":"https:\/\/missesjewellery.com\/"},{"@type":"ListItem","position":2,"name":"Shop","item":"https:\/\/missesjewellery.com\/shop\/"},{"@type":"ListItem","position":3,"name":"\u00centr-adev\u0103r un minunat colier lung de 84 cm cu corali ro\u0219ii 100% naturali."}]},{"@type":"WebSite","@id":"https:\/\/missesjewellery.com\/#website","url":"https:\/\/missesjewellery.com\/","name":"Misses Jewellery","description":"Luxury at a price you&#039;ll love","publisher":{"@id":"https:\/\/missesjewellery.com\/#organization"},"potentialAction":[{"@type":"SearchAction","target":{"@type":"EntryPoint","urlTemplate":"https:\/\/missesjewellery.com\/?s={search_term_string}"},"query-input":"required name=search_term_string"}],"inLanguage":"ro-RO"},{"@type":"Organization","@id":"https:\/\/missesjewellery.com\/#organization","name":"Misses Jewellery","url":"https:\/\/missesjewellery.com\/","logo":{"@type":"ImageObject","inLanguage":"ro-RO","@id":"https:\/\/missesjewellery.com\/#\/schema\/logo\/image\/","url":"https:\/\/missesjewellery.com\/wp-content\/uploads\/2022\/11\/missesjewellery-logo.png","contentUrl":"https:\/\/missesjewellery.com\/wp-content\/uploads\/2022\/11\/missesjewellery-logo.png","width":865,"height":584,"caption":"Misses Jewellery"},"image":{"@id":"https:\/\/missesjewellery.com\/#\/schema\/logo\/image\/"}}]}},"_links":{"self":[{"href":"https:\/\/missesjewellery.com\/ro\/wp-json\/wp\/v2\/product\/28051"}],"collection":[{"href":"https:\/\/missesjewellery.com\/ro\/wp-json\/wp\/v2\/product"}],"about":[{"href":"https:\/\/missesjewellery.com\/ro\/wp-json\/wp\/v2\/types\/product"}],"replies":[{"embeddable":true,"href":"https:\/\/missesjewellery.com\/ro\/wp-json\/wp\/v2\/comments?post=28051"}],"wp:featuredmedia":[{"embeddable":true,"href":"https:\/\/missesjewellery.com\/ro\/wp-json\/wp\/v2\/media\/42633"}],"wp:attachment":[{"href":"https:\/\/missesjewellery.com\/ro\/wp-json\/wp\/v2\/media?parent=28051"}],"wp:term":[{"taxonomy":"product_cat","embeddable":true,"href":"https:\/\/missesjewellery.com\/ro\/wp-json\/wp\/v2\/product_cat?post=28051"},{"taxonomy":"product_tag","embeddable":true,"href":"https:\/\/missesjewellery.com\/ro\/wp-json\/wp\/v2\/product_tag?post=28051"}],"curies":[{"name":"wp","href":"https:\/\/api.w.org\/{rel}","templated":true}]}}