{"id":28475,"date":"2019-09-05T09:06:20","date_gmt":"2019-09-05T09:06:20","guid":{"rendered":"https:\/\/missesjewellery.com\/?post_type=product&#038;p=28475"},"modified":"2022-11-29T07:52:55","modified_gmt":"2022-11-29T07:52:55","slug":"43-2","status":"publish","type":"product","link":"https:\/\/missesjewellery.com\/ro\/product\/43-2\/","title":{"rendered":"Colier de \u00eenalt\u0103 calitate, decorat \u00een interior cu zircon \u00een t\u0103ietur\u0103 rotund\u0103 str\u0103lucitoare de 0,7 cm"},"content":{"rendered":"<p>Colier, lung de 45 cm, de \u00eenalt\u0103 calitate, decorat \u00een interior cu zircon \u00eentr-o t\u0103ietur\u0103 rotund\u0103 str\u0103lucitoare de 0,7 cm. Fabricat din argint german.<br \/>\nPre\u021b 80ron. Pre\u021b ofert\u0103 70ron Cod 1152<\/p>\n","protected":false},"excerpt":{"rendered":"<p>Colier, lung de 45 cm, de \u00eenalt\u0103 calitate, decorat \u00een interior cu zircon \u00eentr-o t\u0103ietur\u0103 rotund\u0103 str\u0103lucitoare de 0,7 cm. Fabricat din argint german.<br \/>\nPre\u021b 80ron. Pre\u021b ofert\u0103 70ron Cod 1152<\/p>\n","protected":false},"featured_media":32888,"comment_status":"open","ping_status":"closed","template":"","meta":[],"product_cat":[276],"product_tag":[],"etheme_brands":{"errors":{"invalid_taxonomy":["Taxonomia nu este valid\u0103."]},"error_data":[]},"yoast_head":"<!-- This site is optimized with the Yoast SEO plugin v21.7 - https:\/\/yoast.com\/wordpress\/plugins\/seo\/ -->\n<title>Colier de \u00eenalt\u0103 calitate, decorat \u00een interior cu zircon \u00een t\u0103ietur\u0103 rotund\u0103 str\u0103lucitoare de 0,7 cm - Misses Jewellery<\/title>\n<meta name=\"robots\" content=\"index, follow, max-snippet:-1, max-image-preview:large, max-video-preview:-1\" \/>\n<link rel=\"canonical\" href=\"https:\/\/missesjewellery.com\/ro\/produs\/43-2\/\" \/>\n<meta property=\"og:locale\" content=\"ro_RO\" \/>\n<meta property=\"og:type\" content=\"article\" \/>\n<meta property=\"og:title\" content=\"Colier de \u00eenalt\u0103 calitate, decorat \u00een interior cu zircon \u00een t\u0103ietur\u0103 rotund\u0103 str\u0103lucitoare de 0,7 cm - Misses Jewellery\" \/>\n<meta property=\"og:description\" content=\"Colier, lung de 45 cm, de \u00eenalt\u0103 calitate, decorat \u00een interior cu zircon \u00eentr-o t\u0103ietur\u0103 rotund\u0103 str\u0103lucitoare de 0,7 cm. Fabricat din argint german. Pre\u021b 80ron. Pre\u021b ofert\u0103 70ron Cod 1152\" \/>\n<meta property=\"og:url\" content=\"https:\/\/missesjewellery.com\/ro\/produs\/43-2\/\" \/>\n<meta property=\"og:site_name\" content=\"Misses Jewellery\" \/>\n<meta property=\"article:modified_time\" content=\"2022-11-29T07:52:55+00:00\" \/>\n<meta property=\"og:image\" content=\"https:\/\/missesjewellery.com\/wp-content\/uploads\/2022\/11\/s-l500gg5.jpg\" \/>\n\t<meta property=\"og:image:width\" content=\"630\" \/>\n\t<meta property=\"og:image:height\" content=\"563\" \/>\n\t<meta property=\"og:image:type\" content=\"image\/jpeg\" \/>\n<meta name=\"twitter:card\" content=\"summary_large_image\" \/>\n<script type=\"application\/ld+json\" class=\"yoast-schema-graph\">{\"@context\":\"https:\/\/schema.org\",\"@graph\":[{\"@type\":\"WebPage\",\"@id\":\"https:\/\/missesjewellery.com\/ro\/produs\/43-2\/\",\"url\":\"https:\/\/missesjewellery.com\/ro\/produs\/43-2\/\",\"name\":\"Colier de \u00eenalt\u0103 calitate, decorat \u00een interior cu zircon \u00een t\u0103ietur\u0103 rotund\u0103 str\u0103lucitoare de 0,7 cm - Misses Jewellery\",\"isPartOf\":{\"@id\":\"https:\/\/missesjewellery.com\/#website\"},\"datePublished\":\"2019-09-05T09:06:20+00:00\",\"dateModified\":\"2022-11-29T07:52:55+00:00\",\"breadcrumb\":{\"@id\":\"https:\/\/missesjewellery.com\/ro\/produs\/43-2\/#breadcrumb\"},\"inLanguage\":\"ro-RO\",\"potentialAction\":[{\"@type\":\"ReadAction\",\"target\":[\"https:\/\/missesjewellery.com\/ro\/produs\/43-2\/\"]}]},{\"@type\":\"BreadcrumbList\",\"@id\":\"https:\/\/missesjewellery.com\/ro\/produs\/43-2\/#breadcrumb\",\"itemListElement\":[{\"@type\":\"ListItem\",\"position\":1,\"name\":\"\u0391\u03c1\u03c7\u03b9\u03ba\u03ae\",\"item\":\"https:\/\/missesjewellery.com\/\"},{\"@type\":\"ListItem\",\"position\":2,\"name\":\"Shop\",\"item\":\"https:\/\/missesjewellery.com\/shop\/\"},{\"@type\":\"ListItem\",\"position\":3,\"name\":\"Colier de \u00eenalt\u0103 calitate, decorat \u00een interior cu zircon \u00een t\u0103ietur\u0103 rotund\u0103 str\u0103lucitoare de 0,7 cm\"}]},{\"@type\":\"WebSite\",\"@id\":\"https:\/\/missesjewellery.com\/#website\",\"url\":\"https:\/\/missesjewellery.com\/\",\"name\":\"Misses Jewellery\",\"description\":\"Luxury at a price you&#039;ll love\",\"publisher\":{\"@id\":\"https:\/\/missesjewellery.com\/#organization\"},\"potentialAction\":[{\"@type\":\"SearchAction\",\"target\":{\"@type\":\"EntryPoint\",\"urlTemplate\":\"https:\/\/missesjewellery.com\/?s={search_term_string}\"},\"query-input\":\"required name=search_term_string\"}],\"inLanguage\":\"ro-RO\"},{\"@type\":\"Organization\",\"@id\":\"https:\/\/missesjewellery.com\/#organization\",\"name\":\"Misses Jewellery\",\"url\":\"https:\/\/missesjewellery.com\/\",\"logo\":{\"@type\":\"ImageObject\",\"inLanguage\":\"ro-RO\",\"@id\":\"https:\/\/missesjewellery.com\/#\/schema\/logo\/image\/\",\"url\":\"https:\/\/missesjewellery.com\/wp-content\/uploads\/2022\/11\/missesjewellery-logo.png\",\"contentUrl\":\"https:\/\/missesjewellery.com\/wp-content\/uploads\/2022\/11\/missesjewellery-logo.png\",\"width\":865,\"height\":584,\"caption\":\"Misses Jewellery\"},\"image\":{\"@id\":\"https:\/\/missesjewellery.com\/#\/schema\/logo\/image\/\"}}]}<\/script>\n<!-- \/ Yoast SEO plugin. -->","yoast_head_json":{"title":"Colier de \u00eenalt\u0103 calitate, decorat \u00een interior cu zircon \u00een t\u0103ietur\u0103 rotund\u0103 str\u0103lucitoare de 0,7 cm - Misses Jewellery","robots":{"index":"index","follow":"follow","max-snippet":"max-snippet:-1","max-image-preview":"max-image-preview:large","max-video-preview":"max-video-preview:-1"},"canonical":"https:\/\/missesjewellery.com\/ro\/produs\/43-2\/","og_locale":"ro_RO","og_type":"article","og_title":"Colier de \u00eenalt\u0103 calitate, decorat \u00een interior cu zircon \u00een t\u0103ietur\u0103 rotund\u0103 str\u0103lucitoare de 0,7 cm - Misses Jewellery","og_description":"Colier, lung de 45 cm, de \u00eenalt\u0103 calitate, decorat \u00een interior cu zircon \u00eentr-o t\u0103ietur\u0103 rotund\u0103 str\u0103lucitoare de 0,7 cm. Fabricat din argint german. Pre\u021b 80ron. Pre\u021b ofert\u0103 70ron Cod 1152","og_url":"https:\/\/missesjewellery.com\/ro\/produs\/43-2\/","og_site_name":"Misses Jewellery","article_modified_time":"2022-11-29T07:52:55+00:00","og_image":[{"width":630,"height":563,"url":"https:\/\/missesjewellery.com\/wp-content\/uploads\/2022\/11\/s-l500gg5.jpg","type":"image\/jpeg"}],"twitter_card":"summary_large_image","schema":{"@context":"https:\/\/schema.org","@graph":[{"@type":"WebPage","@id":"https:\/\/missesjewellery.com\/ro\/produs\/43-2\/","url":"https:\/\/missesjewellery.com\/ro\/produs\/43-2\/","name":"Colier de \u00eenalt\u0103 calitate, decorat \u00een interior cu zircon \u00een t\u0103ietur\u0103 rotund\u0103 str\u0103lucitoare de 0,7 cm - Misses Jewellery","isPartOf":{"@id":"https:\/\/missesjewellery.com\/#website"},"datePublished":"2019-09-05T09:06:20+00:00","dateModified":"2022-11-29T07:52:55+00:00","breadcrumb":{"@id":"https:\/\/missesjewellery.com\/ro\/produs\/43-2\/#breadcrumb"},"inLanguage":"ro-RO","potentialAction":[{"@type":"ReadAction","target":["https:\/\/missesjewellery.com\/ro\/produs\/43-2\/"]}]},{"@type":"BreadcrumbList","@id":"https:\/\/missesjewellery.com\/ro\/produs\/43-2\/#breadcrumb","itemListElement":[{"@type":"ListItem","position":1,"name":"\u0391\u03c1\u03c7\u03b9\u03ba\u03ae","item":"https:\/\/missesjewellery.com\/"},{"@type":"ListItem","position":2,"name":"Shop","item":"https:\/\/missesjewellery.com\/shop\/"},{"@type":"ListItem","position":3,"name":"Colier de \u00eenalt\u0103 calitate, decorat \u00een interior cu zircon \u00een t\u0103ietur\u0103 rotund\u0103 str\u0103lucitoare de 0,7 cm"}]},{"@type":"WebSite","@id":"https:\/\/missesjewellery.com\/#website","url":"https:\/\/missesjewellery.com\/","name":"Misses Jewellery","description":"Luxury at a price you&#039;ll love","publisher":{"@id":"https:\/\/missesjewellery.com\/#organization"},"potentialAction":[{"@type":"SearchAction","target":{"@type":"EntryPoint","urlTemplate":"https:\/\/missesjewellery.com\/?s={search_term_string}"},"query-input":"required name=search_term_string"}],"inLanguage":"ro-RO"},{"@type":"Organization","@id":"https:\/\/missesjewellery.com\/#organization","name":"Misses Jewellery","url":"https:\/\/missesjewellery.com\/","logo":{"@type":"ImageObject","inLanguage":"ro-RO","@id":"https:\/\/missesjewellery.com\/#\/schema\/logo\/image\/","url":"https:\/\/missesjewellery.com\/wp-content\/uploads\/2022\/11\/missesjewellery-logo.png","contentUrl":"https:\/\/missesjewellery.com\/wp-content\/uploads\/2022\/11\/missesjewellery-logo.png","width":865,"height":584,"caption":"Misses Jewellery"},"image":{"@id":"https:\/\/missesjewellery.com\/#\/schema\/logo\/image\/"}}]}},"_links":{"self":[{"href":"https:\/\/missesjewellery.com\/ro\/wp-json\/wp\/v2\/product\/28475"}],"collection":[{"href":"https:\/\/missesjewellery.com\/ro\/wp-json\/wp\/v2\/product"}],"about":[{"href":"https:\/\/missesjewellery.com\/ro\/wp-json\/wp\/v2\/types\/product"}],"replies":[{"embeddable":true,"href":"https:\/\/missesjewellery.com\/ro\/wp-json\/wp\/v2\/comments?post=28475"}],"wp:featuredmedia":[{"embeddable":true,"href":"https:\/\/missesjewellery.com\/ro\/wp-json\/wp\/v2\/media\/32888"}],"wp:attachment":[{"href":"https:\/\/missesjewellery.com\/ro\/wp-json\/wp\/v2\/media?parent=28475"}],"wp:term":[{"taxonomy":"product_cat","embeddable":true,"href":"https:\/\/missesjewellery.com\/ro\/wp-json\/wp\/v2\/product_cat?post=28475"},{"taxonomy":"product_tag","embeddable":true,"href":"https:\/\/missesjewellery.com\/ro\/wp-json\/wp\/v2\/product_tag?post=28475"}],"curies":[{"name":"wp","href":"https:\/\/api.w.org\/{rel}","templated":true}]}}