{"id":28857,"date":"2021-02-20T11:36:19","date_gmt":"2021-02-20T11:36:19","guid":{"rendered":"https:\/\/missesjewellery.com\/?post_type=product&#038;p=28857"},"modified":"2022-11-29T07:53:45","modified_gmt":"2022-11-29T07:53:45","slug":"handmade-indian-earings-with-peridot-silver-925-02","status":"publish","type":"product","link":"https:\/\/missesjewellery.com\/ro\/product\/handmade-indian-earings-with-peridot-silver-925-02\/","title":{"rendered":"Cercei din argint 925 indieni handmade cu pietre Peridot!"},"content":{"rendered":"<p><strong>Cercei indieni<\/strong>, lucra\u021bi manual, fabrica\u021bi din <strong>argint 925<\/strong> solid, decora\u021bi cu frumoase pietre de <strong>Peridot<\/strong> (crea\u021bie de laborator) \u00een t\u0103ietur\u0103 pear.<br \/>\nLungime cercei 5cm.<\/p>\n<p><strong>Pre\u021b<\/strong> 170ron<\/p>\n<p><strong>Cod<\/strong> WG609<\/p>\n","protected":false},"excerpt":{"rendered":"<p><strong>Cercei indieni<\/strong>, lucra\u021bi manual, fabrica\u021bi din <strong>argint 925<\/strong> solid, decora\u021bi cu frumoase pietre de <strong>Peridot<\/strong> (crea\u021bie de laborator) \u00een t\u0103ietur\u0103 pear.<br \/>\nLungime cercei 5cm.<\/p>\n<p><strong>Pre\u021b<\/strong> 170ron<\/p>\n<p><strong>Cod<\/strong> WG609<\/p>\n","protected":false},"featured_media":44177,"comment_status":"closed","ping_status":"closed","template":"","meta":[],"product_cat":[279,271,273],"product_tag":[],"etheme_brands":{"errors":{"invalid_taxonomy":["Taxonomia nu este valid\u0103."]},"error_data":[]},"yoast_head":"<!-- This site is optimized with the Yoast SEO plugin v21.7 - https:\/\/yoast.com\/wordpress\/plugins\/seo\/ -->\n<title>Cercei din argint 925 indieni handmade cu pietre Peridot! - Misses Jewellery<\/title>\n<meta name=\"description\" content=\"Cercei indieni, lucra\u021bi manual, din argint 925 solid \u0219i decora\u021bi cu frumoase pietre Peridot (crea\u021bie de laborator) t\u0103iate \u00een pere. Lungime cercei 5cm.\" \/>\n<meta name=\"robots\" content=\"index, follow, max-snippet:-1, max-image-preview:large, max-video-preview:-1\" \/>\n<link rel=\"canonical\" href=\"https:\/\/missesjewellery.com\/ro\/produs\/handmade-indian-earings-with-peridot-silver-925-02\/\" \/>\n<meta property=\"og:locale\" content=\"ro_RO\" \/>\n<meta property=\"og:type\" content=\"article\" \/>\n<meta property=\"og:title\" content=\"Cercei din argint 925 indieni handmade cu pietre Peridot! - Misses Jewellery\" \/>\n<meta property=\"og:description\" content=\"Cercei indieni, lucra\u021bi manual, din argint 925 solid \u0219i decora\u021bi cu frumoase pietre Peridot (crea\u021bie de laborator) t\u0103iate \u00een pere. Lungime cercei 5cm.\" \/>\n<meta property=\"og:url\" content=\"https:\/\/missesjewellery.com\/ro\/produs\/handmade-indian-earings-with-peridot-silver-925-02\/\" \/>\n<meta property=\"og:site_name\" content=\"Misses Jewellery\" \/>\n<meta property=\"article:modified_time\" content=\"2022-11-29T07:53:45+00:00\" \/>\n<meta property=\"og:image\" content=\"https:\/\/missesjewellery.com\/wp-content\/uploads\/2022\/11\/WG609.jpg\" \/>\n\t<meta property=\"og:image:width\" content=\"900\" \/>\n\t<meta property=\"og:image:height\" content=\"900\" \/>\n\t<meta property=\"og:image:type\" content=\"image\/jpeg\" \/>\n<meta name=\"twitter:card\" content=\"summary_large_image\" \/>\n<meta name=\"twitter:label1\" content=\"Timp estimat pentru citire\" \/>\n\t<meta name=\"twitter:data1\" content=\"1 minut\" \/>\n<script type=\"application\/ld+json\" class=\"yoast-schema-graph\">{\"@context\":\"https:\/\/schema.org\",\"@graph\":[{\"@type\":\"WebPage\",\"@id\":\"https:\/\/missesjewellery.com\/ro\/produs\/handmade-indian-earings-with-peridot-silver-925-02\/\",\"url\":\"https:\/\/missesjewellery.com\/ro\/produs\/handmade-indian-earings-with-peridot-silver-925-02\/\",\"name\":\"Cercei din argint 925 indieni handmade cu pietre Peridot! - Misses Jewellery\",\"isPartOf\":{\"@id\":\"https:\/\/missesjewellery.com\/#website\"},\"datePublished\":\"2021-02-20T11:36:19+00:00\",\"dateModified\":\"2022-11-29T07:53:45+00:00\",\"description\":\"Cercei indieni, lucra\u021bi manual, din argint 925 solid \u0219i decora\u021bi cu frumoase pietre Peridot (crea\u021bie de laborator) t\u0103iate \u00een pere. Lungime cercei 5cm.\",\"breadcrumb\":{\"@id\":\"https:\/\/missesjewellery.com\/ro\/produs\/handmade-indian-earings-with-peridot-silver-925-02\/#breadcrumb\"},\"inLanguage\":\"ro-RO\",\"potentialAction\":[{\"@type\":\"ReadAction\",\"target\":[\"https:\/\/missesjewellery.com\/ro\/produs\/handmade-indian-earings-with-peridot-silver-925-02\/\"]}]},{\"@type\":\"BreadcrumbList\",\"@id\":\"https:\/\/missesjewellery.com\/ro\/produs\/handmade-indian-earings-with-peridot-silver-925-02\/#breadcrumb\",\"itemListElement\":[{\"@type\":\"ListItem\",\"position\":1,\"name\":\"\u0391\u03c1\u03c7\u03b9\u03ba\u03ae\",\"item\":\"https:\/\/missesjewellery.com\/\"},{\"@type\":\"ListItem\",\"position\":2,\"name\":\"Shop\",\"item\":\"https:\/\/missesjewellery.com\/shop\/\"},{\"@type\":\"ListItem\",\"position\":3,\"name\":\"Cercei din argint 925 indieni handmade cu pietre Peridot!\"}]},{\"@type\":\"WebSite\",\"@id\":\"https:\/\/missesjewellery.com\/#website\",\"url\":\"https:\/\/missesjewellery.com\/\",\"name\":\"Misses Jewellery\",\"description\":\"Luxury at a price you&#039;ll love\",\"publisher\":{\"@id\":\"https:\/\/missesjewellery.com\/#organization\"},\"potentialAction\":[{\"@type\":\"SearchAction\",\"target\":{\"@type\":\"EntryPoint\",\"urlTemplate\":\"https:\/\/missesjewellery.com\/?s={search_term_string}\"},\"query-input\":\"required name=search_term_string\"}],\"inLanguage\":\"ro-RO\"},{\"@type\":\"Organization\",\"@id\":\"https:\/\/missesjewellery.com\/#organization\",\"name\":\"Misses Jewellery\",\"url\":\"https:\/\/missesjewellery.com\/\",\"logo\":{\"@type\":\"ImageObject\",\"inLanguage\":\"ro-RO\",\"@id\":\"https:\/\/missesjewellery.com\/#\/schema\/logo\/image\/\",\"url\":\"https:\/\/missesjewellery.com\/wp-content\/uploads\/2022\/11\/missesjewellery-logo.png\",\"contentUrl\":\"https:\/\/missesjewellery.com\/wp-content\/uploads\/2022\/11\/missesjewellery-logo.png\",\"width\":865,\"height\":584,\"caption\":\"Misses Jewellery\"},\"image\":{\"@id\":\"https:\/\/missesjewellery.com\/#\/schema\/logo\/image\/\"}}]}<\/script>\n<!-- \/ Yoast SEO plugin. -->","yoast_head_json":{"title":"Cercei din argint 925 indieni handmade cu pietre Peridot! - Misses Jewellery","description":"Cercei indieni, lucra\u021bi manual, din argint 925 solid \u0219i decora\u021bi cu frumoase pietre Peridot (crea\u021bie de laborator) t\u0103iate \u00een pere. Lungime cercei 5cm.","robots":{"index":"index","follow":"follow","max-snippet":"max-snippet:-1","max-image-preview":"max-image-preview:large","max-video-preview":"max-video-preview:-1"},"canonical":"https:\/\/missesjewellery.com\/ro\/produs\/handmade-indian-earings-with-peridot-silver-925-02\/","og_locale":"ro_RO","og_type":"article","og_title":"Cercei din argint 925 indieni handmade cu pietre Peridot! - Misses Jewellery","og_description":"Cercei indieni, lucra\u021bi manual, din argint 925 solid \u0219i decora\u021bi cu frumoase pietre Peridot (crea\u021bie de laborator) t\u0103iate \u00een pere. Lungime cercei 5cm.","og_url":"https:\/\/missesjewellery.com\/ro\/produs\/handmade-indian-earings-with-peridot-silver-925-02\/","og_site_name":"Misses Jewellery","article_modified_time":"2022-11-29T07:53:45+00:00","og_image":[{"width":900,"height":900,"url":"https:\/\/missesjewellery.com\/wp-content\/uploads\/2022\/11\/WG609.jpg","type":"image\/jpeg"}],"twitter_card":"summary_large_image","twitter_misc":{"Timp estimat pentru citire":"1 minut"},"schema":{"@context":"https:\/\/schema.org","@graph":[{"@type":"WebPage","@id":"https:\/\/missesjewellery.com\/ro\/produs\/handmade-indian-earings-with-peridot-silver-925-02\/","url":"https:\/\/missesjewellery.com\/ro\/produs\/handmade-indian-earings-with-peridot-silver-925-02\/","name":"Cercei din argint 925 indieni handmade cu pietre Peridot! - Misses Jewellery","isPartOf":{"@id":"https:\/\/missesjewellery.com\/#website"},"datePublished":"2021-02-20T11:36:19+00:00","dateModified":"2022-11-29T07:53:45+00:00","description":"Cercei indieni, lucra\u021bi manual, din argint 925 solid \u0219i decora\u021bi cu frumoase pietre Peridot (crea\u021bie de laborator) t\u0103iate \u00een pere. Lungime cercei 5cm.","breadcrumb":{"@id":"https:\/\/missesjewellery.com\/ro\/produs\/handmade-indian-earings-with-peridot-silver-925-02\/#breadcrumb"},"inLanguage":"ro-RO","potentialAction":[{"@type":"ReadAction","target":["https:\/\/missesjewellery.com\/ro\/produs\/handmade-indian-earings-with-peridot-silver-925-02\/"]}]},{"@type":"BreadcrumbList","@id":"https:\/\/missesjewellery.com\/ro\/produs\/handmade-indian-earings-with-peridot-silver-925-02\/#breadcrumb","itemListElement":[{"@type":"ListItem","position":1,"name":"\u0391\u03c1\u03c7\u03b9\u03ba\u03ae","item":"https:\/\/missesjewellery.com\/"},{"@type":"ListItem","position":2,"name":"Shop","item":"https:\/\/missesjewellery.com\/shop\/"},{"@type":"ListItem","position":3,"name":"Cercei din argint 925 indieni handmade cu pietre Peridot!"}]},{"@type":"WebSite","@id":"https:\/\/missesjewellery.com\/#website","url":"https:\/\/missesjewellery.com\/","name":"Misses Jewellery","description":"Luxury at a price you&#039;ll love","publisher":{"@id":"https:\/\/missesjewellery.com\/#organization"},"potentialAction":[{"@type":"SearchAction","target":{"@type":"EntryPoint","urlTemplate":"https:\/\/missesjewellery.com\/?s={search_term_string}"},"query-input":"required name=search_term_string"}],"inLanguage":"ro-RO"},{"@type":"Organization","@id":"https:\/\/missesjewellery.com\/#organization","name":"Misses Jewellery","url":"https:\/\/missesjewellery.com\/","logo":{"@type":"ImageObject","inLanguage":"ro-RO","@id":"https:\/\/missesjewellery.com\/#\/schema\/logo\/image\/","url":"https:\/\/missesjewellery.com\/wp-content\/uploads\/2022\/11\/missesjewellery-logo.png","contentUrl":"https:\/\/missesjewellery.com\/wp-content\/uploads\/2022\/11\/missesjewellery-logo.png","width":865,"height":584,"caption":"Misses Jewellery"},"image":{"@id":"https:\/\/missesjewellery.com\/#\/schema\/logo\/image\/"}}]}},"_links":{"self":[{"href":"https:\/\/missesjewellery.com\/ro\/wp-json\/wp\/v2\/product\/28857"}],"collection":[{"href":"https:\/\/missesjewellery.com\/ro\/wp-json\/wp\/v2\/product"}],"about":[{"href":"https:\/\/missesjewellery.com\/ro\/wp-json\/wp\/v2\/types\/product"}],"replies":[{"embeddable":true,"href":"https:\/\/missesjewellery.com\/ro\/wp-json\/wp\/v2\/comments?post=28857"}],"wp:featuredmedia":[{"embeddable":true,"href":"https:\/\/missesjewellery.com\/ro\/wp-json\/wp\/v2\/media\/44177"}],"wp:attachment":[{"href":"https:\/\/missesjewellery.com\/ro\/wp-json\/wp\/v2\/media?parent=28857"}],"wp:term":[{"taxonomy":"product_cat","embeddable":true,"href":"https:\/\/missesjewellery.com\/ro\/wp-json\/wp\/v2\/product_cat?post=28857"},{"taxonomy":"product_tag","embeddable":true,"href":"https:\/\/missesjewellery.com\/ro\/wp-json\/wp\/v2\/product_tag?post=28857"}],"curies":[{"name":"wp","href":"https:\/\/api.w.org\/{rel}","templated":true}]}}