{"id":29105,"date":"2019-09-04T08:05:08","date_gmt":"2019-09-04T08:05:08","guid":{"rendered":"https:\/\/missesjewellery.com\/?post_type=product&#038;p=29105"},"modified":"2022-11-29T07:54:57","modified_gmt":"2022-11-29T07:54:57","slug":"258","status":"publish","type":"product","link":"https:\/\/missesjewellery.com\/ro\/product\/258\/","title":{"rendered":"Pandantiv cu motiv un fluture roz"},"content":{"rendered":"<p>Pentru cele dintre voi care nu v-a\u021bi pierdut copil\u0103ria! Pandantiv cu motivul unui fluture roz, decorat cu cristale roz \u00een t\u0103ietur\u0103 pear astfel \u00eenc\u00e2t s\u0103 reflecte lumina \u0219i zirconii albe \u00een t\u0103ietur\u0103 rotund\u0103. \u00censo\u021bit de un lan\u021b special! Fabricat din argint german!<br \/>\nPre\u021b 55ron Cod NKA53<\/p>\n","protected":false},"excerpt":{"rendered":"<p>Pentru cele dintre voi care nu v-a\u021bi pierdut copil\u0103ria! Pandantiv cu motivul unui fluture roz, decorat cu cristale roz \u00een t\u0103ietur\u0103 pear astfel \u00eenc\u00e2t s\u0103 reflecte lumina \u0219i zirconii albe \u00een t\u0103ietur\u0103 rotund\u0103. \u00censo\u021bit de un lan\u021b special! Fabricat din argint german!<br \/>\nPre\u021b 55ron Cod NKA53<\/p>\n","protected":false},"featured_media":32719,"comment_status":"open","ping_status":"closed","template":"","meta":[],"product_cat":[276],"product_tag":[],"etheme_brands":{"errors":{"invalid_taxonomy":["Taxonomia nu este valid\u0103."]},"error_data":[]},"yoast_head":"<!-- This site is optimized with the Yoast SEO plugin v21.7 - https:\/\/yoast.com\/wordpress\/plugins\/seo\/ -->\n<title>Pandantiv cu motiv un fluture roz - Misses Jewellery<\/title>\n<meta name=\"robots\" content=\"index, follow, max-snippet:-1, max-image-preview:large, max-video-preview:-1\" \/>\n<link rel=\"canonical\" href=\"https:\/\/missesjewellery.com\/ro\/produs\/258\/\" \/>\n<meta property=\"og:locale\" content=\"ro_RO\" \/>\n<meta property=\"og:type\" content=\"article\" \/>\n<meta property=\"og:title\" content=\"Pandantiv cu motiv un fluture roz - Misses Jewellery\" \/>\n<meta property=\"og:description\" content=\"Pentru cele dintre voi care nu v-a\u021bi pierdut copil\u0103ria! Pandantiv cu motivul unui fluture roz, decorat cu cristale roz \u00een t\u0103ietur\u0103 pear astfel \u00eenc\u00e2t s\u0103 reflecte lumina \u0219i zirconii albe \u00een t\u0103ietur\u0103 rotund\u0103. \u00censo\u021bit de un lan\u021b special! Fabricat din argint german! Pre\u021b 55ron Cod NKA53\" \/>\n<meta property=\"og:url\" content=\"https:\/\/missesjewellery.com\/ro\/produs\/258\/\" \/>\n<meta property=\"og:site_name\" content=\"Misses Jewellery\" \/>\n<meta property=\"article:modified_time\" content=\"2022-11-29T07:54:57+00:00\" \/>\n<meta property=\"og:image\" content=\"https:\/\/missesjewellery.com\/wp-content\/uploads\/2022\/11\/products-1137911356.jpg\" \/>\n\t<meta property=\"og:image:width\" content=\"470\" \/>\n\t<meta property=\"og:image:height\" content=\"500\" \/>\n\t<meta property=\"og:image:type\" content=\"image\/jpeg\" \/>\n<meta name=\"twitter:card\" content=\"summary_large_image\" \/>\n<script type=\"application\/ld+json\" class=\"yoast-schema-graph\">{\"@context\":\"https:\/\/schema.org\",\"@graph\":[{\"@type\":\"WebPage\",\"@id\":\"https:\/\/missesjewellery.com\/ro\/produs\/258\/\",\"url\":\"https:\/\/missesjewellery.com\/ro\/produs\/258\/\",\"name\":\"Pandantiv cu motiv un fluture roz - Misses Jewellery\",\"isPartOf\":{\"@id\":\"https:\/\/missesjewellery.com\/#website\"},\"datePublished\":\"2019-09-04T08:05:08+00:00\",\"dateModified\":\"2022-11-29T07:54:57+00:00\",\"breadcrumb\":{\"@id\":\"https:\/\/missesjewellery.com\/ro\/produs\/258\/#breadcrumb\"},\"inLanguage\":\"ro-RO\",\"potentialAction\":[{\"@type\":\"ReadAction\",\"target\":[\"https:\/\/missesjewellery.com\/ro\/produs\/258\/\"]}]},{\"@type\":\"BreadcrumbList\",\"@id\":\"https:\/\/missesjewellery.com\/ro\/produs\/258\/#breadcrumb\",\"itemListElement\":[{\"@type\":\"ListItem\",\"position\":1,\"name\":\"\u0391\u03c1\u03c7\u03b9\u03ba\u03ae\",\"item\":\"https:\/\/missesjewellery.com\/\"},{\"@type\":\"ListItem\",\"position\":2,\"name\":\"Shop\",\"item\":\"https:\/\/missesjewellery.com\/shop\/\"},{\"@type\":\"ListItem\",\"position\":3,\"name\":\"Pandantiv cu motiv un fluture roz\"}]},{\"@type\":\"WebSite\",\"@id\":\"https:\/\/missesjewellery.com\/#website\",\"url\":\"https:\/\/missesjewellery.com\/\",\"name\":\"Misses Jewellery\",\"description\":\"Luxury at a price you&#039;ll love\",\"publisher\":{\"@id\":\"https:\/\/missesjewellery.com\/#organization\"},\"potentialAction\":[{\"@type\":\"SearchAction\",\"target\":{\"@type\":\"EntryPoint\",\"urlTemplate\":\"https:\/\/missesjewellery.com\/?s={search_term_string}\"},\"query-input\":\"required name=search_term_string\"}],\"inLanguage\":\"ro-RO\"},{\"@type\":\"Organization\",\"@id\":\"https:\/\/missesjewellery.com\/#organization\",\"name\":\"Misses Jewellery\",\"url\":\"https:\/\/missesjewellery.com\/\",\"logo\":{\"@type\":\"ImageObject\",\"inLanguage\":\"ro-RO\",\"@id\":\"https:\/\/missesjewellery.com\/#\/schema\/logo\/image\/\",\"url\":\"https:\/\/missesjewellery.com\/wp-content\/uploads\/2022\/11\/missesjewellery-logo.png\",\"contentUrl\":\"https:\/\/missesjewellery.com\/wp-content\/uploads\/2022\/11\/missesjewellery-logo.png\",\"width\":865,\"height\":584,\"caption\":\"Misses Jewellery\"},\"image\":{\"@id\":\"https:\/\/missesjewellery.com\/#\/schema\/logo\/image\/\"}}]}<\/script>\n<!-- \/ Yoast SEO plugin. -->","yoast_head_json":{"title":"Pandantiv cu motiv un fluture roz - Misses Jewellery","robots":{"index":"index","follow":"follow","max-snippet":"max-snippet:-1","max-image-preview":"max-image-preview:large","max-video-preview":"max-video-preview:-1"},"canonical":"https:\/\/missesjewellery.com\/ro\/produs\/258\/","og_locale":"ro_RO","og_type":"article","og_title":"Pandantiv cu motiv un fluture roz - Misses Jewellery","og_description":"Pentru cele dintre voi care nu v-a\u021bi pierdut copil\u0103ria! Pandantiv cu motivul unui fluture roz, decorat cu cristale roz \u00een t\u0103ietur\u0103 pear astfel \u00eenc\u00e2t s\u0103 reflecte lumina \u0219i zirconii albe \u00een t\u0103ietur\u0103 rotund\u0103. \u00censo\u021bit de un lan\u021b special! Fabricat din argint german! Pre\u021b 55ron Cod NKA53","og_url":"https:\/\/missesjewellery.com\/ro\/produs\/258\/","og_site_name":"Misses Jewellery","article_modified_time":"2022-11-29T07:54:57+00:00","og_image":[{"width":470,"height":500,"url":"https:\/\/missesjewellery.com\/wp-content\/uploads\/2022\/11\/products-1137911356.jpg","type":"image\/jpeg"}],"twitter_card":"summary_large_image","schema":{"@context":"https:\/\/schema.org","@graph":[{"@type":"WebPage","@id":"https:\/\/missesjewellery.com\/ro\/produs\/258\/","url":"https:\/\/missesjewellery.com\/ro\/produs\/258\/","name":"Pandantiv cu motiv un fluture roz - Misses Jewellery","isPartOf":{"@id":"https:\/\/missesjewellery.com\/#website"},"datePublished":"2019-09-04T08:05:08+00:00","dateModified":"2022-11-29T07:54:57+00:00","breadcrumb":{"@id":"https:\/\/missesjewellery.com\/ro\/produs\/258\/#breadcrumb"},"inLanguage":"ro-RO","potentialAction":[{"@type":"ReadAction","target":["https:\/\/missesjewellery.com\/ro\/produs\/258\/"]}]},{"@type":"BreadcrumbList","@id":"https:\/\/missesjewellery.com\/ro\/produs\/258\/#breadcrumb","itemListElement":[{"@type":"ListItem","position":1,"name":"\u0391\u03c1\u03c7\u03b9\u03ba\u03ae","item":"https:\/\/missesjewellery.com\/"},{"@type":"ListItem","position":2,"name":"Shop","item":"https:\/\/missesjewellery.com\/shop\/"},{"@type":"ListItem","position":3,"name":"Pandantiv cu motiv un fluture roz"}]},{"@type":"WebSite","@id":"https:\/\/missesjewellery.com\/#website","url":"https:\/\/missesjewellery.com\/","name":"Misses Jewellery","description":"Luxury at a price you&#039;ll love","publisher":{"@id":"https:\/\/missesjewellery.com\/#organization"},"potentialAction":[{"@type":"SearchAction","target":{"@type":"EntryPoint","urlTemplate":"https:\/\/missesjewellery.com\/?s={search_term_string}"},"query-input":"required name=search_term_string"}],"inLanguage":"ro-RO"},{"@type":"Organization","@id":"https:\/\/missesjewellery.com\/#organization","name":"Misses Jewellery","url":"https:\/\/missesjewellery.com\/","logo":{"@type":"ImageObject","inLanguage":"ro-RO","@id":"https:\/\/missesjewellery.com\/#\/schema\/logo\/image\/","url":"https:\/\/missesjewellery.com\/wp-content\/uploads\/2022\/11\/missesjewellery-logo.png","contentUrl":"https:\/\/missesjewellery.com\/wp-content\/uploads\/2022\/11\/missesjewellery-logo.png","width":865,"height":584,"caption":"Misses Jewellery"},"image":{"@id":"https:\/\/missesjewellery.com\/#\/schema\/logo\/image\/"}}]}},"_links":{"self":[{"href":"https:\/\/missesjewellery.com\/ro\/wp-json\/wp\/v2\/product\/29105"}],"collection":[{"href":"https:\/\/missesjewellery.com\/ro\/wp-json\/wp\/v2\/product"}],"about":[{"href":"https:\/\/missesjewellery.com\/ro\/wp-json\/wp\/v2\/types\/product"}],"replies":[{"embeddable":true,"href":"https:\/\/missesjewellery.com\/ro\/wp-json\/wp\/v2\/comments?post=29105"}],"wp:featuredmedia":[{"embeddable":true,"href":"https:\/\/missesjewellery.com\/ro\/wp-json\/wp\/v2\/media\/32719"}],"wp:attachment":[{"href":"https:\/\/missesjewellery.com\/ro\/wp-json\/wp\/v2\/media?parent=29105"}],"wp:term":[{"taxonomy":"product_cat","embeddable":true,"href":"https:\/\/missesjewellery.com\/ro\/wp-json\/wp\/v2\/product_cat?post=29105"},{"taxonomy":"product_tag","embeddable":true,"href":"https:\/\/missesjewellery.com\/ro\/wp-json\/wp\/v2\/product_tag?post=29105"}],"curies":[{"name":"wp","href":"https:\/\/api.w.org\/{rel}","templated":true}]}}