{"id":30489,"date":"2021-03-18T12:24:15","date_gmt":"2021-03-18T12:24:15","guid":{"rendered":"https:\/\/missesjewellery.com\/?post_type=product&#038;p=30489"},"modified":"2022-11-29T07:57:08","modified_gmt":"2022-11-29T07:57:08","slug":"wonderful-set-of-pendants-and-earrings-decorated-with-a-large-white-pearl-south-sea-shell-10mm","status":"publish","type":"product","link":"https:\/\/missesjewellery.com\/ro\/product\/wonderful-set-of-pendants-and-earrings-decorated-with-a-large-white-pearl-south-sea-shell-10mm\/","title":{"rendered":"Set minunat alc\u0103tuit din pandantiv \u0219i cercei decorate cu perle albe south sea shell de 10 mm."},"content":{"rendered":"<p>Set minunat alc\u0103tuit din pandantiv \u0219i cercei decorate cu o <strong>perl\u0103 alb\u0103<\/strong> south sea shell rotund\u0103 de 10 mm, realizat din <strong>argint 925<\/strong>. \u00censo\u021bit de un lan\u021b de argint de 45-50 cm.<\/p>\n<p><strong>Pre\u021b:<\/strong> 165ron<\/p>\n<p><strong>Cod:<\/strong> \u039a\u039f4S<\/p>\n","protected":false},"excerpt":{"rendered":"<p>Set minunat alc\u0103tuit din pandantiv \u0219i cercei decorate cu o <strong>perl\u0103 alb\u0103<\/strong> south sea shell rotund\u0103 de 10 mm, realizat din <strong>argint 925<\/strong>. \u00censo\u021bit de un lan\u021b de argint de 45-50 cm.<\/p>\n<p><strong>Pre\u021b:<\/strong> 165ron<\/p>\n<p><strong>Cod:<\/strong> \u039a\u039f4S<\/p>\n","protected":false},"featured_media":44323,"comment_status":"closed","ping_status":"closed","template":"","meta":[],"product_cat":[271,276,272,274],"product_tag":[],"etheme_brands":{"errors":{"invalid_taxonomy":["Taxonomia nu este valid\u0103."]},"error_data":[]},"yoast_head":"<!-- This site is optimized with the Yoast SEO plugin v21.7 - https:\/\/yoast.com\/wordpress\/plugins\/seo\/ -->\n<title>Set minunat alc\u0103tuit din pandantiv \u0219i cercei decorate cu perle albe south sea shell de 10 mm. - Misses Jewellery<\/title>\n<meta name=\"description\" content=\"Set minunat alc\u0103tuit din pandantiv \u0219i cercei decorate cu o perl\u0103 alb\u0103 south sea shell rotund\u0103 de 10 mm, realizat din argint 925. \u00censo\u021bit de un lan\u021b de argint de 45-50 cm.\" \/>\n<meta name=\"robots\" content=\"index, follow, max-snippet:-1, max-image-preview:large, max-video-preview:-1\" \/>\n<link rel=\"canonical\" href=\"https:\/\/missesjewellery.com\/ro\/produs\/wonderful-set-of-pendants-and-earrings-decorated-with-a-large-white-pearl-south-sea-shell-10mm\/\" \/>\n<meta property=\"og:locale\" content=\"ro_RO\" \/>\n<meta property=\"og:type\" content=\"article\" \/>\n<meta property=\"og:title\" content=\"Set minunat alc\u0103tuit din pandantiv \u0219i cercei decorate cu perle albe south sea shell de 10 mm. - Misses Jewellery\" \/>\n<meta property=\"og:description\" content=\"Set minunat alc\u0103tuit din pandantiv \u0219i cercei decorate cu o perl\u0103 alb\u0103 south sea shell rotund\u0103 de 10 mm, realizat din argint 925. \u00censo\u021bit de un lan\u021b de argint de 45-50 cm.\" \/>\n<meta property=\"og:url\" content=\"https:\/\/missesjewellery.com\/ro\/produs\/wonderful-set-of-pendants-and-earrings-decorated-with-a-large-white-pearl-south-sea-shell-10mm\/\" \/>\n<meta property=\"og:site_name\" content=\"Misses Jewellery\" \/>\n<meta property=\"article:modified_time\" content=\"2022-11-29T07:57:08+00:00\" \/>\n<meta property=\"og:image\" content=\"https:\/\/missesjewellery.com\/wp-content\/uploads\/2022\/11\/161299111_963477330724228_8874003630074700602_n.jpg\" \/>\n\t<meta property=\"og:image:width\" content=\"500\" \/>\n\t<meta property=\"og:image:height\" content=\"500\" \/>\n\t<meta property=\"og:image:type\" content=\"image\/jpeg\" \/>\n<meta name=\"twitter:card\" content=\"summary_large_image\" \/>\n<script type=\"application\/ld+json\" class=\"yoast-schema-graph\">{\"@context\":\"https:\/\/schema.org\",\"@graph\":[{\"@type\":\"WebPage\",\"@id\":\"https:\/\/missesjewellery.com\/ro\/produs\/wonderful-set-of-pendants-and-earrings-decorated-with-a-large-white-pearl-south-sea-shell-10mm\/\",\"url\":\"https:\/\/missesjewellery.com\/ro\/produs\/wonderful-set-of-pendants-and-earrings-decorated-with-a-large-white-pearl-south-sea-shell-10mm\/\",\"name\":\"Set minunat alc\u0103tuit din pandantiv \u0219i cercei decorate cu perle albe south sea shell de 10 mm. - Misses Jewellery\",\"isPartOf\":{\"@id\":\"https:\/\/missesjewellery.com\/#website\"},\"datePublished\":\"2021-03-18T12:24:15+00:00\",\"dateModified\":\"2022-11-29T07:57:08+00:00\",\"description\":\"Set minunat alc\u0103tuit din pandantiv \u0219i cercei decorate cu o perl\u0103 alb\u0103 south sea shell rotund\u0103 de 10 mm, realizat din argint 925. \u00censo\u021bit de un lan\u021b de argint de 45-50 cm.\",\"breadcrumb\":{\"@id\":\"https:\/\/missesjewellery.com\/ro\/produs\/wonderful-set-of-pendants-and-earrings-decorated-with-a-large-white-pearl-south-sea-shell-10mm\/#breadcrumb\"},\"inLanguage\":\"ro-RO\",\"potentialAction\":[{\"@type\":\"ReadAction\",\"target\":[\"https:\/\/missesjewellery.com\/ro\/produs\/wonderful-set-of-pendants-and-earrings-decorated-with-a-large-white-pearl-south-sea-shell-10mm\/\"]}]},{\"@type\":\"BreadcrumbList\",\"@id\":\"https:\/\/missesjewellery.com\/ro\/produs\/wonderful-set-of-pendants-and-earrings-decorated-with-a-large-white-pearl-south-sea-shell-10mm\/#breadcrumb\",\"itemListElement\":[{\"@type\":\"ListItem\",\"position\":1,\"name\":\"\u0391\u03c1\u03c7\u03b9\u03ba\u03ae\",\"item\":\"https:\/\/missesjewellery.com\/\"},{\"@type\":\"ListItem\",\"position\":2,\"name\":\"Shop\",\"item\":\"https:\/\/missesjewellery.com\/shop\/\"},{\"@type\":\"ListItem\",\"position\":3,\"name\":\"Set minunat alc\u0103tuit din pandantiv \u0219i cercei decorate cu perle albe south sea shell de 10 mm.\"}]},{\"@type\":\"WebSite\",\"@id\":\"https:\/\/missesjewellery.com\/#website\",\"url\":\"https:\/\/missesjewellery.com\/\",\"name\":\"Misses Jewellery\",\"description\":\"Luxury at a price you&#039;ll love\",\"publisher\":{\"@id\":\"https:\/\/missesjewellery.com\/#organization\"},\"potentialAction\":[{\"@type\":\"SearchAction\",\"target\":{\"@type\":\"EntryPoint\",\"urlTemplate\":\"https:\/\/missesjewellery.com\/?s={search_term_string}\"},\"query-input\":\"required name=search_term_string\"}],\"inLanguage\":\"ro-RO\"},{\"@type\":\"Organization\",\"@id\":\"https:\/\/missesjewellery.com\/#organization\",\"name\":\"Misses Jewellery\",\"url\":\"https:\/\/missesjewellery.com\/\",\"logo\":{\"@type\":\"ImageObject\",\"inLanguage\":\"ro-RO\",\"@id\":\"https:\/\/missesjewellery.com\/#\/schema\/logo\/image\/\",\"url\":\"https:\/\/missesjewellery.com\/wp-content\/uploads\/2022\/11\/missesjewellery-logo.png\",\"contentUrl\":\"https:\/\/missesjewellery.com\/wp-content\/uploads\/2022\/11\/missesjewellery-logo.png\",\"width\":865,\"height\":584,\"caption\":\"Misses Jewellery\"},\"image\":{\"@id\":\"https:\/\/missesjewellery.com\/#\/schema\/logo\/image\/\"}}]}<\/script>\n<!-- \/ Yoast SEO plugin. -->","yoast_head_json":{"title":"Set minunat alc\u0103tuit din pandantiv \u0219i cercei decorate cu perle albe south sea shell de 10 mm. - Misses Jewellery","description":"Set minunat alc\u0103tuit din pandantiv \u0219i cercei decorate cu o perl\u0103 alb\u0103 south sea shell rotund\u0103 de 10 mm, realizat din argint 925. \u00censo\u021bit de un lan\u021b de argint de 45-50 cm.","robots":{"index":"index","follow":"follow","max-snippet":"max-snippet:-1","max-image-preview":"max-image-preview:large","max-video-preview":"max-video-preview:-1"},"canonical":"https:\/\/missesjewellery.com\/ro\/produs\/wonderful-set-of-pendants-and-earrings-decorated-with-a-large-white-pearl-south-sea-shell-10mm\/","og_locale":"ro_RO","og_type":"article","og_title":"Set minunat alc\u0103tuit din pandantiv \u0219i cercei decorate cu perle albe south sea shell de 10 mm. - Misses Jewellery","og_description":"Set minunat alc\u0103tuit din pandantiv \u0219i cercei decorate cu o perl\u0103 alb\u0103 south sea shell rotund\u0103 de 10 mm, realizat din argint 925. \u00censo\u021bit de un lan\u021b de argint de 45-50 cm.","og_url":"https:\/\/missesjewellery.com\/ro\/produs\/wonderful-set-of-pendants-and-earrings-decorated-with-a-large-white-pearl-south-sea-shell-10mm\/","og_site_name":"Misses Jewellery","article_modified_time":"2022-11-29T07:57:08+00:00","og_image":[{"width":500,"height":500,"url":"https:\/\/missesjewellery.com\/wp-content\/uploads\/2022\/11\/161299111_963477330724228_8874003630074700602_n.jpg","type":"image\/jpeg"}],"twitter_card":"summary_large_image","schema":{"@context":"https:\/\/schema.org","@graph":[{"@type":"WebPage","@id":"https:\/\/missesjewellery.com\/ro\/produs\/wonderful-set-of-pendants-and-earrings-decorated-with-a-large-white-pearl-south-sea-shell-10mm\/","url":"https:\/\/missesjewellery.com\/ro\/produs\/wonderful-set-of-pendants-and-earrings-decorated-with-a-large-white-pearl-south-sea-shell-10mm\/","name":"Set minunat alc\u0103tuit din pandantiv \u0219i cercei decorate cu perle albe south sea shell de 10 mm. - Misses Jewellery","isPartOf":{"@id":"https:\/\/missesjewellery.com\/#website"},"datePublished":"2021-03-18T12:24:15+00:00","dateModified":"2022-11-29T07:57:08+00:00","description":"Set minunat alc\u0103tuit din pandantiv \u0219i cercei decorate cu o perl\u0103 alb\u0103 south sea shell rotund\u0103 de 10 mm, realizat din argint 925. \u00censo\u021bit de un lan\u021b de argint de 45-50 cm.","breadcrumb":{"@id":"https:\/\/missesjewellery.com\/ro\/produs\/wonderful-set-of-pendants-and-earrings-decorated-with-a-large-white-pearl-south-sea-shell-10mm\/#breadcrumb"},"inLanguage":"ro-RO","potentialAction":[{"@type":"ReadAction","target":["https:\/\/missesjewellery.com\/ro\/produs\/wonderful-set-of-pendants-and-earrings-decorated-with-a-large-white-pearl-south-sea-shell-10mm\/"]}]},{"@type":"BreadcrumbList","@id":"https:\/\/missesjewellery.com\/ro\/produs\/wonderful-set-of-pendants-and-earrings-decorated-with-a-large-white-pearl-south-sea-shell-10mm\/#breadcrumb","itemListElement":[{"@type":"ListItem","position":1,"name":"\u0391\u03c1\u03c7\u03b9\u03ba\u03ae","item":"https:\/\/missesjewellery.com\/"},{"@type":"ListItem","position":2,"name":"Shop","item":"https:\/\/missesjewellery.com\/shop\/"},{"@type":"ListItem","position":3,"name":"Set minunat alc\u0103tuit din pandantiv \u0219i cercei decorate cu perle albe south sea shell de 10 mm."}]},{"@type":"WebSite","@id":"https:\/\/missesjewellery.com\/#website","url":"https:\/\/missesjewellery.com\/","name":"Misses Jewellery","description":"Luxury at a price you&#039;ll love","publisher":{"@id":"https:\/\/missesjewellery.com\/#organization"},"potentialAction":[{"@type":"SearchAction","target":{"@type":"EntryPoint","urlTemplate":"https:\/\/missesjewellery.com\/?s={search_term_string}"},"query-input":"required name=search_term_string"}],"inLanguage":"ro-RO"},{"@type":"Organization","@id":"https:\/\/missesjewellery.com\/#organization","name":"Misses Jewellery","url":"https:\/\/missesjewellery.com\/","logo":{"@type":"ImageObject","inLanguage":"ro-RO","@id":"https:\/\/missesjewellery.com\/#\/schema\/logo\/image\/","url":"https:\/\/missesjewellery.com\/wp-content\/uploads\/2022\/11\/missesjewellery-logo.png","contentUrl":"https:\/\/missesjewellery.com\/wp-content\/uploads\/2022\/11\/missesjewellery-logo.png","width":865,"height":584,"caption":"Misses Jewellery"},"image":{"@id":"https:\/\/missesjewellery.com\/#\/schema\/logo\/image\/"}}]}},"_links":{"self":[{"href":"https:\/\/missesjewellery.com\/ro\/wp-json\/wp\/v2\/product\/30489"}],"collection":[{"href":"https:\/\/missesjewellery.com\/ro\/wp-json\/wp\/v2\/product"}],"about":[{"href":"https:\/\/missesjewellery.com\/ro\/wp-json\/wp\/v2\/types\/product"}],"replies":[{"embeddable":true,"href":"https:\/\/missesjewellery.com\/ro\/wp-json\/wp\/v2\/comments?post=30489"}],"wp:featuredmedia":[{"embeddable":true,"href":"https:\/\/missesjewellery.com\/ro\/wp-json\/wp\/v2\/media\/44323"}],"wp:attachment":[{"href":"https:\/\/missesjewellery.com\/ro\/wp-json\/wp\/v2\/media?parent=30489"}],"wp:term":[{"taxonomy":"product_cat","embeddable":true,"href":"https:\/\/missesjewellery.com\/ro\/wp-json\/wp\/v2\/product_cat?post=30489"},{"taxonomy":"product_tag","embeddable":true,"href":"https:\/\/missesjewellery.com\/ro\/wp-json\/wp\/v2\/product_tag?post=30489"}],"curies":[{"name":"wp","href":"https:\/\/api.w.org\/{rel}","templated":true}]}}