{"id":30495,"date":"2021-03-18T15:45:44","date_gmt":"2021-03-18T15:45:44","guid":{"rendered":"https:\/\/missesjewellery.com\/?post_type=product&#038;p=30495"},"modified":"2022-11-29T07:57:13","modified_gmt":"2022-11-29T07:57:13","slug":"pandora-luxury-womens-watch","status":"publish","type":"product","link":"https:\/\/missesjewellery.com\/ro\/product\/pandora-luxury-womens-watch\/","title":{"rendered":"Ceas pentru femei de lux PANDORA."},"content":{"rendered":"<p>Ceas pentru femei de lux <strong>PANDORA<\/strong>, analogic, foarte modern, \u00a0br\u0103\u021bara \u0219i cadranul de culoarea silver, fabricat din o\u021bel inoxidabil pentru o rezisten\u021b\u0103\u00a0 \u0219i calitate ridicat\u0103 pentru utilizarea zilnic\u0103,cu sticl\u0103 mineral\u0103 armat\u0103 pe cadran! Fabricat \u00een \u00eentregime din <strong>o\u021bel inoxidabil.<\/strong><\/p>\n<p><strong>Pre\u021b<\/strong> 245ron.<\/p>\n<p><strong>Cod<\/strong> NR250<\/p>\n<p>Piesa expozi\u021bional\u0103 a vitrinei din sezonul trecut, f\u0103r\u0103 ambalajul original.<br \/>\nExpediat \u00een ambalaje de lux cu sigilul din fabric\u0103.<br \/>\nImpermeabil p\u00e2n\u0103 la 3 Atm (sp\u0103lat m\u00e2ini).<br \/>\nDiametrul cadranului la 4,2 cm.<\/p>\n","protected":false},"excerpt":{"rendered":"<p>Ceas pentru femei de lux <strong>PANDORA<\/strong>, analogic, foarte modern, \u00a0br\u0103\u021bara \u0219i cadranul de culoarea silver, fabricat din o\u021bel inoxidabil pentru o rezisten\u021b\u0103\u00a0 \u0219i calitate ridicat\u0103 pentru utilizarea zilnic\u0103,cu sticl\u0103 mineral\u0103 armat\u0103 pe cadran! Fabricat \u00een \u00eentregime din <strong>o\u021bel inoxidabil.<\/strong><\/p>\n<p><strong>Pre\u021b<\/strong> 245ron.<\/p>\n<p><strong>Cod<\/strong> NR250<\/p>\n<p>Piesa expozi\u021bional\u0103 a vitrinei din sezonul trecut, f\u0103r\u0103 ambalajul original.<br \/>\nExpediat \u00een ambalaje de lux cu sigilul din fabric\u0103.<br \/>\nImpermeabil p\u00e2n\u0103 la 3 Atm (sp\u0103lat m\u00e2ini).<br \/>\nDiametrul cadranului la 4,2 cm.<\/p>\n","protected":false},"featured_media":44333,"comment_status":"closed","ping_status":"closed","template":"","meta":[],"product_cat":[280],"product_tag":[],"etheme_brands":{"errors":{"invalid_taxonomy":["Taxonomia nu este valid\u0103."]},"error_data":[]},"yoast_head":"<!-- This site is optimized with the Yoast SEO plugin v21.7 - https:\/\/yoast.com\/wordpress\/plugins\/seo\/ -->\n<title>Ceas pentru femei de lux PANDORA. - Misses Jewellery<\/title>\n<meta name=\"description\" content=\"Ceas pentru femei de lux PANDORA, analogic, foarte modern, \u00a0br\u0103\u021bara \u0219i cadranul de culoarea silver, fabricat din o\u021bel inoxidabil pentru o rezisten\u021b\u0103\u00a0 \u0219i calitate ridicat\u0103 pentru utilizarea zilnic\u0103,cu sticl\u0103 mineral\u0103 armat\u0103 pe cadran! Fabricat \u00een \u00eentregime din o\u021bel inoxidabil.\" \/>\n<meta name=\"robots\" content=\"index, follow, max-snippet:-1, max-image-preview:large, max-video-preview:-1\" \/>\n<link rel=\"canonical\" href=\"https:\/\/missesjewellery.com\/ro\/produs\/pandora-luxury-womens-watch\/\" \/>\n<meta property=\"og:locale\" content=\"ro_RO\" \/>\n<meta property=\"og:type\" content=\"article\" \/>\n<meta property=\"og:title\" content=\"Ceas pentru femei de lux PANDORA. - Misses Jewellery\" \/>\n<meta property=\"og:description\" content=\"Ceas pentru femei de lux PANDORA, analogic, foarte modern, \u00a0br\u0103\u021bara \u0219i cadranul de culoarea silver, fabricat din o\u021bel inoxidabil pentru o rezisten\u021b\u0103\u00a0 \u0219i calitate ridicat\u0103 pentru utilizarea zilnic\u0103,cu sticl\u0103 mineral\u0103 armat\u0103 pe cadran! Fabricat \u00een \u00eentregime din o\u021bel inoxidabil.\" \/>\n<meta property=\"og:url\" content=\"https:\/\/missesjewellery.com\/ro\/produs\/pandora-luxury-womens-watch\/\" \/>\n<meta property=\"og:site_name\" content=\"Misses Jewellery\" \/>\n<meta property=\"article:modified_time\" content=\"2022-11-29T07:57:13+00:00\" \/>\n<meta property=\"og:image\" content=\"https:\/\/missesjewellery.com\/wp-content\/uploads\/2022\/11\/pandora1.jpg\" \/>\n\t<meta property=\"og:image:width\" content=\"749\" \/>\n\t<meta property=\"og:image:height\" content=\"663\" \/>\n\t<meta property=\"og:image:type\" content=\"image\/jpeg\" \/>\n<meta name=\"twitter:card\" content=\"summary_large_image\" \/>\n<script type=\"application\/ld+json\" class=\"yoast-schema-graph\">{\"@context\":\"https:\/\/schema.org\",\"@graph\":[{\"@type\":\"WebPage\",\"@id\":\"https:\/\/missesjewellery.com\/ro\/produs\/pandora-luxury-womens-watch\/\",\"url\":\"https:\/\/missesjewellery.com\/ro\/produs\/pandora-luxury-womens-watch\/\",\"name\":\"Ceas pentru femei de lux PANDORA. - Misses Jewellery\",\"isPartOf\":{\"@id\":\"https:\/\/missesjewellery.com\/#website\"},\"datePublished\":\"2021-03-18T15:45:44+00:00\",\"dateModified\":\"2022-11-29T07:57:13+00:00\",\"description\":\"Ceas pentru femei de lux PANDORA, analogic, foarte modern, \u00a0br\u0103\u021bara \u0219i cadranul de culoarea silver, fabricat din o\u021bel inoxidabil pentru o rezisten\u021b\u0103\u00a0 \u0219i calitate ridicat\u0103 pentru utilizarea zilnic\u0103,cu sticl\u0103 mineral\u0103 armat\u0103 pe cadran! Fabricat \u00een \u00eentregime din o\u021bel inoxidabil.\",\"breadcrumb\":{\"@id\":\"https:\/\/missesjewellery.com\/ro\/produs\/pandora-luxury-womens-watch\/#breadcrumb\"},\"inLanguage\":\"ro-RO\",\"potentialAction\":[{\"@type\":\"ReadAction\",\"target\":[\"https:\/\/missesjewellery.com\/ro\/produs\/pandora-luxury-womens-watch\/\"]}]},{\"@type\":\"BreadcrumbList\",\"@id\":\"https:\/\/missesjewellery.com\/ro\/produs\/pandora-luxury-womens-watch\/#breadcrumb\",\"itemListElement\":[{\"@type\":\"ListItem\",\"position\":1,\"name\":\"\u0391\u03c1\u03c7\u03b9\u03ba\u03ae\",\"item\":\"https:\/\/missesjewellery.com\/\"},{\"@type\":\"ListItem\",\"position\":2,\"name\":\"Shop\",\"item\":\"https:\/\/missesjewellery.com\/shop\/\"},{\"@type\":\"ListItem\",\"position\":3,\"name\":\"Ceas pentru femei de lux PANDORA.\"}]},{\"@type\":\"WebSite\",\"@id\":\"https:\/\/missesjewellery.com\/#website\",\"url\":\"https:\/\/missesjewellery.com\/\",\"name\":\"Misses Jewellery\",\"description\":\"Luxury at a price you&#039;ll love\",\"publisher\":{\"@id\":\"https:\/\/missesjewellery.com\/#organization\"},\"potentialAction\":[{\"@type\":\"SearchAction\",\"target\":{\"@type\":\"EntryPoint\",\"urlTemplate\":\"https:\/\/missesjewellery.com\/?s={search_term_string}\"},\"query-input\":\"required name=search_term_string\"}],\"inLanguage\":\"ro-RO\"},{\"@type\":\"Organization\",\"@id\":\"https:\/\/missesjewellery.com\/#organization\",\"name\":\"Misses Jewellery\",\"url\":\"https:\/\/missesjewellery.com\/\",\"logo\":{\"@type\":\"ImageObject\",\"inLanguage\":\"ro-RO\",\"@id\":\"https:\/\/missesjewellery.com\/#\/schema\/logo\/image\/\",\"url\":\"https:\/\/missesjewellery.com\/wp-content\/uploads\/2022\/11\/missesjewellery-logo.png\",\"contentUrl\":\"https:\/\/missesjewellery.com\/wp-content\/uploads\/2022\/11\/missesjewellery-logo.png\",\"width\":865,\"height\":584,\"caption\":\"Misses Jewellery\"},\"image\":{\"@id\":\"https:\/\/missesjewellery.com\/#\/schema\/logo\/image\/\"}}]}<\/script>\n<!-- \/ Yoast SEO plugin. -->","yoast_head_json":{"title":"Ceas pentru femei de lux PANDORA. - Misses Jewellery","description":"Ceas pentru femei de lux PANDORA, analogic, foarte modern, \u00a0br\u0103\u021bara \u0219i cadranul de culoarea silver, fabricat din o\u021bel inoxidabil pentru o rezisten\u021b\u0103\u00a0 \u0219i calitate ridicat\u0103 pentru utilizarea zilnic\u0103,cu sticl\u0103 mineral\u0103 armat\u0103 pe cadran! Fabricat \u00een \u00eentregime din o\u021bel inoxidabil.","robots":{"index":"index","follow":"follow","max-snippet":"max-snippet:-1","max-image-preview":"max-image-preview:large","max-video-preview":"max-video-preview:-1"},"canonical":"https:\/\/missesjewellery.com\/ro\/produs\/pandora-luxury-womens-watch\/","og_locale":"ro_RO","og_type":"article","og_title":"Ceas pentru femei de lux PANDORA. - Misses Jewellery","og_description":"Ceas pentru femei de lux PANDORA, analogic, foarte modern, \u00a0br\u0103\u021bara \u0219i cadranul de culoarea silver, fabricat din o\u021bel inoxidabil pentru o rezisten\u021b\u0103\u00a0 \u0219i calitate ridicat\u0103 pentru utilizarea zilnic\u0103,cu sticl\u0103 mineral\u0103 armat\u0103 pe cadran! Fabricat \u00een \u00eentregime din o\u021bel inoxidabil.","og_url":"https:\/\/missesjewellery.com\/ro\/produs\/pandora-luxury-womens-watch\/","og_site_name":"Misses Jewellery","article_modified_time":"2022-11-29T07:57:13+00:00","og_image":[{"width":749,"height":663,"url":"https:\/\/missesjewellery.com\/wp-content\/uploads\/2022\/11\/pandora1.jpg","type":"image\/jpeg"}],"twitter_card":"summary_large_image","schema":{"@context":"https:\/\/schema.org","@graph":[{"@type":"WebPage","@id":"https:\/\/missesjewellery.com\/ro\/produs\/pandora-luxury-womens-watch\/","url":"https:\/\/missesjewellery.com\/ro\/produs\/pandora-luxury-womens-watch\/","name":"Ceas pentru femei de lux PANDORA. - Misses Jewellery","isPartOf":{"@id":"https:\/\/missesjewellery.com\/#website"},"datePublished":"2021-03-18T15:45:44+00:00","dateModified":"2022-11-29T07:57:13+00:00","description":"Ceas pentru femei de lux PANDORA, analogic, foarte modern, \u00a0br\u0103\u021bara \u0219i cadranul de culoarea silver, fabricat din o\u021bel inoxidabil pentru o rezisten\u021b\u0103\u00a0 \u0219i calitate ridicat\u0103 pentru utilizarea zilnic\u0103,cu sticl\u0103 mineral\u0103 armat\u0103 pe cadran! Fabricat \u00een \u00eentregime din o\u021bel inoxidabil.","breadcrumb":{"@id":"https:\/\/missesjewellery.com\/ro\/produs\/pandora-luxury-womens-watch\/#breadcrumb"},"inLanguage":"ro-RO","potentialAction":[{"@type":"ReadAction","target":["https:\/\/missesjewellery.com\/ro\/produs\/pandora-luxury-womens-watch\/"]}]},{"@type":"BreadcrumbList","@id":"https:\/\/missesjewellery.com\/ro\/produs\/pandora-luxury-womens-watch\/#breadcrumb","itemListElement":[{"@type":"ListItem","position":1,"name":"\u0391\u03c1\u03c7\u03b9\u03ba\u03ae","item":"https:\/\/missesjewellery.com\/"},{"@type":"ListItem","position":2,"name":"Shop","item":"https:\/\/missesjewellery.com\/shop\/"},{"@type":"ListItem","position":3,"name":"Ceas pentru femei de lux PANDORA."}]},{"@type":"WebSite","@id":"https:\/\/missesjewellery.com\/#website","url":"https:\/\/missesjewellery.com\/","name":"Misses Jewellery","description":"Luxury at a price you&#039;ll love","publisher":{"@id":"https:\/\/missesjewellery.com\/#organization"},"potentialAction":[{"@type":"SearchAction","target":{"@type":"EntryPoint","urlTemplate":"https:\/\/missesjewellery.com\/?s={search_term_string}"},"query-input":"required name=search_term_string"}],"inLanguage":"ro-RO"},{"@type":"Organization","@id":"https:\/\/missesjewellery.com\/#organization","name":"Misses Jewellery","url":"https:\/\/missesjewellery.com\/","logo":{"@type":"ImageObject","inLanguage":"ro-RO","@id":"https:\/\/missesjewellery.com\/#\/schema\/logo\/image\/","url":"https:\/\/missesjewellery.com\/wp-content\/uploads\/2022\/11\/missesjewellery-logo.png","contentUrl":"https:\/\/missesjewellery.com\/wp-content\/uploads\/2022\/11\/missesjewellery-logo.png","width":865,"height":584,"caption":"Misses Jewellery"},"image":{"@id":"https:\/\/missesjewellery.com\/#\/schema\/logo\/image\/"}}]}},"_links":{"self":[{"href":"https:\/\/missesjewellery.com\/ro\/wp-json\/wp\/v2\/product\/30495"}],"collection":[{"href":"https:\/\/missesjewellery.com\/ro\/wp-json\/wp\/v2\/product"}],"about":[{"href":"https:\/\/missesjewellery.com\/ro\/wp-json\/wp\/v2\/types\/product"}],"replies":[{"embeddable":true,"href":"https:\/\/missesjewellery.com\/ro\/wp-json\/wp\/v2\/comments?post=30495"}],"wp:featuredmedia":[{"embeddable":true,"href":"https:\/\/missesjewellery.com\/ro\/wp-json\/wp\/v2\/media\/44333"}],"wp:attachment":[{"href":"https:\/\/missesjewellery.com\/ro\/wp-json\/wp\/v2\/media?parent=30495"}],"wp:term":[{"taxonomy":"product_cat","embeddable":true,"href":"https:\/\/missesjewellery.com\/ro\/wp-json\/wp\/v2\/product_cat?post=30495"},{"taxonomy":"product_tag","embeddable":true,"href":"https:\/\/missesjewellery.com\/ro\/wp-json\/wp\/v2\/product_tag?post=30495"}],"curies":[{"name":"wp","href":"https:\/\/api.w.org\/{rel}","templated":true}]}}